{"id":1414,"date":"2026-01-29T13:55:33","date_gmt":"2026-01-29T13:55:33","guid":{"rendered":"https:\/\/theslotrize.com\/app-2\/"},"modified":"2026-01-30T08:12:22","modified_gmt":"2026-01-30T08:12:22","slug":"app","status":"publish","type":"page","link":"https:\/\/theslotrize.com\/de\/app\/","title":{"rendered":"App"},"content":{"rendered":"<h1>Slotrize Mobile App f\u00fcr Android und iOS<\/h1>\n<p>Mit der Slotrize App sind Nutzer nicht mehr durch ihren Standort oder die Zeit eingeschr\u00e4nkt. Sie k\u00f6nnen jederzeit unterwegs spielen. Wir haben eine mobile Software entwickelt, die mit allen modernen Android- und iOS-Ger\u00e4ten kompatibel ist. Alle Funktionen stehen Ihnen auch auf Ihrem Smartphone und Tablet zur Verf\u00fcgung. Die Installation ist einfach und kann \u00fcber unsere Slotrize Casino Website durchgef\u00fchrt werden.<\/p>\n<p><div class=\"banner-wrap\" aria-label=\"Banner\"><img src=\"https:\/\/theslotrize.com\/wp-content\/uploads\/2026\/01\/Desktop-banner-scaled.webp\" class=\"w-100 d-none d-lg-block img-pc main-banner-img\" alt=\"Slotrize desktop banner\" fetchpriority=\"high\" decoding=\"async\"><img src=\"https:\/\/theslotrize.com\/wp-content\/uploads\/2026\/01\/Mobile-banner.webp\" class=\"w-100 d-none d-md-block d-lg-none main-banner-img\" alt=\"Slotrize mobile banner\" fetchpriority=\"high\" decoding=\"async\"><img src=\"https:\/\/theslotrize.com\/wp-content\/uploads\/2026\/01\/Mobile-banner.webp\" class=\"w-100 d-md-none\" alt=\"Slotrize mobile banner\" fetchpriority=\"high\" decoding=\"async\"><div class=\"banner-description\">\n<div class=\"banner-title\">Willkommensboni<\/div>\n<p class=\"banner-header-title\">1500 \u20ac<\/p>\n<div class=\"banner-header-AdditionalText\">+ 250 Freispiele<\/div>\n<button data-item=\"homepage_banner_link\" class=\"goto m-button m-gradient-border m-button--primary m-button--large banner-button btn-orange\">\n            <div class=\"m-button-content\">\n                <span>Jetzt anmelden<\/span>\n                <span><\/span>\n            <\/div>\n        <\/button>\n<\/div>\n<div class=\"WelcomePack\">\n<p><img loading=\"lazy\" decoding=\"async\" class=\"alignnone size-full wp-image-1335\" src=\"https:\/\/theslotrize.com\/wp-content\/uploads\/2026\/01\/welcome-crown.png\" alt=\"welcome crown\" width=\"25\" height=\"26\" \/><\/p>\n<div class=\"WelcomePack-Info\">W\u00f6chentlicher Cashback von bis zu 25 %<\/div>\n<p><img loading=\"lazy\" decoding=\"async\" class=\"alignnone size-full wp-image-1335\" src=\"https:\/\/theslotrize.com\/wp-content\/uploads\/2026\/01\/welcome-crown.png\" alt=\"welcome crown\" width=\"25\" height=\"26\" \/><\/p>\n<\/div>\n<\/div><div class=\"scrollable-content-wrap my-5\"><div class=\"scrollable-content-inner\"><h2>Anwendung f\u00fcr iPhones und iPads<\/h2>\n<p>Wenn Sie ein iOS-Ger\u00e4t besitzen, er\u00f6ffnet Ihnen dies viele M\u00f6glichkeiten, \u00fcberall online zu bleiben. Sie haben zwei M\u00f6glichkeiten, unsere Plattform zu nutzen: eine mobile Browserversion oder eine spezielle App. Beide funktionieren reibungslos auf Ihrem Ger\u00e4t. Wir schr\u00e4nken Sie nicht ein, sodass Sie w\u00e4hlen k\u00f6nnen, was Ihnen besser gef\u00e4llt, oder sogar beides nutzen k\u00f6nnen.<\/p>\n<p>Die mobile Version von Slotrize Casino unterliegt keinen Einschr\u00e4nkungen. Das bedeutet, dass alle Spiele, Boni und Zahlungsoptionen unabh\u00e4ngig vom verwendeten Ger\u00e4t verf\u00fcgbar sind. Nach der Anmeldung auf einem neuen Ger\u00e4t werden alle Ihre Einstellungen, Erfolge und Ihr Guthaben synchronisiert.<\/p>\n<p>Die Nutzung der mobilen Website ist ganz einfach. Sie m\u00fcssen lediglich Slot Rize in Ihrem bevorzugten Browser aufrufen. Das Design und die Navigation werden Ihnen bereits vertraut sein. Um die Slotrize App zu nutzen, m\u00fcssen Sie den Installationsvorgang abschlie\u00dfen, indem Sie auf die Schaltfl\u00e4che \u201eCasino-App\u201c in der Fu\u00dfzeile der Website klicken.<\/p>\n<p><img loading=\"lazy\" decoding=\"async\" src=\"https:\/\/theslotrize.com\/wp-content\/uploads\/2026\/01\/Slotrize-iOS.webp\" alt=\"Slotrize iOS\" width=\"1248\" height=\"536\" \/><\/p>\n<\/div><\/div><div style=\"clear: both\"><\/div><div class=\"d-flex justify-content-center\"><button data-item=\"decouvrez_link\" data-group=\"website_links\" class=\"goto fw-bold rounded-pill btn btn-orange\" aria-label=\"Laden Sie die Slotrize-App herunter\" >Laden Sie die Slotrize-App herunter<\/button><\/div><div class=\"scrollable-content-wrap my-5\"><div class=\"scrollable-content-inner\"><h2>Slotrize f\u00fcr macOS oder Windows<\/h2>\n<p>Es ist \u00fcberhaupt kein Problem, wenn Sie Online-Slots, Tischspiele, Live-Dealer-Titel und vieles mehr auf Ihrem PC spielen m\u00f6chten. Alle Titel aus unserer riesigen Spielesammlung passen sich an die Bildschirmgr\u00f6\u00dfe Ihres Computers an. Slotrize ist f\u00fcr macOS und Windows verf\u00fcgbar. Alle g\u00e4ngigen Browser unterst\u00fctzen unsere Plattform, darunter Google Chrome und Safari.<\/p>\n<p>Als lizenziertes Online-Casino befolgen wir alle strengen Sicherheitsprotokolle der Branche. Ihre pers\u00f6nlichen Daten und Transaktionen werden mit innovativer 1.3 TLS-Verschl\u00fcsselung gesch\u00fctzt. Dar\u00fcber hinaus verwenden wir CAPTCHA- und Anti-Bot-Systeme, um Ihr Profil zu sch\u00fctzen, unabh\u00e4ngig davon, welches Ger\u00e4t Sie verwenden.<\/p>\n<h3>So installieren Sie die App auf Ihrem PC<\/h3>\n<p>Um ein personalisierteres Spielerlebnis auf Ihrem PC oder Laptop zu genie\u00dfen, k\u00f6nnen Sie die Slotrize App installieren und mit einem Klick darauf zugreifen. Das bedeutet, dass Sie nicht zum Browser gehen und nach der gew\u00fcnschten Website suchen m\u00fcssen.<\/p>\n<p>Die Installation kann in jedem Browser auf jedem Ger\u00e4t durchgef\u00fchrt werden. Befolgen Sie unsere Anweisungen unten, um dies schnell und stressfrei zu erledigen:<\/p>\n<ol>\n<li>Besuchen Sie Slot Rize Casino in Ihrem bevorzugten Browser.<\/li>\n<li>Klicken Sie auf die Schaltfl\u00e4che mit den drei Punkten in der Adressleiste (bei Chrome) oder auf die Schaltfl\u00e4che \u201eTeilen\u201c (bei Safari).<\/li>\n<li>W\u00e4hlen Sie aus den verf\u00fcgbaren Optionen \u201eZum Startbildschirm hinzuf\u00fcgen\u201c.<\/li>\n<li>Passen Sie bei Bedarf den Namen und das Aussehen des Symbols an.<\/li>\n<li>Nach dem Absenden der \u00c4nderungen wird das Marken-Symbol sofort auf Ihrem Startbildschirm angezeigt.<\/li>\n<\/ol>\n<p><img loading=\"lazy\" decoding=\"async\" src=\"https:\/\/theslotrize.com\/wp-content\/uploads\/2026\/01\/Slotrize-Desktop.webp\" alt=\"Slotrize Desktop\" width=\"1248\" height=\"536\" \/><\/p>\n<\/div><\/div><div style=\"clear: both\"><\/div><div class=\"d-flex justify-content-center\"><button data-item=\"decouvrez_link\" data-group=\"website_links\" class=\"goto fw-bold rounded-pill btn btn-orange\" aria-label=\"Slotrize herunterladen\" >Slotrize herunterladen<\/button><\/div><div class=\"scrollable-content-wrap my-5\"><div class=\"scrollable-content-inner\"><h2>Mobile App f\u00fcr Android-Ger\u00e4te<\/h2>\n<p>Android-Nutzer kommen ebenfalls nicht zu kurz, wenn sie unser mobiles Casino auf ihrem Smartphone oder Tablet ausprobieren m\u00f6chten. Sie erhalten dieselben M\u00f6glichkeiten wie alle anderen Kunden. In der mobilen Browserversion k\u00f6nnen Sie dieselben Funktionen nutzen. Wenn Sie neu auf der Slotrize-Plattform sind, registrieren Sie sich einfach \u00fcber Ihr Mobilger\u00e4t. Bevor Sie Ihre erste Auszahlung vornehmen, bitten wir Sie, den Verifizierungsprozess abzuschlie\u00dfen.<\/p>\n<p>Au\u00dferdem k\u00f6nnen Android-Spieler die Slotrize App kostenlos ausprobieren. Sie wurde entsprechend den Touch-Control-Funktionen entwickelt. Das bedeutet beispielsweise, dass die Schaltfl\u00e4chen so platziert sind, dass sie sich auf einem kleinen Bildschirm nicht gegenseitig st\u00f6ren und eine bequeme Navigation erm\u00f6glichen. Wir haben auch Wisch- und Scroll-Funktionen verwendet, damit Sie nichts von Ihrem Erlebnis verlieren.<\/p>\n<h3>So laden Sie Slotrize Casino herunter<\/h3>\n<p>Die Installation der Slotrize App kann innerhalb von 3 Minuten abgeschlossen werden. Wir haben den Vorgang so gestaltet, dass er einfach und schnell ist. Sie ben\u00f6tigen lediglich Ihr Mobilger\u00e4t und eine stabile Internetverbindung. Die folgende Tabelle zeigt den schrittweisen Ablauf.<\/p>\n<table>\n<tbody>\n<tr>\n<td>Schritt<\/td>\n<td>Details<\/td>\n<\/tr>\n<tr>\n<td>Gehen Sie auf unsere Website<\/td>\n<td>Benutzer k\u00f6nnen den Installationsvorgang in jedem beliebigen Browser durchf\u00fchren<\/td>\n<\/tr>\n<tr>\n<td>Klicken Sie auf die Schaltfl\u00e4che \u201eMehr\u201c<\/td>\n<td>Sie befindet sich in der Adressleiste und hat die Form von drei vertikalen Punkten<\/td>\n<\/tr>\n<tr>\n<td>W\u00e4hlen Sie \u201eZum Startbildschirm hinzuf\u00fcgen\u201d<\/td>\n<td>Suchen Sie in der Liste die gew\u00fcnschte Option<\/td>\n<\/tr>\n<tr>\n<td>Passen Sie das zuk\u00fcnftige Symbol an<\/td>\n<td>Spieler haben die M\u00f6glichkeit, den Namen und das Aussehen des Slotrize-Symbols zu \u00e4ndern<\/td>\n<\/tr>\n<tr>\n<td>Klicken Sie auf \u201eHinzuf\u00fcgen\u201c, um ein Symbol zu erstellen<\/td>\n<td>Dieser Schritt best\u00e4tigt alle vorherigen Aktionen. In wenigen Sekunden erscheint das Symbol auf Ihrem Startbildschirm.<\/td>\n<\/tr>\n<\/tbody>\n<\/table>\n<p><img loading=\"lazy\" decoding=\"async\" src=\"https:\/\/theslotrize.com\/wp-content\/uploads\/2026\/01\/Slotrize-Android.webp\" alt=\"Slotrize Android\" width=\"1248\" height=\"536\" \/><\/p>\n<\/div><\/div><div style=\"clear: both\"><\/div><div class=\"d-flex justify-content-center\"><button data-item=\"decouvrez_link\" data-group=\"website_links\" class=\"goto fw-bold rounded-pill btn btn-orange\" aria-label=\"Laden Sie die Slotrize-App herunter\" >Laden Sie die Slotrize-App herunter<\/button><\/div><\/p>\n<h2>Warum Sie sich f\u00fcr die Slot Rize Anwendung entscheiden sollten<\/h2>\n<p>Die Wahl der Slot Rize App ist eine kluge Entscheidung f\u00fcr Spieler, die Wert auf Komfort, Leistung und sicheren Zugriff auf unser Online-Casino auf einem mobilen Ger\u00e4t legen. Die Software ist als progressive Web-App (PWA) aufgebaut. Sie bietet ein gro\u00dfartiges Erlebnis, ohne Speicherplatz zu beanspruchen oder h\u00e4ufige Updates zu erfordern.<\/p>\n<p>Die Benutzeroberfl\u00e4che ist schnell und reaktionsschnell, sodass Titel auch bei langsameren Verbindungen schnell geladen werden k\u00f6nnen. Die intuitive Navigation macht es einfach, alle Arten von Spielen und laufenden Aktionen zu entdecken. Wenn Sie bei der Nutzung des mobilen Casinos auf Probleme sto\u00dfen oder Fragen haben, steht Ihnen unser Kundensupport-Team per Live-Chat oder E-Mail schnell und professionell zur Verf\u00fcgung.<\/p>\n<div class=\"scrollable-content-wrap my-5\"><div class=\"scrollable-content-inner\"><h2>H\u00e4ufig gestellte Fragen<\/h2>\n<h3>Werden die Updates f\u00fcr die Slot Rize Casino Mobile App automatisch durchgef\u00fchrt?<\/h3>\n<p>Da es sich um eine progressive App handelt, wird sie immer automatisch aktualisiert. Es sind keine zus\u00e4tzlichen Ma\u00dfnahmen Ihrerseits erforderlich. Slotrize Casino informiert die Kunden \u00fcber alle \u00c4nderungen per Push-Benachrichtigungen und E-Mails.<\/p>\n<h3>Funktioniert die Android-App auf Tablets?<\/h3>\n<p>Die mobile Software ist auf allen Android-Ger\u00e4ten verf\u00fcgbar, einschlie\u00dflich Smartphones und Tablets. Die App passt sich an die Gr\u00f6\u00dfe und Aufl\u00f6sung Ihres Bildschirms an und bietet ein gro\u00dfartiges Spielerlebnis.<\/p>\n<h3>Sind Live-Dealer-Spiele f\u00fcr das mobile Spielen verf\u00fcgbar?<\/h3>\n<p>Die gesamte Spielesammlung mit \u00fcber 6.000 Titeln ist auf Mobilger\u00e4ten verf\u00fcgbar, einschlie\u00dflich Live-Casinospielen. Sie sind alle mit Touch-Control-Funktionalit\u00e4t ausgestattet, sodass Sie sch\u00f6ne Grafiken und eine bequeme Navigation genie\u00dfen k\u00f6nnen.<\/p>\n<\/div><\/div>\n","protected":false},"excerpt":{"rendered":"<p>Slotrize Mobile App f\u00fcr Android und iOS Mit der Slotrize App sind Nutzer nicht mehr durch ihren Standort oder die Zeit eingeschr\u00e4nkt. Sie k\u00f6nnen jederzeit unterwegs spielen. Wir haben eine mobile Software entwickelt, die mit allen modernen Android- und iOS-Ger\u00e4ten kompatibel ist. Alle Funktionen stehen Ihnen auch auf Ihrem Smartphone und Tablet zur Verf\u00fcgung. Die [&hellip;]<\/p>\n","protected":false},"author":9,"featured_media":0,"parent":0,"menu_order":0,"comment_status":"closed","ping_status":"closed","template":"template-builder.php","meta":{"_acf_changed":false,"inline_featured_image":false,"footnotes":""},"class_list":["post-1414","page","type-page","status-publish","hentry"],"acf":[],"yoast_head":"<!-- This site is optimized with the Yoast SEO plugin v24.4 - https:\/\/yoast.com\/wordpress\/plugins\/seo\/ -->\n<title>Slotrize App | Mobiles Casino f\u00fcr Android und iOS<\/title>\n<meta name=\"description\" content=\"Mit der offiziellen Slot Rize App haben Sie Ihre gesamte Spielebibliothek immer dabei. Spieler profitieren von spannendem Gameplay, regelm\u00e4\u00dfigen Updates und sicherem Zugriff auf allen unterst\u00fctzten Ger\u00e4ten.\" \/>\n<meta name=\"robots\" content=\"index, follow, max-snippet:-1, max-image-preview:large, max-video-preview:-1\" \/>\n<link rel=\"canonical\" href=\"https:\/\/theslotrize.com\/de\/app\/\" \/>\n<meta property=\"og:locale\" content=\"de_DE\" \/>\n<meta property=\"og:type\" content=\"article\" \/>\n<meta property=\"og:title\" content=\"Slotrize App | Mobiles Casino f\u00fcr Android und iOS\" \/>\n<meta property=\"og:description\" content=\"Mit der offiziellen Slot Rize App haben Sie Ihre gesamte Spielebibliothek immer dabei. Spieler profitieren von spannendem Gameplay, regelm\u00e4\u00dfigen Updates und sicherem Zugriff auf allen unterst\u00fctzten Ger\u00e4ten.\" \/>\n<meta property=\"og:url\" content=\"https:\/\/theslotrize.com\/de\/app\/\" \/>\n<meta property=\"og:site_name\" content=\"slotrize\" \/>\n<meta property=\"article:modified_time\" content=\"2026-01-30T08:12:22+00:00\" \/>\n<meta name=\"twitter:card\" content=\"summary_large_image\" \/>\n<meta name=\"twitter:label1\" content=\"Gesch\u00e4tzte Lesezeit\" \/>\n\t<meta name=\"twitter:data1\" content=\"1\u00a0Minute\" \/>\n<script type=\"application\/ld+json\" class=\"yoast-schema-graph\">{\"@context\":\"https:\/\/schema.org\",\"@graph\":[{\"@type\":\"WebPage\",\"@id\":\"https:\/\/theslotrize.com\/de\/app\/\",\"url\":\"https:\/\/theslotrize.com\/de\/app\/\",\"name\":\"Slotrize App | Mobiles Casino f\u00fcr Android und iOS\",\"isPartOf\":{\"@id\":\"https:\/\/theslotrize.com\/de\/#website\"},\"datePublished\":\"2026-01-29T13:55:33+00:00\",\"dateModified\":\"2026-01-30T08:12:22+00:00\",\"description\":\"Mit der offiziellen Slot Rize App haben Sie Ihre gesamte Spielebibliothek immer dabei. Spieler profitieren von spannendem Gameplay, regelm\u00e4\u00dfigen Updates und sicherem Zugriff auf allen unterst\u00fctzten Ger\u00e4ten.\",\"breadcrumb\":{\"@id\":\"https:\/\/theslotrize.com\/de\/app\/#breadcrumb\"},\"inLanguage\":\"de\",\"potentialAction\":[{\"@type\":\"ReadAction\",\"target\":[\"https:\/\/theslotrize.com\/de\/app\/\"]}]},{\"@type\":\"BreadcrumbList\",\"@id\":\"https:\/\/theslotrize.com\/de\/app\/#breadcrumb\",\"itemListElement\":[{\"@type\":\"ListItem\",\"position\":1,\"name\":\"Slotrize\",\"item\":\"https:\/\/theslotrize.com\/de\/\"},{\"@type\":\"ListItem\",\"position\":2,\"name\":\"App\"}]},{\"@type\":\"WebSite\",\"@id\":\"https:\/\/theslotrize.com\/de\/#website\",\"url\":\"https:\/\/theslotrize.com\/de\/\",\"name\":\"Slotrize\",\"description\":\"\",\"publisher\":{\"@id\":\"https:\/\/theslotrize.com\/de\/#organization\"},\"potentialAction\":[{\"@type\":\"SearchAction\",\"target\":{\"@type\":\"EntryPoint\",\"urlTemplate\":\"https:\/\/theslotrize.com\/de\/?s={search_term_string}\"},\"query-input\":{\"@type\":\"PropertyValueSpecification\",\"valueRequired\":true,\"valueName\":\"search_term_string\"}}],\"inLanguage\":\"de\"},{\"@type\":\"Organization\",\"@id\":\"https:\/\/theslotrize.com\/de\/#organization\",\"name\":\"Slotrize\",\"url\":\"https:\/\/theslotrize.com\/de\/\",\"logo\":{\"@type\":\"ImageObject\",\"inLanguage\":\"de\",\"@id\":\"https:\/\/theslotrize.com\/de\/#\/schema\/logo\/image\/\",\"url\":\"https:\/\/theslotrize.com\/wp-content\/uploads\/2026\/01\/Slotrize-logo.png\",\"contentUrl\":\"https:\/\/theslotrize.com\/wp-content\/uploads\/2026\/01\/Slotrize-logo.png\",\"width\":54,\"height\":27,\"caption\":\"Slotrize\"},\"image\":{\"@id\":\"https:\/\/theslotrize.com\/de\/#\/schema\/logo\/image\/\"}}]}<\/script>\n<!-- \/ Yoast SEO plugin. -->","yoast_head_json":{"title":"Slotrize App | Mobiles Casino f\u00fcr Android und iOS","description":"Mit der offiziellen Slot Rize App haben Sie Ihre gesamte Spielebibliothek immer dabei. Spieler profitieren von spannendem Gameplay, regelm\u00e4\u00dfigen Updates und sicherem Zugriff auf allen unterst\u00fctzten Ger\u00e4ten.","robots":{"index":"index","follow":"follow","max-snippet":"max-snippet:-1","max-image-preview":"max-image-preview:large","max-video-preview":"max-video-preview:-1"},"canonical":"https:\/\/theslotrize.com\/de\/app\/","og_locale":"de_DE","og_type":"article","og_title":"Slotrize App | Mobiles Casino f\u00fcr Android und iOS","og_description":"Mit der offiziellen Slot Rize App haben Sie Ihre gesamte Spielebibliothek immer dabei. Spieler profitieren von spannendem Gameplay, regelm\u00e4\u00dfigen Updates und sicherem Zugriff auf allen unterst\u00fctzten Ger\u00e4ten.","og_url":"https:\/\/theslotrize.com\/de\/app\/","og_site_name":"slotrize","article_modified_time":"2026-01-30T08:12:22+00:00","twitter_card":"summary_large_image","twitter_misc":{"Gesch\u00e4tzte Lesezeit":"1\u00a0Minute"},"schema":{"@context":"https:\/\/schema.org","@graph":[{"@type":"WebPage","@id":"https:\/\/theslotrize.com\/de\/app\/","url":"https:\/\/theslotrize.com\/de\/app\/","name":"Slotrize App | Mobiles Casino f\u00fcr Android und iOS","isPartOf":{"@id":"https:\/\/theslotrize.com\/de\/#website"},"datePublished":"2026-01-29T13:55:33+00:00","dateModified":"2026-01-30T08:12:22+00:00","description":"Mit der offiziellen Slot Rize App haben Sie Ihre gesamte Spielebibliothek immer dabei. Spieler profitieren von spannendem Gameplay, regelm\u00e4\u00dfigen Updates und sicherem Zugriff auf allen unterst\u00fctzten Ger\u00e4ten.","breadcrumb":{"@id":"https:\/\/theslotrize.com\/de\/app\/#breadcrumb"},"inLanguage":"de","potentialAction":[{"@type":"ReadAction","target":["https:\/\/theslotrize.com\/de\/app\/"]}]},{"@type":"BreadcrumbList","@id":"https:\/\/theslotrize.com\/de\/app\/#breadcrumb","itemListElement":[{"@type":"ListItem","position":1,"name":"Slotrize","item":"https:\/\/theslotrize.com\/de\/"},{"@type":"ListItem","position":2,"name":"App"}]},{"@type":"WebSite","@id":"https:\/\/theslotrize.com\/de\/#website","url":"https:\/\/theslotrize.com\/de\/","name":"Slotrize","description":"","publisher":{"@id":"https:\/\/theslotrize.com\/de\/#organization"},"potentialAction":[{"@type":"SearchAction","target":{"@type":"EntryPoint","urlTemplate":"https:\/\/theslotrize.com\/de\/?s={search_term_string}"},"query-input":{"@type":"PropertyValueSpecification","valueRequired":true,"valueName":"search_term_string"}}],"inLanguage":"de"},{"@type":"Organization","@id":"https:\/\/theslotrize.com\/de\/#organization","name":"Slotrize","url":"https:\/\/theslotrize.com\/de\/","logo":{"@type":"ImageObject","inLanguage":"de","@id":"https:\/\/theslotrize.com\/de\/#\/schema\/logo\/image\/","url":"https:\/\/theslotrize.com\/wp-content\/uploads\/2026\/01\/Slotrize-logo.png","contentUrl":"https:\/\/theslotrize.com\/wp-content\/uploads\/2026\/01\/Slotrize-logo.png","width":54,"height":27,"caption":"Slotrize"},"image":{"@id":"https:\/\/theslotrize.com\/de\/#\/schema\/logo\/image\/"}}]}},"_links":{"self":[{"href":"https:\/\/theslotrize.com\/de\/wp-json\/wp\/v2\/pages\/1414"}],"collection":[{"href":"https:\/\/theslotrize.com\/de\/wp-json\/wp\/v2\/pages"}],"about":[{"href":"https:\/\/theslotrize.com\/de\/wp-json\/wp\/v2\/types\/page"}],"author":[{"embeddable":true,"href":"https:\/\/theslotrize.com\/de\/wp-json\/wp\/v2\/users\/9"}],"replies":[{"embeddable":true,"href":"https:\/\/theslotrize.com\/de\/wp-json\/wp\/v2\/comments?post=1414"}],"version-history":[{"count":2,"href":"https:\/\/theslotrize.com\/de\/wp-json\/wp\/v2\/pages\/1414\/revisions"}],"predecessor-version":[{"id":1590,"href":"https:\/\/theslotrize.com\/de\/wp-json\/wp\/v2\/pages\/1414\/revisions\/1590"}],"wp:attachment":[{"href":"https:\/\/theslotrize.com\/de\/wp-json\/wp\/v2\/media?parent=1414"}],"curies":[{"name":"wp","href":"https:\/\/api.w.org\/{rel}","templated":true}]}}