{"id":1426,"date":"2026-01-29T14:06:36","date_gmt":"2026-01-29T14:06:36","guid":{"rendered":"https:\/\/theslotrize.com\/bonus\/"},"modified":"2026-01-30T08:17:21","modified_gmt":"2026-01-30T08:17:21","slug":"aktionen","status":"publish","type":"page","link":"https:\/\/theslotrize.com\/de\/aktionen\/","title":{"rendered":"Aktionen"},"content":{"rendered":"<h1>Slotrize Aktionen und Boni<\/h1>\n<p>Wir m\u00f6chten die Reise unserer Kunden noch spannender und profitabler gestalten. Aus diesem Grund haben wir die Slotrize Bonus Kollektion mit vielen Optionen f\u00fcr neue und regelm\u00e4\u00dfige Spieler erstellt. Alle neuen Spieler erhalten ein gro\u00dfz\u00fcgiges Willkommenspaket, das Freispiele und Bonusgeld enth\u00e4lt. Regelm\u00e4\u00dfige Nutzer k\u00f6nnen vom w\u00f6chentlichen Cashback, Sunday Reload, Rakeback und vielen anderen coolen Optionen profitieren.<\/p>\n<p><div class=\"banner-wrap\" aria-label=\"Banner\"><img src=\"https:\/\/theslotrize.com\/wp-content\/uploads\/2026\/01\/Desktop-banner-scaled.webp\" class=\"w-100 d-none d-lg-block img-pc main-banner-img\" alt=\"Slotrize desktop banner\" fetchpriority=\"high\" decoding=\"async\"><img src=\"https:\/\/theslotrize.com\/wp-content\/uploads\/2026\/01\/Mobile-banner.webp\" class=\"w-100 d-none d-md-block d-lg-none main-banner-img\" alt=\"Slotrize mobile banner\" fetchpriority=\"high\" decoding=\"async\"><img src=\"https:\/\/theslotrize.com\/wp-content\/uploads\/2026\/01\/Mobile-banner.webp\" class=\"w-100 d-md-none\" alt=\"Slotrize mobile banner\" fetchpriority=\"high\" decoding=\"async\"><div class=\"banner-description\">\n<div class=\"banner-title\">Willkommensboni<\/div>\n<p class=\"banner-header-title\">1500 \u20ac<\/p>\n<div class=\"banner-header-AdditionalText\">+ 250 Freispiele<\/div>\n<button data-item=\"homepage_banner_link\" class=\"goto m-button m-gradient-border m-button--primary m-button--large banner-button btn-orange\">\n            <div class=\"m-button-content\">\n                <span>Jetzt anmelden<\/span>\n                <span><\/span>\n            <\/div>\n        <\/button>\n<\/div>\n<div class=\"WelcomePack\">\n<p><img loading=\"lazy\" decoding=\"async\" class=\"alignnone size-full wp-image-1335\" src=\"https:\/\/theslotrize.com\/wp-content\/uploads\/2026\/01\/welcome-crown.png\" alt=\"welcome crown\" width=\"25\" height=\"26\" \/><\/p>\n<div class=\"WelcomePack-Info\">W\u00f6chentlicher Cashback von bis zu 25 %<\/div>\n<p><img loading=\"lazy\" decoding=\"async\" class=\"alignnone size-full wp-image-1335\" src=\"https:\/\/theslotrize.com\/wp-content\/uploads\/2026\/01\/welcome-crown.png\" alt=\"welcome crown\" width=\"25\" height=\"26\" \/><\/p>\n<\/div>\n<\/div><div class=\"promotions-wrap\"><div class=\"promotion-card\" style=\"background-image: url(https:\/\/theslotrize.com\/wp-content\/uploads\/2026\/01\/First-deposit.webp);\"><h2 class=\"promotion-card__title\">Ersteinzahlungsangebot<\/h2><label class=\"promotion-card__offer\">100 % bis zu 500 \u20ac + 150 Freispiele<\/label><label class=\"promotion-card__description\"><\/label><div class=\"promotion-card__actions\"><button data-item=\"payments_link\" data-group=\"website_links\" class=\"goto btn btn-orange rounded-pill fw-bold px-4 m-button m-gradient-border m-button--primary m-button--large promotion-button promotion-card__action-btn\" aria-label=\"Anmelden\"><div class=\"m-button-content\"><span class=\"promotion-button__content\">Anmelden<\/span><\/div><\/button><button data-item=\"http:\/\/bonus_link\" data-group=\"website_links\" class=\"goto m-button m-gradient-border m-button--secondary m-button--medium promotion-card__info-btn\" aria-label=\"More information\"><div class=\"m-button-content\"><svg viewBox=\"0 0 24 24\" fill=\"none\" xmlns=\"http:\/\/www.w3.org\/2000\/svg\" class=\"m-icon m-icon-loadable\" name=\"Attention\" loading=\"false\" aria-hidden=\"true\"><path d=\"M12 22C6.477 22 2 17.522 2 12S6.477 2 12 2s10 4.478 10 10-4.477 10-10 10m-.002-13.004a.999.999 0 1 0 0-1.997.999.999 0 0 0 0 1.997M12 17a1 1 0 0 0 .993-.884L13 16l-.002-5.001-.007-.117a1 1 0 0 0-1.986 0l-.007.117L11 16l.007.117A1 1 0 0 0 12 17\" fill=\"currentColor\"><\/path><\/svg><\/div><\/button><\/div><\/div><div class=\"promotion-card\" style=\"background-image: url(https:\/\/theslotrize.com\/wp-content\/uploads\/2026\/01\/Second-deposit.webp);\"><h2 class=\"promotion-card__title\">Zweites Einzahlungsangebot<\/h2><label class=\"promotion-card__offer\">55 % bis zu 500 \u20ac + 100 Freispiele<\/label><label class=\"promotion-card__description\"><\/label><div class=\"promotion-card__actions\"><button data-item=\"payments_link\" data-group=\"website_links\" class=\"goto btn btn-orange rounded-pill fw-bold px-4 m-button m-gradient-border m-button--primary m-button--large promotion-button promotion-card__action-btn\" aria-label=\"Anmelden\"><div class=\"m-button-content\"><span class=\"promotion-button__content\">Anmelden<\/span><\/div><\/button><button data-item=\"http:\/\/bonus_link\" data-group=\"website_links\" class=\"goto m-button m-gradient-border m-button--secondary m-button--medium promotion-card__info-btn\" aria-label=\"More information\"><div class=\"m-button-content\"><svg viewBox=\"0 0 24 24\" fill=\"none\" xmlns=\"http:\/\/www.w3.org\/2000\/svg\" class=\"m-icon m-icon-loadable\" name=\"Attention\" loading=\"false\" aria-hidden=\"true\"><path d=\"M12 22C6.477 22 2 17.522 2 12S6.477 2 12 2s10 4.478 10 10-4.477 10-10 10m-.002-13.004a.999.999 0 1 0 0-1.997.999.999 0 0 0 0 1.997M12 17a1 1 0 0 0 .993-.884L13 16l-.002-5.001-.007-.117a1 1 0 0 0-1.986 0l-.007.117L11 16l.007.117A1 1 0 0 0 12 17\" fill=\"currentColor\"><\/path><\/svg><\/div><\/button><\/div><\/div><div class=\"promotion-card\" style=\"background-image: url(https:\/\/theslotrize.com\/wp-content\/uploads\/2026\/01\/Third-deposit.webp);\"><h2 class=\"promotion-card__title\">Drittes Einzahlungsangebot<\/h2><label class=\"promotion-card__offer\">100 % bis zu 500 \u20ac<\/label><label class=\"promotion-card__description\"><\/label><div class=\"promotion-card__actions\"><button data-item=\"payments_link\" data-group=\"website_links\" class=\"goto btn btn-orange rounded-pill fw-bold px-4 m-button m-gradient-border m-button--primary m-button--large promotion-button promotion-card__action-btn\" aria-label=\"Anmelden\"><div class=\"m-button-content\"><span class=\"promotion-button__content\">Anmelden<\/span><\/div><\/button><button data-item=\"http:\/\/bonus_link\" data-group=\"website_links\" class=\"goto m-button m-gradient-border m-button--secondary m-button--medium promotion-card__info-btn\" aria-label=\"More information\"><div class=\"m-button-content\"><svg viewBox=\"0 0 24 24\" fill=\"none\" xmlns=\"http:\/\/www.w3.org\/2000\/svg\" class=\"m-icon m-icon-loadable\" name=\"Attention\" loading=\"false\" aria-hidden=\"true\"><path d=\"M12 22C6.477 22 2 17.522 2 12S6.477 2 12 2s10 4.478 10 10-4.477 10-10 10m-.002-13.004a.999.999 0 1 0 0-1.997.999.999 0 0 0 0 1.997M12 17a1 1 0 0 0 .993-.884L13 16l-.002-5.001-.007-.117a1 1 0 0 0-1.986 0l-.007.117L11 16l.007.117A1 1 0 0 0 12 17\" fill=\"currentColor\"><\/path><\/svg><\/div><\/button><\/div><\/div><div class=\"promotion-card\" style=\"background-image: url(https:\/\/theslotrize.com\/wp-content\/uploads\/2026\/01\/Cashback.webp);\"><h2 class=\"promotion-card__title\">W\u00f6chentlicher Cashback<\/h2><label class=\"promotion-card__offer\">bis zu 25 %<\/label><label class=\"promotion-card__description\"><\/label><div class=\"promotion-card__actions\"><button data-item=\"payments_link\" data-group=\"website_links\" class=\"goto btn btn-orange rounded-pill fw-bold px-4 m-button m-gradient-border m-button--primary m-button--large promotion-button promotion-card__action-btn\" aria-label=\"Anmelden\"><div class=\"m-button-content\"><span class=\"promotion-button__content\">Anmelden<\/span><\/div><\/button><button data-item=\"http:\/\/bonus_link\" data-group=\"website_links\" class=\"goto m-button m-gradient-border m-button--secondary m-button--medium promotion-card__info-btn\" aria-label=\"More information\"><div class=\"m-button-content\"><svg viewBox=\"0 0 24 24\" fill=\"none\" xmlns=\"http:\/\/www.w3.org\/2000\/svg\" class=\"m-icon m-icon-loadable\" name=\"Attention\" loading=\"false\" aria-hidden=\"true\"><path d=\"M12 22C6.477 22 2 17.522 2 12S6.477 2 12 2s10 4.478 10 10-4.477 10-10 10m-.002-13.004a.999.999 0 1 0 0-1.997.999.999 0 0 0 0 1.997M12 17a1 1 0 0 0 .993-.884L13 16l-.002-5.001-.007-.117a1 1 0 0 0-1.986 0l-.007.117L11 16l.007.117A1 1 0 0 0 12 17\" fill=\"currentColor\"><\/path><\/svg><\/div><\/button><\/div><\/div><div class=\"promotion-card\" style=\"background-image: url(https:\/\/theslotrize.com\/wp-content\/uploads\/2026\/01\/Sunday-reload.webp);\"><h2 class=\"promotion-card__title\">Sonntag-Reload<\/h2><label class=\"promotion-card__offer\">25 % bis zu 100 \u20ac<\/label><label class=\"promotion-card__description\"><\/label><div class=\"promotion-card__actions\"><button data-item=\"payments_link\" data-group=\"website_links\" class=\"goto btn btn-orange rounded-pill fw-bold px-4 m-button m-gradient-border m-button--primary m-button--large promotion-button promotion-card__action-btn\" aria-label=\"Anmelden\"><div class=\"m-button-content\"><span class=\"promotion-button__content\">Anmelden<\/span><\/div><\/button><button data-item=\"http:\/\/bonus_link\" data-group=\"website_links\" class=\"goto m-button m-gradient-border m-button--secondary m-button--medium promotion-card__info-btn\" aria-label=\"More information\"><div class=\"m-button-content\"><svg viewBox=\"0 0 24 24\" fill=\"none\" xmlns=\"http:\/\/www.w3.org\/2000\/svg\" class=\"m-icon m-icon-loadable\" name=\"Attention\" loading=\"false\" aria-hidden=\"true\"><path d=\"M12 22C6.477 22 2 17.522 2 12S6.477 2 12 2s10 4.478 10 10-4.477 10-10 10m-.002-13.004a.999.999 0 1 0 0-1.997.999.999 0 0 0 0 1.997M12 17a1 1 0 0 0 .993-.884L13 16l-.002-5.001-.007-.117a1 1 0 0 0-1.986 0l-.007.117L11 16l.007.117A1 1 0 0 0 12 17\" fill=\"currentColor\"><\/path><\/svg><\/div><\/button><\/div><\/div><div class=\"promotion-card\" style=\"background-image: url(https:\/\/theslotrize.com\/wp-content\/uploads\/2026\/01\/Rakeback.webp);\"><h2 class=\"promotion-card__title\">Rakeback<\/h2><label class=\"promotion-card__offer\">bis zu 17 %<\/label><label class=\"promotion-card__description\"><\/label><div class=\"promotion-card__actions\"><button data-item=\"payments_link\" data-group=\"website_links\" class=\"goto btn btn-orange rounded-pill fw-bold px-4 m-button m-gradient-border m-button--primary m-button--large promotion-button promotion-card__action-btn\" aria-label=\"Anmelden\"><div class=\"m-button-content\"><span class=\"promotion-button__content\">Anmelden<\/span><\/div><\/button><button data-item=\"http:\/\/bonus_link\" data-group=\"website_links\" class=\"goto m-button m-gradient-border m-button--secondary m-button--medium promotion-card__info-btn\" aria-label=\"More information\"><div class=\"m-button-content\"><svg viewBox=\"0 0 24 24\" fill=\"none\" xmlns=\"http:\/\/www.w3.org\/2000\/svg\" class=\"m-icon m-icon-loadable\" name=\"Attention\" loading=\"false\" aria-hidden=\"true\"><path d=\"M12 22C6.477 22 2 17.522 2 12S6.477 2 12 2s10 4.478 10 10-4.477 10-10 10m-.002-13.004a.999.999 0 1 0 0-1.997.999.999 0 0 0 0 1.997M12 17a1 1 0 0 0 .993-.884L13 16l-.002-5.001-.007-.117a1 1 0 0 0-1.986 0l-.007.117L11 16l.007.117A1 1 0 0 0 12 17\" fill=\"currentColor\"><\/path><\/svg><\/div><\/button><\/div><\/div><div class=\"promotion-card\" style=\"background-image: url(https:\/\/theslotrize.com\/wp-content\/uploads\/2026\/01\/Highroller.webp);\"><h2 class=\"promotion-card__title\">Highroller-Bonus<\/h2><label class=\"promotion-card__offer\">50 % bis zu 500 \u20ac<\/label><label class=\"promotion-card__description\"><\/label><div class=\"promotion-card__actions\"><button data-item=\"payments_link\" data-group=\"website_links\" class=\"goto btn btn-orange rounded-pill fw-bold px-4 m-button m-gradient-border m-button--primary m-button--large promotion-button promotion-card__action-btn\" aria-label=\"Anmelden\"><div class=\"m-button-content\"><span class=\"promotion-button__content\">Anmelden<\/span><\/div><\/button><button data-item=\"http:\/\/bonus_link\" data-group=\"website_links\" class=\"goto m-button m-gradient-border m-button--secondary m-button--medium promotion-card__info-btn\" aria-label=\"More information\"><div class=\"m-button-content\"><svg viewBox=\"0 0 24 24\" fill=\"none\" xmlns=\"http:\/\/www.w3.org\/2000\/svg\" class=\"m-icon m-icon-loadable\" name=\"Attention\" loading=\"false\" aria-hidden=\"true\"><path d=\"M12 22C6.477 22 2 17.522 2 12S6.477 2 12 2s10 4.478 10 10-4.477 10-10 10m-.002-13.004a.999.999 0 1 0 0-1.997.999.999 0 0 0 0 1.997M12 17a1 1 0 0 0 .993-.884L13 16l-.002-5.001-.007-.117a1 1 0 0 0-1.986 0l-.007.117L11 16l.007.117A1 1 0 0 0 12 17\" fill=\"currentColor\"><\/path><\/svg><\/div><\/button><\/div><\/div><\/div><div class=\"scrollable-content-wrap my-5\"><div class=\"scrollable-content-inner\"><h2>Slotrize Willkommensangebote<\/h2>\n<p>Neue Nutzer sollten sich registrieren und ihre erste Einzahlung t\u00e4tigen, um mit dem Spielen um echtes Geld zu beginnen. Das ist ein schneller Vorgang, der nicht allzu lange dauert. Um Ihnen noch mehr Motivation zu geben, garantieren wir, dass jeder neu registrierte Spieler automatisch das Slot Rize Casino Willkommenspaket von bis zu 1.500 \u20ac + 250 Freispielen erh\u00e4lt. Es wird wie folgt auf Ihre ersten drei Einzahlungen aufgeteilt:<\/p>\n<ul>\n<li>Ersteinzahlungsangebot von 100 % bis zu 500 \u20ac + 150 Freispiele<\/li>\n<li>Zweites Einzahlungsangebot von 55 % bis zu 500 \u20ac + 100 Freispiele<\/li>\n<li>Drittes Einzahlungsangebot von 100 % bis zu 500 \u20ac<\/li>\n<\/ul>\n<p>Um den Slotrize-Bonus f\u00fcr neue Nutzer zu erhalten, m\u00fcssen Sie mindestens 20 \u20ac einzahlen. Nach Aktivierung des Pakets ist es 7 Tage lang verf\u00fcgbar. Spieler erhalten nach der ersten Einzahlung t\u00e4glich 50 Freispiele. Um die Gewinne auszahlen zu k\u00f6nnen, muss der Slot Rize-Bonusbetrag 35 Mal umgesetzt werden. Erst nach Erf\u00fcllung aller Anforderungen erhalten Sie die Belohnung.<\/p>\n<h2>Turniere und Missionen bei Slot Rize<\/h2>\n<p>Zus\u00e4tzlich zu unseren Slotrize-Bonusangeboten haben wir eine gro\u00dfe Auswahl an Turnieren. Diese Kategorie k\u00f6nnte f\u00fcr alle interessant sein, die gerne gegen andere Spieler antreten. Die Veranstaltungen k\u00f6nnen unterschiedliche Teilnahmebedingungen haben. In einigen F\u00e4llen werden Sie automatisch Teilnehmer, wenn Sie bestimmte Titel spielen. F\u00fcr andere Turniere ist eine spezielle Teilnahmegeb\u00fchr erforderlich.<\/p>\n<p>Wir organisieren saisonale Events, aber wir haben auch regelm\u00e4\u00dfige Turniere, an denen alle Slot Rize-Spieler teilnehmen k\u00f6nnen. Derzeit haben wir das Spinoleague Turnier mit einem riesigen Preispool von 12.000.000 \u20ac. Au\u00dferdem gibt es das BGaming Drops Event, bei dem Sie 60.000 \u20ac gewinnen k\u00f6nnen, und das Live-Turnier mit einem Preispool von 10.000 \u20ac.<\/p>\n<p>Slotrize Casino wird Sie auch mit coolen Missionen \u00fcberraschen. Sie erhalten direkt nach der Registrierung Zugang zu ihnen. Zun\u00e4chst handelt es sich um Onboarding-Missionen und sp\u00e4ter um regul\u00e4re Missionen. Durch das Erf\u00fcllen einfacher Aufgaben erhalten Sie M\u00fcnzen, die gegen coole Preise eingetauscht werden k\u00f6nnen.<\/p>\n<h2>Alle verf\u00fcgbaren Casino Aktionen<\/h2>\n<p>Stammkunden k\u00f6nnen nicht nur Gewinne aus dem Spiel erzielen, sondern auch zus\u00e4tzliche Belohnungen in Form von Freispielen, Geld zur\u00fcck, zus\u00e4tzlichen Geldern, M\u00fcnzen und vielem mehr erhalten. Wir aktualisieren regelm\u00e4\u00dfig die Slotrize-Bonuskollektion, um Ihnen die coolsten Optionen zu bieten.<\/p>\n<p>Derzeit bieten wir einen w\u00f6chentlichen Cashback von bis zu 25 %, sodass Sie einen Prozentsatz Ihrer Verluste zur\u00fcckerhalten k\u00f6nnen. Ein Teil des Geldes wird auch zur\u00fcckerstattet, wenn Sie den Sunday Reload von 25 % bis zu 100 \u20ac aktivieren. Das ist Ihre Chance, jede Woche mit Slotrize Casino erfolgreich abzuschlie\u00dfen.<\/p>\n<p>F\u00fcr diejenigen, die gro\u00dfe Eins\u00e4tze m\u00f6gen, bieten wir den Slotrize-Bonus f\u00fcr High Roller von 50 % bis zu 500 \u20ac an. Zus\u00e4tzlich gibt es noch den Rakeback von bis zu 17 %, den Sie je nach Ihrem Slotrize-Treuestatus monatlich, w\u00f6chentlich oder t\u00e4glich erhalten k\u00f6nnen.<\/p>\n<h2>Allgemeine Gesch\u00e4ftsbedingungen f\u00fcr Boni<\/h2>\n<p>Alle Aktionen bei Slotrize Casino haben ihre eigenen Bedingungen. Lesen Sie diese immer, bevor Sie das Angebot aktivieren. Sie k\u00f6nnen sich dar\u00fcber informieren, indem Sie auf das gew\u00fcnschte Angebot klicken. Wir haben auch eine spezielle Seite mit Bonusbedingungen, auf der Sie die allgemeinen Regeln f\u00fcr die Aktionen auf unserer Plattform finden. In der folgenden Tabelle finden Sie die wichtigsten Informationen zu den Anforderungen, die wir bei Slotrize haben.<\/p>\n<table>\n<tbody>\n<tr>\n<td>Begriff<\/td>\n<td>Details<\/td>\n<\/tr>\n<tr>\n<td>Mindestanzahlung<\/td>\n<td>Dies ist der Mindestbetrag, den ein Spieler auf sein Konto einzahlen muss, um eine Aktion zu aktivieren.<\/td>\n<\/tr>\n<tr>\n<td>Maximaler Einsatz<\/td>\n<td>Dieser definiert den h\u00f6chsten Einsatz, der pro Dreh oder Runde erlaubt ist, w\u00e4hrend ein Angebot aktiv ist, und hilft so, den Missbrauch von Werbeaktionen zu verhindern.<\/td>\n<\/tr>\n<tr>\n<td>Spielbeitrag<\/td>\n<td>Diese Anforderung gibt an, wie verschiedene Spiele zur Erf\u00fcllung der Umsatzbedingungen beitragen, wobei einige Spiele mehr beitragen als andere.<\/td>\n<\/tr>\n<tr>\n<td>Umsatzbedingung<\/td>\n<td>Sie gibt an, wie oft der Bonusbetrag eingesetzt werden muss, bevor Gewinne ausgezahlt werden k\u00f6nnen.<\/td>\n<\/tr>\n<tr>\n<td>G\u00fcltigkeitsdauer<\/td>\n<td>Die Frist, innerhalb der eine Aktion umgesetzt und abgeschlossen werden muss, bevor sie abl\u00e4uft.<\/td>\n<\/tr>\n<\/tbody>\n<\/table>\n<h2>FAQ<\/h2>\n<h3>Gibt es zeitliche Begrenzungen f\u00fcr Werbeaktionen?<\/h3>\n<p>Die meisten Bonusangebote von Slot Rize haben eine G\u00fcltigkeitsdauer von 7 bis 14 Tagen. Innerhalb dieses Zeitraums sollten Sie die Anforderungen erf\u00fcllen, um den Gewinn zu erhalten, sonst wird die Aktion storniert.<\/p>\n<h3>Kann ich mehrere Werbeaktionen gleichzeitig in Anspruch nehmen?<\/h3>\n<p>Bei Slotrize Casino gilt die Regel, dass jeweils nur ein Einzahlungsangebot aktiv sein kann. Dies gilt nicht f\u00fcr Turniere oder Missionen.<\/p>\n<h3>Kann ich als neuer Spieler an Turnieren teilnehmen?<\/h3>\n<p>Alle unsere Spieler, auch Neulinge, k\u00f6nnen an Turnieren und anderen Veranstaltungen teilnehmen. Lesen Sie einfach die Teilnahmebedingungen, um alles richtig zu machen und das Maximum aus dem Angebot herauszuholen.<\/p>\n<\/div><\/div><\/p>\n","protected":false},"excerpt":{"rendered":"<p>Slotrize Aktionen und Boni Wir m\u00f6chten die Reise unserer Kunden noch spannender und profitabler gestalten. Aus diesem Grund haben wir die Slotrize Bonus Kollektion mit vielen Optionen f\u00fcr neue und regelm\u00e4\u00dfige Spieler erstellt. Alle neuen Spieler erhalten ein gro\u00dfz\u00fcgiges Willkommenspaket, das Freispiele und Bonusgeld enth\u00e4lt. Regelm\u00e4\u00dfige Nutzer k\u00f6nnen vom w\u00f6chentlichen Cashback, Sunday Reload, Rakeback und [&hellip;]<\/p>\n","protected":false},"author":9,"featured_media":0,"parent":0,"menu_order":0,"comment_status":"closed","ping_status":"closed","template":"template-builder.php","meta":{"_acf_changed":false,"inline_featured_image":false,"footnotes":""},"class_list":["post-1426","page","type-page","status-publish","hentry"],"acf":[],"yoast_head":"<!-- This site is optimized with the Yoast SEO plugin v24.4 - https:\/\/yoast.com\/wordpress\/plugins\/seo\/ -->\n<title>Slotrize Casino Bonuses | Willkommensangebot und Aktionen<\/title>\n<meta name=\"description\" content=\"Die Slot Rize bonuses bieten Ihnen einen fulminanten Start mit einem gro\u00dfz\u00fcgigen Willkommenspaket und Freispielen. Personalisierte Angebote sorgen daf\u00fcr, dass jeder Spieler etwas Besonderes erh\u00e4lt.\" \/>\n<meta name=\"robots\" content=\"index, follow, max-snippet:-1, max-image-preview:large, max-video-preview:-1\" \/>\n<link rel=\"canonical\" href=\"https:\/\/theslotrize.com\/de\/aktionen\/\" \/>\n<meta property=\"og:locale\" content=\"de_DE\" \/>\n<meta property=\"og:type\" content=\"article\" \/>\n<meta property=\"og:title\" content=\"Slotrize Casino Bonuses | Willkommensangebot und Aktionen\" \/>\n<meta property=\"og:description\" content=\"Die Slot Rize bonuses bieten Ihnen einen fulminanten Start mit einem gro\u00dfz\u00fcgigen Willkommenspaket und Freispielen. Personalisierte Angebote sorgen daf\u00fcr, dass jeder Spieler etwas Besonderes erh\u00e4lt.\" \/>\n<meta property=\"og:url\" content=\"https:\/\/theslotrize.com\/de\/aktionen\/\" \/>\n<meta property=\"og:site_name\" content=\"slotrize\" \/>\n<meta property=\"article:modified_time\" content=\"2026-01-30T08:17:21+00:00\" \/>\n<meta name=\"twitter:card\" content=\"summary_large_image\" \/>\n<meta name=\"twitter:label1\" content=\"Gesch\u00e4tzte Lesezeit\" \/>\n\t<meta name=\"twitter:data1\" content=\"1\u00a0Minute\" \/>\n<script type=\"application\/ld+json\" class=\"yoast-schema-graph\">{\"@context\":\"https:\/\/schema.org\",\"@graph\":[{\"@type\":\"WebPage\",\"@id\":\"https:\/\/theslotrize.com\/de\/aktionen\/\",\"url\":\"https:\/\/theslotrize.com\/de\/aktionen\/\",\"name\":\"Slotrize Casino Bonuses | Willkommensangebot und Aktionen\",\"isPartOf\":{\"@id\":\"https:\/\/theslotrize.com\/de\/#website\"},\"datePublished\":\"2026-01-29T14:06:36+00:00\",\"dateModified\":\"2026-01-30T08:17:21+00:00\",\"description\":\"Die Slot Rize bonuses bieten Ihnen einen fulminanten Start mit einem gro\u00dfz\u00fcgigen Willkommenspaket und Freispielen. Personalisierte Angebote sorgen daf\u00fcr, dass jeder Spieler etwas Besonderes erh\u00e4lt.\",\"breadcrumb\":{\"@id\":\"https:\/\/theslotrize.com\/de\/aktionen\/#breadcrumb\"},\"inLanguage\":\"de\",\"potentialAction\":[{\"@type\":\"ReadAction\",\"target\":[\"https:\/\/theslotrize.com\/de\/aktionen\/\"]}]},{\"@type\":\"BreadcrumbList\",\"@id\":\"https:\/\/theslotrize.com\/de\/aktionen\/#breadcrumb\",\"itemListElement\":[{\"@type\":\"ListItem\",\"position\":1,\"name\":\"Slotrize\",\"item\":\"https:\/\/theslotrize.com\/de\/\"},{\"@type\":\"ListItem\",\"position\":2,\"name\":\"Aktionen\"}]},{\"@type\":\"WebSite\",\"@id\":\"https:\/\/theslotrize.com\/de\/#website\",\"url\":\"https:\/\/theslotrize.com\/de\/\",\"name\":\"Slotrize\",\"description\":\"\",\"publisher\":{\"@id\":\"https:\/\/theslotrize.com\/de\/#organization\"},\"potentialAction\":[{\"@type\":\"SearchAction\",\"target\":{\"@type\":\"EntryPoint\",\"urlTemplate\":\"https:\/\/theslotrize.com\/de\/?s={search_term_string}\"},\"query-input\":{\"@type\":\"PropertyValueSpecification\",\"valueRequired\":true,\"valueName\":\"search_term_string\"}}],\"inLanguage\":\"de\"},{\"@type\":\"Organization\",\"@id\":\"https:\/\/theslotrize.com\/de\/#organization\",\"name\":\"Slotrize\",\"url\":\"https:\/\/theslotrize.com\/de\/\",\"logo\":{\"@type\":\"ImageObject\",\"inLanguage\":\"de\",\"@id\":\"https:\/\/theslotrize.com\/de\/#\/schema\/logo\/image\/\",\"url\":\"https:\/\/theslotrize.com\/wp-content\/uploads\/2026\/01\/Slotrize-logo.png\",\"contentUrl\":\"https:\/\/theslotrize.com\/wp-content\/uploads\/2026\/01\/Slotrize-logo.png\",\"width\":54,\"height\":27,\"caption\":\"Slotrize\"},\"image\":{\"@id\":\"https:\/\/theslotrize.com\/de\/#\/schema\/logo\/image\/\"}}]}<\/script>\n<!-- \/ Yoast SEO plugin. -->","yoast_head_json":{"title":"Slotrize Casino Bonuses | Willkommensangebot und Aktionen","description":"Die Slot Rize bonuses bieten Ihnen einen fulminanten Start mit einem gro\u00dfz\u00fcgigen Willkommenspaket und Freispielen. Personalisierte Angebote sorgen daf\u00fcr, dass jeder Spieler etwas Besonderes erh\u00e4lt.","robots":{"index":"index","follow":"follow","max-snippet":"max-snippet:-1","max-image-preview":"max-image-preview:large","max-video-preview":"max-video-preview:-1"},"canonical":"https:\/\/theslotrize.com\/de\/aktionen\/","og_locale":"de_DE","og_type":"article","og_title":"Slotrize Casino Bonuses | Willkommensangebot und Aktionen","og_description":"Die Slot Rize bonuses bieten Ihnen einen fulminanten Start mit einem gro\u00dfz\u00fcgigen Willkommenspaket und Freispielen. Personalisierte Angebote sorgen daf\u00fcr, dass jeder Spieler etwas Besonderes erh\u00e4lt.","og_url":"https:\/\/theslotrize.com\/de\/aktionen\/","og_site_name":"slotrize","article_modified_time":"2026-01-30T08:17:21+00:00","twitter_card":"summary_large_image","twitter_misc":{"Gesch\u00e4tzte Lesezeit":"1\u00a0Minute"},"schema":{"@context":"https:\/\/schema.org","@graph":[{"@type":"WebPage","@id":"https:\/\/theslotrize.com\/de\/aktionen\/","url":"https:\/\/theslotrize.com\/de\/aktionen\/","name":"Slotrize Casino Bonuses | Willkommensangebot und Aktionen","isPartOf":{"@id":"https:\/\/theslotrize.com\/de\/#website"},"datePublished":"2026-01-29T14:06:36+00:00","dateModified":"2026-01-30T08:17:21+00:00","description":"Die Slot Rize bonuses bieten Ihnen einen fulminanten Start mit einem gro\u00dfz\u00fcgigen Willkommenspaket und Freispielen. Personalisierte Angebote sorgen daf\u00fcr, dass jeder Spieler etwas Besonderes erh\u00e4lt.","breadcrumb":{"@id":"https:\/\/theslotrize.com\/de\/aktionen\/#breadcrumb"},"inLanguage":"de","potentialAction":[{"@type":"ReadAction","target":["https:\/\/theslotrize.com\/de\/aktionen\/"]}]},{"@type":"BreadcrumbList","@id":"https:\/\/theslotrize.com\/de\/aktionen\/#breadcrumb","itemListElement":[{"@type":"ListItem","position":1,"name":"Slotrize","item":"https:\/\/theslotrize.com\/de\/"},{"@type":"ListItem","position":2,"name":"Aktionen"}]},{"@type":"WebSite","@id":"https:\/\/theslotrize.com\/de\/#website","url":"https:\/\/theslotrize.com\/de\/","name":"Slotrize","description":"","publisher":{"@id":"https:\/\/theslotrize.com\/de\/#organization"},"potentialAction":[{"@type":"SearchAction","target":{"@type":"EntryPoint","urlTemplate":"https:\/\/theslotrize.com\/de\/?s={search_term_string}"},"query-input":{"@type":"PropertyValueSpecification","valueRequired":true,"valueName":"search_term_string"}}],"inLanguage":"de"},{"@type":"Organization","@id":"https:\/\/theslotrize.com\/de\/#organization","name":"Slotrize","url":"https:\/\/theslotrize.com\/de\/","logo":{"@type":"ImageObject","inLanguage":"de","@id":"https:\/\/theslotrize.com\/de\/#\/schema\/logo\/image\/","url":"https:\/\/theslotrize.com\/wp-content\/uploads\/2026\/01\/Slotrize-logo.png","contentUrl":"https:\/\/theslotrize.com\/wp-content\/uploads\/2026\/01\/Slotrize-logo.png","width":54,"height":27,"caption":"Slotrize"},"image":{"@id":"https:\/\/theslotrize.com\/de\/#\/schema\/logo\/image\/"}}]}},"_links":{"self":[{"href":"https:\/\/theslotrize.com\/de\/wp-json\/wp\/v2\/pages\/1426"}],"collection":[{"href":"https:\/\/theslotrize.com\/de\/wp-json\/wp\/v2\/pages"}],"about":[{"href":"https:\/\/theslotrize.com\/de\/wp-json\/wp\/v2\/types\/page"}],"author":[{"embeddable":true,"href":"https:\/\/theslotrize.com\/de\/wp-json\/wp\/v2\/users\/9"}],"replies":[{"embeddable":true,"href":"https:\/\/theslotrize.com\/de\/wp-json\/wp\/v2\/comments?post=1426"}],"version-history":[{"count":2,"href":"https:\/\/theslotrize.com\/de\/wp-json\/wp\/v2\/pages\/1426\/revisions"}],"predecessor-version":[{"id":1594,"href":"https:\/\/theslotrize.com\/de\/wp-json\/wp\/v2\/pages\/1426\/revisions\/1594"}],"wp:attachment":[{"href":"https:\/\/theslotrize.com\/de\/wp-json\/wp\/v2\/media?parent=1426"}],"curies":[{"name":"wp","href":"https:\/\/api.w.org\/{rel}","templated":true}]}}