{"id":1455,"date":"2026-01-29T13:59:35","date_gmt":"2026-01-29T13:59:35","guid":{"rendered":"https:\/\/theslotrize.com\/login-and-registration\/"},"modified":"2026-01-30T08:13:48","modified_gmt":"2026-01-30T08:13:48","slug":"anmeldung-und-registrierung","status":"publish","type":"page","link":"https:\/\/theslotrize.com\/de\/anmeldung-und-registrierung\/","title":{"rendered":"Anmeldung und Registrierung"},"content":{"rendered":"<h1>Slotrize Anmeldung und Registrierung<\/h1>\n<p>Nur ein Schritt trennt Nutzer davon, ihre Lieblingsspiele und gro\u00dfz\u00fcgigen Boni zu genie\u00dfen \u2013 die Slotrize Login. Alle Spieler, die mindestens 18 Jahre alt sind, k\u00f6nnen sich auf unserer Plattform registrieren. Eine weitere Regel besagt, dass jede Person nur ein Konto in unserem Online-Casino haben darf. Die Registrierung ist unkompliziert und dauert maximal 3 Minuten.<\/p>\n<p><div class=\"banner-wrap\" aria-label=\"Banner\"><img src=\"https:\/\/theslotrize.com\/wp-content\/uploads\/2026\/01\/Desktop-banner-scaled.webp\" class=\"w-100 d-none d-lg-block img-pc main-banner-img\" alt=\"Slotrize desktop banner\" fetchpriority=\"high\" decoding=\"async\"><img src=\"https:\/\/theslotrize.com\/wp-content\/uploads\/2026\/01\/Mobile-banner.webp\" class=\"w-100 d-none d-md-block d-lg-none main-banner-img\" alt=\"Slotrize mobile banner\" fetchpriority=\"high\" decoding=\"async\"><img src=\"https:\/\/theslotrize.com\/wp-content\/uploads\/2026\/01\/Mobile-banner.webp\" class=\"w-100 d-md-none\" alt=\"Slotrize mobile banner\" fetchpriority=\"high\" decoding=\"async\"><div class=\"banner-description\">\n<div class=\"banner-title\">Willkommensboni<\/div>\n<p class=\"banner-header-title\">1500 \u20ac<\/p>\n<div class=\"banner-header-AdditionalText\">+ 250 Freispiele<\/div>\n<button data-item=\"homepage_banner_link\" class=\"goto m-button m-gradient-border m-button--primary m-button--large banner-button btn-orange\">\n            <div class=\"m-button-content\">\n                <span>Jetzt anmelden<\/span>\n                <span><\/span>\n            <\/div>\n        <\/button>\n<\/div>\n<div class=\"WelcomePack\">\n<p><img loading=\"lazy\" decoding=\"async\" class=\"alignnone size-full wp-image-1335\" src=\"https:\/\/theslotrize.com\/wp-content\/uploads\/2026\/01\/welcome-crown.png\" alt=\"welcome crown\" width=\"25\" height=\"26\" \/><\/p>\n<div class=\"WelcomePack-Info\">W\u00f6chentlicher Cashback von bis zu 25 %<\/div>\n<p><img loading=\"lazy\" decoding=\"async\" class=\"alignnone size-full wp-image-1335\" src=\"https:\/\/theslotrize.com\/wp-content\/uploads\/2026\/01\/welcome-crown.png\" alt=\"welcome crown\" width=\"25\" height=\"26\" \/><\/p>\n<\/div>\n<\/div><div class=\"scrollable-content-wrap my-5\"><div class=\"scrollable-content-inner\"><h2>Slotrize Anmeldung und Kontoverwaltung<\/h2>\n<p>Wenn Sie nicht zum ersten Mal auf unserer Plattform sind, m\u00fcssen Sie nur den Slotrize-Anmeldevorgang abschlie\u00dfen. Dazu m\u00fcssen Sie die pers\u00f6nlichen Daten eingeben, die Sie bei der Registrierung verwendet haben, wie z. B. Ihre E-Mail-Adresse und Ihr Passwort. Der gesamte Vorgang dauert weniger als eine Minute.<\/p>\n<p>Wenn Sie angemeldet sind, k\u00f6nnen Sie auf die gesamte Spielesammlung zugreifen und um echtes Geld spielen. Dar\u00fcber hinaus k\u00f6nnen Sie mit der Slot Rize Anmeldung viele praktische Funktionen und Tools nutzen, die Ihr Spielerlebnis angenehmer und pers\u00f6nlicher machen.<\/p>\n<p>Zun\u00e4chst einmal k\u00f6nnen Sie jederzeit Ihre pers\u00f6nlichen Daten und Zahlungsinformationen verwalten. Benutzer haben auch Zugriff auf ihren Aktivit\u00e4tsverlauf, einschlie\u00dflich Spielzeit, Boni, Einzahlungen, Wetten und weiteren wichtigen Statistiken. Wenn Sie sich in Ihr Slotrize Casino Konto einloggen, stehen Ihnen auch Tools f\u00fcr verantwortungsbewusstes Spielen zur Verf\u00fcgung.<\/p>\n<h3>So stellen Sie Ihre Anmeldedaten wieder her<\/h3>\n<p>Es ist v\u00f6llig in Ordnung, wenn Sie einige Ihrer Anmeldedaten vergessen haben. Wir haben eine spezielle Funktion zum Zur\u00fccksetzen des Passworts, die Ihnen in diesem Fall hilft. Befolgen Sie unsere Anweisungen unten, um diesen Vorgang schnell und stressfrei zu gestalten:<\/p>\n<ol>\n<li>Gehen Sie zur Slotrize-Anmeldeseite.<\/li>\n<li>Folgen Sie dem Link \u201ePasswort vergessen?\u201c.<\/li>\n<li>Geben Sie in das angezeigte Formular die E-Mail-Adresse ein, die Sie bei der Registrierung verwendet haben.<\/li>\n<li>Sie erhalten eine E-Mail mit dem Link zum Zur\u00fccksetzen. Sie m\u00fcssen darauf klicken.<\/li>\n<li>Nun sollten Sie ein neues Passwort erstellen, das Sie bei Ihrer n\u00e4chsten Anmeldung verwenden k\u00f6nnen.<\/li>\n<\/ol>\n<h2>Schneller Registrierungsprozess bei Slotrize<\/h2>\n<p>Alle Nutzer k\u00f6nnen einige unserer Titel im Demo-Modus ausprobieren, ohne sich registrieren und eine Einzahlung t\u00e4tigen zu m\u00fcssen. Das ist eine gro\u00dfartige M\u00f6glichkeit, um etwas Neues f\u00fcr sich zu entdecken und herauszufinden, ob Slot Rize Casino Ihrem Geschmack entspricht. Um jedoch um echtes Geld zu spielen, auf Boni zuzugreifen, Zahlungen zu t\u00e4tigen und den 24\/7-Kundendienst in Anspruch nehmen, m\u00fcssen Nutzer ein Konto erstellen.<\/p>\n<p>Es spielt keine Rolle, welches Ger\u00e4t Sie verwenden. Bei der Registrierung ben\u00f6tigen wir nur Ihre E-Mail-Adresse und Ihr Passwort. Sp\u00e4ter m\u00fcssen Sie das Formular mit detaillierteren Informationen ausf\u00fcllen. Diese werden f\u00fcr den zuk\u00fcnftigen Verifizierungsprozess ben\u00f6tigt.<\/p>\n<p>Manche Menschen bef\u00fcrchten m\u00f6glicherweise, dass ihre pers\u00f6nlichen Daten an Dritte weitergegeben werden k\u00f6nnten, wenn sie diese angeben. Slotrize ist ein lizenziertes Online-Casino, das alle Sicherheitsprotokolle zum Schutz seiner Kunden befolgt. Wir verwenden strenge Passwortrichtlinien, 2FA, CAPTCHA und Anti-Bot-Systeme, um Ihr Profil zu sch\u00fctzen. Dar\u00fcber hinaus werden alle Ihre pers\u00f6nlichen Daten und Transaktionen durch innovative 1.3 TLS-Verschl\u00fcsselung gesch\u00fctzt.<\/p>\n<h3>So richten Sie Ihr Profil ein<\/h3>\n<p>Die Registrierung bei Slotrize Casino ist selbst f\u00fcr Neulinge, die noch nie zuvor ein Online-Casino besucht haben, ganz einfach. Es war uns wichtig, den Vorgang so einfach wie m\u00f6glich zu gestalten, damit die Nutzer so schnell wie m\u00f6glich mit dem Spielen beginnen k\u00f6nnen. Die folgende Tabelle hilft Ihnen, die einzelnen Schritte dieses Vorgangs zu verstehen.<\/p>\n<table>\n<tbody>\n<tr>\n<td>Schritt<\/td>\n<td>Details<\/td>\n<\/tr>\n<tr>\n<td>Klicken Sie auf die Schaltfl\u00e4che \u201eAnmelden\u201c auf unserer Website<\/td>\n<td>Die Schaltfl\u00e4che befindet sich in der oberen rechten Ecke. Bitte nutzen Sie nur unsere offizielle Website, um Betrug zu vermeiden.<\/td>\n<\/tr>\n<tr>\n<td>F\u00fcllen Sie das Registrierungsformular aus<\/td>\n<td>Sie m\u00fcssen Ihre E-Mail-Adresse angeben und ein sicheres Passwort erstellen.<\/td>\n<\/tr>\n<tr>\n<td>Best\u00e4tigen Sie Ihr Alter und akzeptieren Sie die Regeln<\/td>\n<td>Um sich bei Slot Rize registrieren zu k\u00f6nnen, muss ein Spieler mindestens 18 Jahre alt sein. Au\u00dferdem m\u00fcssen Sie die Allgemeinen Gesch\u00e4ftsbedingungen akzeptieren.<\/td>\n<\/tr>\n<tr>\n<td>Klicken Sie am Ende des Formulars auf \u201eAnmelden\u201c<\/td>\n<td>Nachdem Sie alle eingegebenen Daten \u00fcberpr\u00fcft haben, best\u00e4tigen Sie diese.<\/td>\n<\/tr>\n<tr>\n<td>Geben Sie die zus\u00e4tzlichen Informationen ein<\/td>\n<td>Es erscheint ein weiteres Formular, in das Sie Ihren vollst\u00e4ndigen Namen, Ihr Geburtsdatum und Ihre Telefonnummer eingeben m\u00fcssen. Benutzer k\u00f6nnen diesen Schritt \u00fcberspringen und sp\u00e4ter ausf\u00fchren.<\/td>\n<\/tr>\n<tr>\n<td>Klicken Sie auf \u201eSpeichern\u201c, um ein Konto zu erstellen<\/td>\n<td>Nachdem Sie den letzten Schritt abgeschlossen haben, k\u00f6nnen Sie offiziell und ohne Einschr\u00e4nkungen bei Slotrize Casino spielen.<\/td>\n<\/tr>\n<\/tbody>\n<\/table>\n<h3>Verifizierungsprozess<\/h3>\n<p>Der KYC-Verifizierungsprozess ist ein wesentlicher Schritt unserer Sicherheitsrichtlinie. Wir m\u00fcssen Ihre Identit\u00e4t, Ihr Alter, Ihre Wohnadresse und die Inhaberschaft Ihres Zahlungskontos \u00fcberpr\u00fcfen. Aus diesem Grund werden Sie vor der ersten Auszahlung gebeten, Kopien Ihrer pers\u00f6nlichen Dokumente auf die Plattform hochzuladen. Unsere Manager werden diese so schnell wie m\u00f6glich \u00fcberpr\u00fcfen und sich mit einer Antwort bei Ihnen melden. Danach gibt es f\u00fcr Nutzer von Slotrize Casino keine Verz\u00f6gerungen mehr bei Auszahlungen.<\/p>\n<h2>H\u00e4ufig gestellte Fragen<\/h2>\n<h3>Wie lange dauert die Verifizierung meines Kontos?<\/h3>\n<p>Gem\u00e4\u00df den KYC-Verifizierungsregeln von Slotrize m\u00fcssen unsere Manager Ihre Dokumente innerhalb von 48 Stunden \u00fcberpr\u00fcfen. Sie k\u00f6nnen den Fortschritt des Vorgangs in Ihrem pers\u00f6nlichen Konto verfolgen.<\/p>\n<h3>Wie kann ich mein Profil zus\u00e4tzlich zur Erstellung eines sicheren Passworts sch\u00fctzen?<\/h3>\n<p>Nach der Registrierung k\u00f6nnen Sie die Zwei-Faktor-Authentifizierung aktivieren. In diesem Fall m\u00fcssen Sie bei jeder Anmeldung per SMS oder einer speziellen App best\u00e4tigen, dass Sie es wirklich sind. Wenn Sie mehr \u00fcber andere Ma\u00dfnahmen erfahren m\u00f6chten, wenden Sie sich bitte per Live-Chat oder E-Mail an unser mehrsprachiges Support-Team.<\/p>\n<h3>Ist f\u00fcr Einzahlungen eine Registrierung erforderlich?<\/h3>\n<p>Alle Spieler m\u00fcssen ein Konto erstellen, um Einzahlungen zu t\u00e4tigen und um echtes Geld zu spielen. Ohne Registrierung bei Slot Rize k\u00f6nnen Sie nur einige unserer Titel im Demo-Modus ausprobieren. In diesem Fall spielen Sie um echtes Geld, k\u00f6nnen aber Ihre Gewinne nicht auszahlen lassen.<\/p>\n<\/div><\/div><\/p>\n","protected":false},"excerpt":{"rendered":"<p>Slotrize Anmeldung und Registrierung Nur ein Schritt trennt Nutzer davon, ihre Lieblingsspiele und gro\u00dfz\u00fcgigen Boni zu genie\u00dfen \u2013 die Slotrize Login. Alle Spieler, die mindestens 18 Jahre alt sind, k\u00f6nnen sich auf unserer Plattform registrieren. Eine weitere Regel besagt, dass jede Person nur ein Konto in unserem Online-Casino haben darf. Die Registrierung ist unkompliziert und [&hellip;]<\/p>\n","protected":false},"author":9,"featured_media":0,"parent":0,"menu_order":0,"comment_status":"closed","ping_status":"closed","template":"template-builder.php","meta":{"_acf_changed":false,"inline_featured_image":false,"footnotes":""},"class_list":["post-1455","page","type-page","status-publish","hentry"],"acf":[],"yoast_head":"<!-- This site is optimized with the Yoast SEO plugin v24.4 - https:\/\/yoast.com\/wordpress\/plugins\/seo\/ -->\n<title>Slotrize Login | Anmelden oder Konto erstellen<\/title>\n<meta name=\"description\" content=\"Mit dem Slot Rize login erhalten Sie einfachen Zugriff auf Ihr Dashboard, inklusive Einzahlungen, Auszahlungen und Bonusverwaltung. Die Registrierung f\u00fcr neue Nutzer dauert nur wenige Sekunden und ist absolut sicher.\" \/>\n<meta name=\"robots\" content=\"index, follow, max-snippet:-1, max-image-preview:large, max-video-preview:-1\" \/>\n<link rel=\"canonical\" href=\"https:\/\/theslotrize.com\/de\/anmeldung-und-registrierung\/\" \/>\n<meta property=\"og:locale\" content=\"de_DE\" \/>\n<meta property=\"og:type\" content=\"article\" \/>\n<meta property=\"og:title\" content=\"Slotrize Login | Anmelden oder Konto erstellen\" \/>\n<meta property=\"og:description\" content=\"Mit dem Slot Rize login erhalten Sie einfachen Zugriff auf Ihr Dashboard, inklusive Einzahlungen, Auszahlungen und Bonusverwaltung. Die Registrierung f\u00fcr neue Nutzer dauert nur wenige Sekunden und ist absolut sicher.\" \/>\n<meta property=\"og:url\" content=\"https:\/\/theslotrize.com\/de\/anmeldung-und-registrierung\/\" \/>\n<meta property=\"og:site_name\" content=\"slotrize\" \/>\n<meta property=\"article:modified_time\" content=\"2026-01-30T08:13:48+00:00\" \/>\n<meta name=\"twitter:card\" content=\"summary_large_image\" \/>\n<meta name=\"twitter:label1\" content=\"Gesch\u00e4tzte Lesezeit\" \/>\n\t<meta name=\"twitter:data1\" content=\"1\u00a0Minute\" \/>\n<script type=\"application\/ld+json\" class=\"yoast-schema-graph\">{\"@context\":\"https:\/\/schema.org\",\"@graph\":[{\"@type\":\"WebPage\",\"@id\":\"https:\/\/theslotrize.com\/de\/anmeldung-und-registrierung\/\",\"url\":\"https:\/\/theslotrize.com\/de\/anmeldung-und-registrierung\/\",\"name\":\"Slotrize Login | Anmelden oder Konto erstellen\",\"isPartOf\":{\"@id\":\"https:\/\/theslotrize.com\/de\/#website\"},\"datePublished\":\"2026-01-29T13:59:35+00:00\",\"dateModified\":\"2026-01-30T08:13:48+00:00\",\"description\":\"Mit dem Slot Rize login erhalten Sie einfachen Zugriff auf Ihr Dashboard, inklusive Einzahlungen, Auszahlungen und Bonusverwaltung. Die Registrierung f\u00fcr neue Nutzer dauert nur wenige Sekunden und ist absolut sicher.\",\"breadcrumb\":{\"@id\":\"https:\/\/theslotrize.com\/de\/anmeldung-und-registrierung\/#breadcrumb\"},\"inLanguage\":\"de\",\"potentialAction\":[{\"@type\":\"ReadAction\",\"target\":[\"https:\/\/theslotrize.com\/de\/anmeldung-und-registrierung\/\"]}]},{\"@type\":\"BreadcrumbList\",\"@id\":\"https:\/\/theslotrize.com\/de\/anmeldung-und-registrierung\/#breadcrumb\",\"itemListElement\":[{\"@type\":\"ListItem\",\"position\":1,\"name\":\"Slotrize\",\"item\":\"https:\/\/theslotrize.com\/de\/\"},{\"@type\":\"ListItem\",\"position\":2,\"name\":\"Anmeldung und Registrierung\"}]},{\"@type\":\"WebSite\",\"@id\":\"https:\/\/theslotrize.com\/de\/#website\",\"url\":\"https:\/\/theslotrize.com\/de\/\",\"name\":\"Slotrize\",\"description\":\"\",\"publisher\":{\"@id\":\"https:\/\/theslotrize.com\/de\/#organization\"},\"potentialAction\":[{\"@type\":\"SearchAction\",\"target\":{\"@type\":\"EntryPoint\",\"urlTemplate\":\"https:\/\/theslotrize.com\/de\/?s={search_term_string}\"},\"query-input\":{\"@type\":\"PropertyValueSpecification\",\"valueRequired\":true,\"valueName\":\"search_term_string\"}}],\"inLanguage\":\"de\"},{\"@type\":\"Organization\",\"@id\":\"https:\/\/theslotrize.com\/de\/#organization\",\"name\":\"Slotrize\",\"url\":\"https:\/\/theslotrize.com\/de\/\",\"logo\":{\"@type\":\"ImageObject\",\"inLanguage\":\"de\",\"@id\":\"https:\/\/theslotrize.com\/de\/#\/schema\/logo\/image\/\",\"url\":\"https:\/\/theslotrize.com\/wp-content\/uploads\/2026\/01\/Slotrize-logo.png\",\"contentUrl\":\"https:\/\/theslotrize.com\/wp-content\/uploads\/2026\/01\/Slotrize-logo.png\",\"width\":54,\"height\":27,\"caption\":\"Slotrize\"},\"image\":{\"@id\":\"https:\/\/theslotrize.com\/de\/#\/schema\/logo\/image\/\"}}]}<\/script>\n<!-- \/ Yoast SEO plugin. -->","yoast_head_json":{"title":"Slotrize Login | Anmelden oder Konto erstellen","description":"Mit dem Slot Rize login erhalten Sie einfachen Zugriff auf Ihr Dashboard, inklusive Einzahlungen, Auszahlungen und Bonusverwaltung. Die Registrierung f\u00fcr neue Nutzer dauert nur wenige Sekunden und ist absolut sicher.","robots":{"index":"index","follow":"follow","max-snippet":"max-snippet:-1","max-image-preview":"max-image-preview:large","max-video-preview":"max-video-preview:-1"},"canonical":"https:\/\/theslotrize.com\/de\/anmeldung-und-registrierung\/","og_locale":"de_DE","og_type":"article","og_title":"Slotrize Login | Anmelden oder Konto erstellen","og_description":"Mit dem Slot Rize login erhalten Sie einfachen Zugriff auf Ihr Dashboard, inklusive Einzahlungen, Auszahlungen und Bonusverwaltung. Die Registrierung f\u00fcr neue Nutzer dauert nur wenige Sekunden und ist absolut sicher.","og_url":"https:\/\/theslotrize.com\/de\/anmeldung-und-registrierung\/","og_site_name":"slotrize","article_modified_time":"2026-01-30T08:13:48+00:00","twitter_card":"summary_large_image","twitter_misc":{"Gesch\u00e4tzte Lesezeit":"1\u00a0Minute"},"schema":{"@context":"https:\/\/schema.org","@graph":[{"@type":"WebPage","@id":"https:\/\/theslotrize.com\/de\/anmeldung-und-registrierung\/","url":"https:\/\/theslotrize.com\/de\/anmeldung-und-registrierung\/","name":"Slotrize Login | Anmelden oder Konto erstellen","isPartOf":{"@id":"https:\/\/theslotrize.com\/de\/#website"},"datePublished":"2026-01-29T13:59:35+00:00","dateModified":"2026-01-30T08:13:48+00:00","description":"Mit dem Slot Rize login erhalten Sie einfachen Zugriff auf Ihr Dashboard, inklusive Einzahlungen, Auszahlungen und Bonusverwaltung. Die Registrierung f\u00fcr neue Nutzer dauert nur wenige Sekunden und ist absolut sicher.","breadcrumb":{"@id":"https:\/\/theslotrize.com\/de\/anmeldung-und-registrierung\/#breadcrumb"},"inLanguage":"de","potentialAction":[{"@type":"ReadAction","target":["https:\/\/theslotrize.com\/de\/anmeldung-und-registrierung\/"]}]},{"@type":"BreadcrumbList","@id":"https:\/\/theslotrize.com\/de\/anmeldung-und-registrierung\/#breadcrumb","itemListElement":[{"@type":"ListItem","position":1,"name":"Slotrize","item":"https:\/\/theslotrize.com\/de\/"},{"@type":"ListItem","position":2,"name":"Anmeldung und Registrierung"}]},{"@type":"WebSite","@id":"https:\/\/theslotrize.com\/de\/#website","url":"https:\/\/theslotrize.com\/de\/","name":"Slotrize","description":"","publisher":{"@id":"https:\/\/theslotrize.com\/de\/#organization"},"potentialAction":[{"@type":"SearchAction","target":{"@type":"EntryPoint","urlTemplate":"https:\/\/theslotrize.com\/de\/?s={search_term_string}"},"query-input":{"@type":"PropertyValueSpecification","valueRequired":true,"valueName":"search_term_string"}}],"inLanguage":"de"},{"@type":"Organization","@id":"https:\/\/theslotrize.com\/de\/#organization","name":"Slotrize","url":"https:\/\/theslotrize.com\/de\/","logo":{"@type":"ImageObject","inLanguage":"de","@id":"https:\/\/theslotrize.com\/de\/#\/schema\/logo\/image\/","url":"https:\/\/theslotrize.com\/wp-content\/uploads\/2026\/01\/Slotrize-logo.png","contentUrl":"https:\/\/theslotrize.com\/wp-content\/uploads\/2026\/01\/Slotrize-logo.png","width":54,"height":27,"caption":"Slotrize"},"image":{"@id":"https:\/\/theslotrize.com\/de\/#\/schema\/logo\/image\/"}}]}},"_links":{"self":[{"href":"https:\/\/theslotrize.com\/de\/wp-json\/wp\/v2\/pages\/1455"}],"collection":[{"href":"https:\/\/theslotrize.com\/de\/wp-json\/wp\/v2\/pages"}],"about":[{"href":"https:\/\/theslotrize.com\/de\/wp-json\/wp\/v2\/types\/page"}],"author":[{"embeddable":true,"href":"https:\/\/theslotrize.com\/de\/wp-json\/wp\/v2\/users\/9"}],"replies":[{"embeddable":true,"href":"https:\/\/theslotrize.com\/de\/wp-json\/wp\/v2\/comments?post=1455"}],"version-history":[{"count":2,"href":"https:\/\/theslotrize.com\/de\/wp-json\/wp\/v2\/pages\/1455\/revisions"}],"predecessor-version":[{"id":1592,"href":"https:\/\/theslotrize.com\/de\/wp-json\/wp\/v2\/pages\/1455\/revisions\/1592"}],"wp:attachment":[{"href":"https:\/\/theslotrize.com\/de\/wp-json\/wp\/v2\/media?parent=1455"}],"curies":[{"name":"wp","href":"https:\/\/api.w.org\/{rel}","templated":true}]}}