{"id":1421,"date":"2026-01-29T13:55:33","date_gmt":"2026-01-29T13:55:33","guid":{"rendered":"https:\/\/theslotrize.com\/app-2\/"},"modified":"2026-01-30T10:16:51","modified_gmt":"2026-01-30T10:16:51","slug":"aplicacion","status":"publish","type":"page","link":"https:\/\/theslotrize.com\/es\/aplicacion\/","title":{"rendered":"Aplicaci\u00f3n"},"content":{"rendered":"<h1>Aplicaci\u00f3n m\u00f3vil Slotrize para Android e iOS<\/h1>\n<p>Con la Slotrize App, los usuarios espa\u00f1oles ya no est\u00e1n limitados por su ubicaci\u00f3n o el tiempo. Puedes jugar en cualquier momento y lugar. Hemos desarrollado un software m\u00f3vil compatible con todos los dispositivos Android e iOS modernos. Todas las mismas funcionalidades estar\u00e1n disponibles en tu smartphone y tableta. La instalaci\u00f3n es f\u00e1cil y se puede completar desde nuestro sitio web de Slotrize Casino.<\/p>\n<p><div class=\"banner-wrap\" aria-label=\"Banner\"><img src=\"https:\/\/theslotrize.com\/wp-content\/uploads\/2026\/01\/Desktop-banner-scaled.webp\" class=\"w-100 d-none d-lg-block img-pc main-banner-img\" alt=\"Slotrize desktop banner\" fetchpriority=\"high\" decoding=\"async\"><img src=\"https:\/\/theslotrize.com\/wp-content\/uploads\/2026\/01\/Mobile-banner.webp\" class=\"w-100 d-none d-md-block d-lg-none main-banner-img\" alt=\"Slotrize mobile banner\" fetchpriority=\"high\" decoding=\"async\"><img src=\"https:\/\/theslotrize.com\/wp-content\/uploads\/2026\/01\/Mobile-banner.webp\" class=\"w-100 d-md-none\" alt=\"Slotrize mobile banner\" fetchpriority=\"high\" decoding=\"async\"><div class=\"banner-description\">\n<div class=\"banner-title\">Bonos de bienvenida<\/div>\n<p class=\"banner-header-title\">1500 \u20ac<\/p>\n<div class=\"banner-header-AdditionalText\">+ 250 Tiradas gratis<\/div>\n<button data-item=\"homepage_banner_link\" class=\"goto m-button m-gradient-border m-button--primary m-button--large banner-button btn-orange\">\n            <div class=\"m-button-content\">\n                <span>Reg\u00edstrate ahora<\/span>\n                <span><\/span>\n            <\/div>\n        <\/button>\n<\/div>\n<div class=\"WelcomePack\">\n<p><img loading=\"lazy\" decoding=\"async\" class=\"alignnone size-full wp-image-1335\" src=\"https:\/\/theslotrize.com\/wp-content\/uploads\/2026\/01\/welcome-crown.png\" alt=\"welcome crown\" width=\"25\" height=\"26\" \/><\/p>\n<div class=\"WelcomePack-Info\">Reembolso semanal de hasta el 25 %<\/div>\n<p><img loading=\"lazy\" decoding=\"async\" class=\"alignnone size-full wp-image-1335\" src=\"https:\/\/theslotrize.com\/wp-content\/uploads\/2026\/01\/welcome-crown.png\" alt=\"welcome crown\" width=\"25\" height=\"26\" \/><\/p>\n<\/div>\n<\/div><div class=\"scrollable-content-wrap my-5\"><div class=\"scrollable-content-inner\"><h2>Aplicaci\u00f3n para iPhone y iPad<\/h2>\n<p>Si tienes un dispositivo iOS, esto te abre muchas oportunidades para estar conectado dondequiera que est\u00e9s. Tienes dos opciones para utilizar nuestra plataforma: una versi\u00f3n para navegador m\u00f3vil o una aplicaci\u00f3n dedicada. Ambas funcionar\u00e1n perfectamente en tu dispositivo. No te ponemos l\u00edmites, as\u00ed que puedes elegir la que prefieras, o incluso ambas.<\/p>\n<p>La versi\u00f3n m\u00f3vil de Slotrize Casino no tiene limitaciones. Esto significa que todos los juegos, bonificaciones y opciones de pago estar\u00e1n disponibles independientemente del dispositivo que utilices. Despu\u00e9s de iniciar sesi\u00f3n en un nuevo dispositivo, todas tus preferencias, logros y saldo se sincronizar\u00e1n.<\/p>\n<p>Usar el sitio web m\u00f3vil es f\u00e1cil. Solo tienes que visitar Slot Rize en tu navegador preferido. El dise\u00f1o y la navegaci\u00f3n ya te resultar\u00e1n familiares. Para usar la aplicaci\u00f3n Slotrize, tienes que completar el proceso de instalaci\u00f3n haciendo clic en el bot\u00f3n \u00abAplicaci\u00f3n del casino\u00bb en el pie de p\u00e1gina del sitio web.<\/p>\n<p><img loading=\"lazy\" decoding=\"async\" src=\"https:\/\/theslotrize.com\/wp-content\/uploads\/2026\/01\/Slotrize-iOS.webp\" alt=\"Slotrize iOS\" width=\"1248\" height=\"536\" \/><\/p>\n<\/div><\/div><div style=\"clear: both\"><\/div><div class=\"d-flex justify-content-center\"><button data-item=\"decouvrez_link\" data-group=\"website_links\" class=\"goto fw-bold rounded-pill btn btn-orange\" aria-label=\"Descarga la aplicaci\u00f3n Slotrize\" >Descarga la aplicaci\u00f3n Slotrize<\/button><\/div><div class=\"scrollable-content-wrap my-5\"><div class=\"scrollable-content-inner\"><h2>Slotrize para macOS o Windows<\/h2>\n<p>No hay ning\u00fan problema si quieres jugar a tragamonedas online, juegos de mesa, t\u00edtulos con crupier en vivo y mucho m\u00e1s en tu PC. Todos los t\u00edtulos de nuestra enorme colecci\u00f3n de juegos se adaptar\u00e1n al tama\u00f1o de la pantalla de tu ordenador. Slotrize est\u00e1 disponible en macOS y Windows. Todos los principales navegadores son compatibles con nuestra plataforma, incluidos Google Chrome y Safari.<\/p>\n<p>Como casino online con licencia, seguimos todos los estrictos protocolos de seguridad del sector. Tu informaci\u00f3n personal y tus transacciones est\u00e1n protegidas con el innovador cifrado 1.3 TLS. Adem\u00e1s, utilizamos sistemas CAPTCHA y antibots para mantener tu perfil seguro, independientemente del dispositivo que utilices.<\/p>\n<h3>C\u00f3mo instalar la aplicaci\u00f3n en el PC<\/h3>\n<p>Para disfrutar de una experiencia de juego m\u00e1s personalizada en tu PC o port\u00e1til, puedes instalar la aplicaci\u00f3n Slotrize y acceder a ella con un solo clic. Esto significa que no tendr\u00e1s que ir al navegador y buscar el sitio web necesario.<\/p>\n<p>La instalaci\u00f3n se puede completar en cualquier navegador y en cualquier dispositivo. Sigue nuestras instrucciones a continuaci\u00f3n para hacerlo de forma r\u00e1pida y sin complicaciones:<\/p>\n<ol>\n<li>Visita Slot Rize Casino en tu navegador preferido.<\/li>\n<li>Haz clic en el bot\u00f3n de tres puntos de la barra de direcciones (en Chrome) o en el bot\u00f3n \u00abCompartir\u00bb (en Safari).<\/li>\n<li>De entre las opciones disponibles, elige \u00abA\u00f1adir a la pantalla de inicio\u00bb.<\/li>\n<li>Personalice el nombre y la apariencia del icono si es necesario.<\/li>\n<li>Despu\u00e9s de enviar los cambios, el icono de la marca aparecer\u00e1 inmediatamente en su pantalla de inicio.<\/li>\n<\/ol>\n<p><img loading=\"lazy\" decoding=\"async\" src=\"https:\/\/theslotrize.com\/wp-content\/uploads\/2026\/01\/Slotrize-Desktop.webp\" alt=\"Slotrize Desktop\" width=\"1248\" height=\"536\" \/><\/p>\n<\/div><\/div><div style=\"clear: both\"><\/div><div class=\"d-flex justify-content-center\"><button data-item=\"decouvrez_link\" data-group=\"website_links\" class=\"goto fw-bold rounded-pill btn btn-orange\" aria-label=\"Descargar Slotrize\" >Descargar Slotrize<\/button><\/div><div class=\"scrollable-content-wrap my-5\"><div class=\"scrollable-content-inner\"><h2>Aplicaci\u00f3n m\u00f3vil para dispositivos Android<\/h2>\n<p>Los usuarios de Android no se quedar\u00e1n fuera si quieren probar nuestro casino m\u00f3vil en su smartphone o tableta. Tendr\u00e1s las mismas oportunidades que cualquier otro cliente. En la versi\u00f3n para navegador m\u00f3vil, podr\u00e1s disfrutar de los mismos procesos. Si eres nuevo en la plataforma Slotrize, solo tienes que registrarte desde tu dispositivo m\u00f3vil. Antes de realizar el primer retiro, tambi\u00e9n te pediremos que completes el proceso de verificaci\u00f3n.<\/p>\n<p>Adem\u00e1s, los jugadores de Android pueden probar la aplicaci\u00f3n Slotrize de forma gratuita. Se ha desarrollado de acuerdo con las funcionalidades de control t\u00e1ctil. Esto significa, por ejemplo, que los botones est\u00e1n colocados de manera que no se interrumpan entre s\u00ed en una pantalla peque\u00f1a y ofrezcan una navegaci\u00f3n c\u00f3moda. Tambi\u00e9n hemos utilizado funciones de deslizamiento y desplazamiento para que no pierdas nada de tu experiencia.<\/p>\n<h3>C\u00f3mo descargar Slotrize Casino<\/h3>\n<p>La instalaci\u00f3n de la aplicaci\u00f3n Slotrize se puede completar en 3 minutos. Hemos dise\u00f1ado el proceso para que sea sencillo y r\u00e1pido. Solo necesitas tu dispositivo m\u00f3vil y una conexi\u00f3n a Internet estable. La siguiente tabla muestra el proceso paso a paso.<\/p>\n<table>\n<tbody>\n<tr>\n<td>Paso<\/td>\n<td>Detalles<\/td>\n<\/tr>\n<tr>\n<td>Ve a nuestro sitio web<\/td>\n<td>Los usuarios pueden completar el proceso de instalaci\u00f3n en cualquier navegador que prefieran<\/td>\n<\/tr>\n<tr>\n<td>Haga clic en el bot\u00f3n \u00abM\u00e1s\u00bb<\/td>\n<td>Se encuentra en la barra de direcciones y tiene la forma de tres puntos verticales<\/td>\n<\/tr>\n<tr>\n<td>Seleccione \u00abA\u00f1adir a la pantalla de inicio\u00bb<\/td>\n<td>En la lista, busque la opci\u00f3n que necesita<\/td>\n<\/tr>\n<tr>\n<td>Personalice el futuro icono<\/td>\n<td>Los jugadores tienen la oportunidad de cambiar el nombre y la apariencia del icono de Slotrize<\/td>\n<\/tr>\n<tr>\n<td>Haga clic en \u00abA\u00f1adir\u00bb para crear un icono<\/td>\n<td>Este paso confirma todas las acciones anteriores. En unos segundos, el icono aparecer\u00e1 en su pantalla de inicio.<\/td>\n<\/tr>\n<\/tbody>\n<\/table>\n<p><img loading=\"lazy\" decoding=\"async\" src=\"https:\/\/theslotrize.com\/wp-content\/uploads\/2026\/01\/Slotrize-Android.webp\" alt=\"Slotrize Android\" width=\"1248\" height=\"536\" \/><\/p>\n<\/div><\/div><div style=\"clear: both\"><\/div><div class=\"d-flex justify-content-center\"><button data-item=\"decouvrez_link\" data-group=\"website_links\" class=\"goto fw-bold rounded-pill btn btn-orange\" aria-label=\"Descarga la aplicaci\u00f3n Slotrize\" >Descarga la aplicaci\u00f3n Slotrize<\/button><\/div><\/p>\n<h2>Por qu\u00e9 deber\u00eda elegir la aplicaci\u00f3n Slot Rize<\/h2>\n<p>Elegir la aplicaci\u00f3n Slot Rize es una decisi\u00f3n inteligente para los jugadores que valoran la comodidad, el rendimiento y el acceso seguro a nuestro casino en l\u00ednea desde un dispositivo m\u00f3vil. El software es y est\u00e1 construido como una aplicaci\u00f3n web progresiva (PWA). Ofrece una gran experiencia sin ocupar espacio de almacenamiento ni requerir actualizaciones frecuentes.<\/p>\n<p>La interfaz es r\u00e1pida y receptiva, lo que permite que los t\u00edtulos se carguen r\u00e1pidamente incluso con conexiones m\u00e1s lentas. La navegaci\u00f3n intuitiva facilita la exploraci\u00f3n de todo tipo de juegos y promociones en curso. Si tienes alg\u00fan problema o pregunta mientras utilizas el casino m\u00f3vil, nuestro equipo de atenci\u00f3n al cliente est\u00e1 disponible para ayudarte de forma r\u00e1pida y profesional a trav\u00e9s del chat en vivo o el correo electr\u00f3nico.<\/p>\n<div class=\"scrollable-content-wrap my-5\"><div class=\"scrollable-content-inner\"><h2>Preguntas frecuentes<\/h2>\n<h3>\u00bfLas actualizaciones de la aplicaci\u00f3n m\u00f3vil de Slot Rize Casino son autom\u00e1ticas?<\/h3>\n<p>Al tratarse de una aplicaci\u00f3n progresiva, siempre se actualiza autom\u00e1ticamente. No es necesario que realices ninguna acci\u00f3n adicional. Slotrize Casino informa a los clientes de cualquier cambio mediante notificaciones push y correos electr\u00f3nicos.<\/p>\n<h3>\u00bfFunciona la aplicaci\u00f3n para Android en tabletas?<\/h3>\n<p>El software m\u00f3vil est\u00e1 disponible en todos los dispositivos Android, incluidos los tel\u00e9fonos inteligentes y las tabletas. La aplicaci\u00f3n se adapta al tama\u00f1o y la resoluci\u00f3n de su pantalla, lo que proporciona una excelente experiencia de juego.<\/p>\n<h3>\u00bfLos juegos con crupier en vivo est\u00e1n disponibles para jugar en el m\u00f3vil?<\/h3>\n<p>Toda la colecci\u00f3n de juegos, con m\u00e1s de 6.000 t\u00edtulos, est\u00e1 disponible en dispositivos m\u00f3viles, incluidos los juegos de casino en vivo. Todos ellos est\u00e1n dise\u00f1ados con funcionalidad t\u00e1ctil, para que puedas disfrutar de unos gr\u00e1ficos agradables y una navegaci\u00f3n c\u00f3moda.<\/p>\n<\/div><\/div>\n","protected":false},"excerpt":{"rendered":"<p>Aplicaci\u00f3n m\u00f3vil Slotrize para Android e iOS Con la Slotrize App, los usuarios espa\u00f1oles ya no est\u00e1n limitados por su ubicaci\u00f3n o el tiempo. Puedes jugar en cualquier momento y lugar. Hemos desarrollado un software m\u00f3vil compatible con todos los dispositivos Android e iOS modernos. Todas las mismas funcionalidades estar\u00e1n disponibles en tu smartphone y [&hellip;]<\/p>\n","protected":false},"author":9,"featured_media":0,"parent":0,"menu_order":0,"comment_status":"closed","ping_status":"closed","template":"template-builder.php","meta":{"_acf_changed":false,"inline_featured_image":false,"footnotes":""},"class_list":["post-1421","page","type-page","status-publish","hentry"],"acf":[],"yoast_head":"<!-- This site is optimized with the Yoast SEO plugin v24.4 - https:\/\/yoast.com\/wordpress\/plugins\/seo\/ -->\n<title>Slotrize App | Casino m\u00f3vil para Android e iOS<\/title>\n<meta name=\"description\" content=\"Tu biblioteca completa de juegos cabe en tu bolsillo con la Slot Rize app oficial. Disfruta de una experiencia de juego emocionante, actualizaciones peri\u00f3dicas y acceso seguro desde cualquier dispositivo compatible.\" \/>\n<meta name=\"robots\" content=\"index, follow, max-snippet:-1, max-image-preview:large, max-video-preview:-1\" \/>\n<link rel=\"canonical\" href=\"https:\/\/theslotrize.com\/es\/aplicacion\/\" \/>\n<meta property=\"og:locale\" content=\"es_ES\" \/>\n<meta property=\"og:type\" content=\"article\" \/>\n<meta property=\"og:title\" content=\"Slotrize App | Casino m\u00f3vil para Android e iOS\" \/>\n<meta property=\"og:description\" content=\"Tu biblioteca completa de juegos cabe en tu bolsillo con la Slot Rize app oficial. Disfruta de una experiencia de juego emocionante, actualizaciones peri\u00f3dicas y acceso seguro desde cualquier dispositivo compatible.\" \/>\n<meta property=\"og:url\" content=\"https:\/\/theslotrize.com\/es\/aplicacion\/\" \/>\n<meta property=\"og:site_name\" content=\"slotrize\" \/>\n<meta property=\"article:modified_time\" content=\"2026-01-30T10:16:51+00:00\" \/>\n<meta name=\"twitter:card\" content=\"summary_large_image\" \/>\n<meta name=\"twitter:label1\" content=\"Est. reading time\" \/>\n\t<meta name=\"twitter:data1\" content=\"1 minuto\" \/>\n<script type=\"application\/ld+json\" class=\"yoast-schema-graph\">{\"@context\":\"https:\/\/schema.org\",\"@graph\":[{\"@type\":\"WebPage\",\"@id\":\"https:\/\/theslotrize.com\/es\/aplicacion\/\",\"url\":\"https:\/\/theslotrize.com\/es\/aplicacion\/\",\"name\":\"Slotrize App | Casino m\u00f3vil para Android e iOS\",\"isPartOf\":{\"@id\":\"https:\/\/theslotrize.com\/es\/#website\"},\"datePublished\":\"2026-01-29T13:55:33+00:00\",\"dateModified\":\"2026-01-30T10:16:51+00:00\",\"description\":\"Tu biblioteca completa de juegos cabe en tu bolsillo con la Slot Rize app oficial. Disfruta de una experiencia de juego emocionante, actualizaciones peri\u00f3dicas y acceso seguro desde cualquier dispositivo compatible.\",\"breadcrumb\":{\"@id\":\"https:\/\/theslotrize.com\/es\/aplicacion\/#breadcrumb\"},\"inLanguage\":\"es\",\"potentialAction\":[{\"@type\":\"ReadAction\",\"target\":[\"https:\/\/theslotrize.com\/es\/aplicacion\/\"]}]},{\"@type\":\"BreadcrumbList\",\"@id\":\"https:\/\/theslotrize.com\/es\/aplicacion\/#breadcrumb\",\"itemListElement\":[{\"@type\":\"ListItem\",\"position\":1,\"name\":\"Slotrize\",\"item\":\"https:\/\/theslotrize.com\/es\/\"},{\"@type\":\"ListItem\",\"position\":2,\"name\":\"Aplicaci\u00f3n\"}]},{\"@type\":\"WebSite\",\"@id\":\"https:\/\/theslotrize.com\/es\/#website\",\"url\":\"https:\/\/theslotrize.com\/es\/\",\"name\":\"Slotrize\",\"description\":\"\",\"publisher\":{\"@id\":\"https:\/\/theslotrize.com\/es\/#organization\"},\"potentialAction\":[{\"@type\":\"SearchAction\",\"target\":{\"@type\":\"EntryPoint\",\"urlTemplate\":\"https:\/\/theslotrize.com\/es\/?s={search_term_string}\"},\"query-input\":{\"@type\":\"PropertyValueSpecification\",\"valueRequired\":true,\"valueName\":\"search_term_string\"}}],\"inLanguage\":\"es\"},{\"@type\":\"Organization\",\"@id\":\"https:\/\/theslotrize.com\/es\/#organization\",\"name\":\"Slotrize\",\"url\":\"https:\/\/theslotrize.com\/es\/\",\"logo\":{\"@type\":\"ImageObject\",\"inLanguage\":\"es\",\"@id\":\"https:\/\/theslotrize.com\/es\/#\/schema\/logo\/image\/\",\"url\":\"https:\/\/theslotrize.com\/wp-content\/uploads\/2026\/01\/Slotrize-logo.png\",\"contentUrl\":\"https:\/\/theslotrize.com\/wp-content\/uploads\/2026\/01\/Slotrize-logo.png\",\"width\":54,\"height\":27,\"caption\":\"Slotrize\"},\"image\":{\"@id\":\"https:\/\/theslotrize.com\/es\/#\/schema\/logo\/image\/\"}}]}<\/script>\n<!-- \/ Yoast SEO plugin. -->","yoast_head_json":{"title":"Slotrize App | Casino m\u00f3vil para Android e iOS","description":"Tu biblioteca completa de juegos cabe en tu bolsillo con la Slot Rize app oficial. Disfruta de una experiencia de juego emocionante, actualizaciones peri\u00f3dicas y acceso seguro desde cualquier dispositivo compatible.","robots":{"index":"index","follow":"follow","max-snippet":"max-snippet:-1","max-image-preview":"max-image-preview:large","max-video-preview":"max-video-preview:-1"},"canonical":"https:\/\/theslotrize.com\/es\/aplicacion\/","og_locale":"es_ES","og_type":"article","og_title":"Slotrize App | Casino m\u00f3vil para Android e iOS","og_description":"Tu biblioteca completa de juegos cabe en tu bolsillo con la Slot Rize app oficial. Disfruta de una experiencia de juego emocionante, actualizaciones peri\u00f3dicas y acceso seguro desde cualquier dispositivo compatible.","og_url":"https:\/\/theslotrize.com\/es\/aplicacion\/","og_site_name":"slotrize","article_modified_time":"2026-01-30T10:16:51+00:00","twitter_card":"summary_large_image","twitter_misc":{"Est. reading time":"1 minuto"},"schema":{"@context":"https:\/\/schema.org","@graph":[{"@type":"WebPage","@id":"https:\/\/theslotrize.com\/es\/aplicacion\/","url":"https:\/\/theslotrize.com\/es\/aplicacion\/","name":"Slotrize App | Casino m\u00f3vil para Android e iOS","isPartOf":{"@id":"https:\/\/theslotrize.com\/es\/#website"},"datePublished":"2026-01-29T13:55:33+00:00","dateModified":"2026-01-30T10:16:51+00:00","description":"Tu biblioteca completa de juegos cabe en tu bolsillo con la Slot Rize app oficial. Disfruta de una experiencia de juego emocionante, actualizaciones peri\u00f3dicas y acceso seguro desde cualquier dispositivo compatible.","breadcrumb":{"@id":"https:\/\/theslotrize.com\/es\/aplicacion\/#breadcrumb"},"inLanguage":"es","potentialAction":[{"@type":"ReadAction","target":["https:\/\/theslotrize.com\/es\/aplicacion\/"]}]},{"@type":"BreadcrumbList","@id":"https:\/\/theslotrize.com\/es\/aplicacion\/#breadcrumb","itemListElement":[{"@type":"ListItem","position":1,"name":"Slotrize","item":"https:\/\/theslotrize.com\/es\/"},{"@type":"ListItem","position":2,"name":"Aplicaci\u00f3n"}]},{"@type":"WebSite","@id":"https:\/\/theslotrize.com\/es\/#website","url":"https:\/\/theslotrize.com\/es\/","name":"Slotrize","description":"","publisher":{"@id":"https:\/\/theslotrize.com\/es\/#organization"},"potentialAction":[{"@type":"SearchAction","target":{"@type":"EntryPoint","urlTemplate":"https:\/\/theslotrize.com\/es\/?s={search_term_string}"},"query-input":{"@type":"PropertyValueSpecification","valueRequired":true,"valueName":"search_term_string"}}],"inLanguage":"es"},{"@type":"Organization","@id":"https:\/\/theslotrize.com\/es\/#organization","name":"Slotrize","url":"https:\/\/theslotrize.com\/es\/","logo":{"@type":"ImageObject","inLanguage":"es","@id":"https:\/\/theslotrize.com\/es\/#\/schema\/logo\/image\/","url":"https:\/\/theslotrize.com\/wp-content\/uploads\/2026\/01\/Slotrize-logo.png","contentUrl":"https:\/\/theslotrize.com\/wp-content\/uploads\/2026\/01\/Slotrize-logo.png","width":54,"height":27,"caption":"Slotrize"},"image":{"@id":"https:\/\/theslotrize.com\/es\/#\/schema\/logo\/image\/"}}]}},"_links":{"self":[{"href":"https:\/\/theslotrize.com\/es\/wp-json\/wp\/v2\/pages\/1421"}],"collection":[{"href":"https:\/\/theslotrize.com\/es\/wp-json\/wp\/v2\/pages"}],"about":[{"href":"https:\/\/theslotrize.com\/es\/wp-json\/wp\/v2\/types\/page"}],"author":[{"embeddable":true,"href":"https:\/\/theslotrize.com\/es\/wp-json\/wp\/v2\/users\/9"}],"replies":[{"embeddable":true,"href":"https:\/\/theslotrize.com\/es\/wp-json\/wp\/v2\/comments?post=1421"}],"version-history":[{"count":2,"href":"https:\/\/theslotrize.com\/es\/wp-json\/wp\/v2\/pages\/1421\/revisions"}],"predecessor-version":[{"id":1772,"href":"https:\/\/theslotrize.com\/es\/wp-json\/wp\/v2\/pages\/1421\/revisions\/1772"}],"wp:attachment":[{"href":"https:\/\/theslotrize.com\/es\/wp-json\/wp\/v2\/media?parent=1421"}],"curies":[{"name":"wp","href":"https:\/\/api.w.org\/{rel}","templated":true}]}}