{"id":1433,"date":"2026-01-29T14:06:36","date_gmt":"2026-01-29T14:06:36","guid":{"rendered":"https:\/\/theslotrize.com\/bonus-2\/"},"modified":"2026-01-30T10:21:31","modified_gmt":"2026-01-30T10:21:31","slug":"bonificacion","status":"publish","type":"page","link":"https:\/\/theslotrize.com\/es\/bonificacion\/","title":{"rendered":"Bonificaci\u00f3n"},"content":{"rendered":"<h1>Promociones y bonificaciones de Slotrize<\/h1>\n<p>Nos interesa que la experiencia de nuestros clientes espa\u00f1oles sea a\u00fan m\u00e1s emocionante y rentable. Por eso hemos creado la colecci\u00f3n de Slotrize bonus, con muchas opciones para jugadores nuevos y habituales. Todos los nuevos jugadores reciben un generoso paquete de bienvenida que incluye giros gratis y bonificaciones en efectivo. Los usuarios habituales pueden aprovechar el reembolso semanal, la recarga del domingo, el rakeback y muchas otras opciones interesantes.<\/p>\n<p><div class=\"banner-wrap\" aria-label=\"Banner\"><img src=\"https:\/\/theslotrize.com\/wp-content\/uploads\/2026\/01\/Desktop-banner-scaled.webp\" class=\"w-100 d-none d-lg-block img-pc main-banner-img\" alt=\"Slotrize desktop banner\" fetchpriority=\"high\" decoding=\"async\"><img src=\"https:\/\/theslotrize.com\/wp-content\/uploads\/2026\/01\/Mobile-banner.webp\" class=\"w-100 d-none d-md-block d-lg-none main-banner-img\" alt=\"Slotrize mobile banner\" fetchpriority=\"high\" decoding=\"async\"><img src=\"https:\/\/theslotrize.com\/wp-content\/uploads\/2026\/01\/Mobile-banner.webp\" class=\"w-100 d-md-none\" alt=\"Slotrize mobile banner\" fetchpriority=\"high\" decoding=\"async\"><div class=\"banner-description\">\n<div class=\"banner-title\">Bonos de bienvenida<\/div>\n<p class=\"banner-header-title\">1500 \u20ac<\/p>\n<div class=\"banner-header-AdditionalText\">+ 250 Tiradas gratis<\/div>\n<button data-item=\"homepage_banner_link\" class=\"goto m-button m-gradient-border m-button--primary m-button--large banner-button btn-orange\">\n            <div class=\"m-button-content\">\n                <span>Reg\u00edstrate ahora<\/span>\n                <span><\/span>\n            <\/div>\n        <\/button>\n<\/div>\n<div class=\"WelcomePack\">\n<p><img loading=\"lazy\" decoding=\"async\" class=\"alignnone size-full wp-image-1335\" src=\"https:\/\/theslotrize.com\/wp-content\/uploads\/2026\/01\/welcome-crown.png\" alt=\"welcome crown\" width=\"25\" height=\"26\" \/><\/p>\n<div class=\"WelcomePack-Info\">Reembolso semanal de hasta el 25 %<\/div>\n<p><img loading=\"lazy\" decoding=\"async\" class=\"alignnone size-full wp-image-1335\" src=\"https:\/\/theslotrize.com\/wp-content\/uploads\/2026\/01\/welcome-crown.png\" alt=\"welcome crown\" width=\"25\" height=\"26\" \/><\/p>\n<\/div>\n<\/div><div class=\"promotions-wrap\"><div class=\"promotion-card\" style=\"background-image: url(https:\/\/theslotrize.com\/wp-content\/uploads\/2026\/01\/First-deposit.webp);\"><h2 class=\"promotion-card__title\">Oferta por primer dep\u00f3sito<\/h2><label class=\"promotion-card__offer\">100 % hasta 500 \u20ac + 150 tiradas gratis<\/label><label class=\"promotion-card__description\"><\/label><div class=\"promotion-card__actions\"><button data-item=\"payments_link\" data-group=\"website_links\" class=\"goto btn btn-orange rounded-pill fw-bold px-4 m-button m-gradient-border m-button--primary m-button--large promotion-button promotion-card__action-btn\" aria-label=\"Registrarse\"><div class=\"m-button-content\"><span class=\"promotion-button__content\">Registrarse<\/span><\/div><\/button><button data-item=\"http:\/\/bonus_link\" data-group=\"website_links\" class=\"goto m-button m-gradient-border m-button--secondary m-button--medium promotion-card__info-btn\" aria-label=\"More information\"><div class=\"m-button-content\"><svg viewBox=\"0 0 24 24\" fill=\"none\" xmlns=\"http:\/\/www.w3.org\/2000\/svg\" class=\"m-icon m-icon-loadable\" name=\"Attention\" loading=\"false\" aria-hidden=\"true\"><path d=\"M12 22C6.477 22 2 17.522 2 12S6.477 2 12 2s10 4.478 10 10-4.477 10-10 10m-.002-13.004a.999.999 0 1 0 0-1.997.999.999 0 0 0 0 1.997M12 17a1 1 0 0 0 .993-.884L13 16l-.002-5.001-.007-.117a1 1 0 0 0-1.986 0l-.007.117L11 16l.007.117A1 1 0 0 0 12 17\" fill=\"currentColor\"><\/path><\/svg><\/div><\/button><\/div><\/div><div class=\"promotion-card\" style=\"background-image: url(https:\/\/theslotrize.com\/wp-content\/uploads\/2026\/01\/Second-deposit.webp);\"><h2 class=\"promotion-card__title\">Oferta por segundo dep\u00f3sito<\/h2><label class=\"promotion-card__offer\">55 % hasta 500 \u20ac + 100 tiradas gratis<\/label><label class=\"promotion-card__description\"><\/label><div class=\"promotion-card__actions\"><button data-item=\"payments_link\" data-group=\"website_links\" class=\"goto btn btn-orange rounded-pill fw-bold px-4 m-button m-gradient-border m-button--primary m-button--large promotion-button promotion-card__action-btn\" aria-label=\"Registrarse\"><div class=\"m-button-content\"><span class=\"promotion-button__content\">Registrarse<\/span><\/div><\/button><button data-item=\"http:\/\/bonus_link\" data-group=\"website_links\" class=\"goto m-button m-gradient-border m-button--secondary m-button--medium promotion-card__info-btn\" aria-label=\"More information\"><div class=\"m-button-content\"><svg viewBox=\"0 0 24 24\" fill=\"none\" xmlns=\"http:\/\/www.w3.org\/2000\/svg\" class=\"m-icon m-icon-loadable\" name=\"Attention\" loading=\"false\" aria-hidden=\"true\"><path d=\"M12 22C6.477 22 2 17.522 2 12S6.477 2 12 2s10 4.478 10 10-4.477 10-10 10m-.002-13.004a.999.999 0 1 0 0-1.997.999.999 0 0 0 0 1.997M12 17a1 1 0 0 0 .993-.884L13 16l-.002-5.001-.007-.117a1 1 0 0 0-1.986 0l-.007.117L11 16l.007.117A1 1 0 0 0 12 17\" fill=\"currentColor\"><\/path><\/svg><\/div><\/button><\/div><\/div><div class=\"promotion-card\" style=\"background-image: url(https:\/\/theslotrize.com\/wp-content\/uploads\/2026\/01\/Third-deposit.webp);\"><h2 class=\"promotion-card__title\">Oferta por tercer dep\u00f3sito<\/h2><label class=\"promotion-card__offer\">100 % hasta 500 \u20ac<\/label><label class=\"promotion-card__description\"><\/label><div class=\"promotion-card__actions\"><button data-item=\"payments_link\" data-group=\"website_links\" class=\"goto btn btn-orange rounded-pill fw-bold px-4 m-button m-gradient-border m-button--primary m-button--large promotion-button promotion-card__action-btn\" aria-label=\"Registrarse\"><div class=\"m-button-content\"><span class=\"promotion-button__content\">Registrarse<\/span><\/div><\/button><button data-item=\"http:\/\/bonus_link\" data-group=\"website_links\" class=\"goto m-button m-gradient-border m-button--secondary m-button--medium promotion-card__info-btn\" aria-label=\"More information\"><div class=\"m-button-content\"><svg viewBox=\"0 0 24 24\" fill=\"none\" xmlns=\"http:\/\/www.w3.org\/2000\/svg\" class=\"m-icon m-icon-loadable\" name=\"Attention\" loading=\"false\" aria-hidden=\"true\"><path d=\"M12 22C6.477 22 2 17.522 2 12S6.477 2 12 2s10 4.478 10 10-4.477 10-10 10m-.002-13.004a.999.999 0 1 0 0-1.997.999.999 0 0 0 0 1.997M12 17a1 1 0 0 0 .993-.884L13 16l-.002-5.001-.007-.117a1 1 0 0 0-1.986 0l-.007.117L11 16l.007.117A1 1 0 0 0 12 17\" fill=\"currentColor\"><\/path><\/svg><\/div><\/button><\/div><\/div><div class=\"promotion-card\" style=\"background-image: url(https:\/\/theslotrize.com\/wp-content\/uploads\/2026\/01\/Cashback.webp);\"><h2 class=\"promotion-card__title\">Reembolso semanal<\/h2><label class=\"promotion-card__offer\">hasta el 25 %<\/label><label class=\"promotion-card__description\"><\/label><div class=\"promotion-card__actions\"><button data-item=\"payments_link\" data-group=\"website_links\" class=\"goto btn btn-orange rounded-pill fw-bold px-4 m-button m-gradient-border m-button--primary m-button--large promotion-button promotion-card__action-btn\" aria-label=\"Registrarse\"><div class=\"m-button-content\"><span class=\"promotion-button__content\">Registrarse<\/span><\/div><\/button><button data-item=\"http:\/\/bonus_link\" data-group=\"website_links\" class=\"goto m-button m-gradient-border m-button--secondary m-button--medium promotion-card__info-btn\" aria-label=\"More information\"><div class=\"m-button-content\"><svg viewBox=\"0 0 24 24\" fill=\"none\" xmlns=\"http:\/\/www.w3.org\/2000\/svg\" class=\"m-icon m-icon-loadable\" name=\"Attention\" loading=\"false\" aria-hidden=\"true\"><path d=\"M12 22C6.477 22 2 17.522 2 12S6.477 2 12 2s10 4.478 10 10-4.477 10-10 10m-.002-13.004a.999.999 0 1 0 0-1.997.999.999 0 0 0 0 1.997M12 17a1 1 0 0 0 .993-.884L13 16l-.002-5.001-.007-.117a1 1 0 0 0-1.986 0l-.007.117L11 16l.007.117A1 1 0 0 0 12 17\" fill=\"currentColor\"><\/path><\/svg><\/div><\/button><\/div><\/div><div class=\"promotion-card\" style=\"background-image: url(https:\/\/theslotrize.com\/wp-content\/uploads\/2026\/01\/Sunday-reload.webp);\"><h2 class=\"promotion-card__title\">Recarga del domingo<\/h2><label class=\"promotion-card__offer\">25 % hasta 100 \u20ac<\/label><label class=\"promotion-card__description\"><\/label><div class=\"promotion-card__actions\"><button data-item=\"payments_link\" data-group=\"website_links\" class=\"goto btn btn-orange rounded-pill fw-bold px-4 m-button m-gradient-border m-button--primary m-button--large promotion-button promotion-card__action-btn\" aria-label=\"Registrarse\"><div class=\"m-button-content\"><span class=\"promotion-button__content\">Registrarse<\/span><\/div><\/button><button data-item=\"http:\/\/bonus_link\" data-group=\"website_links\" class=\"goto m-button m-gradient-border m-button--secondary m-button--medium promotion-card__info-btn\" aria-label=\"More information\"><div class=\"m-button-content\"><svg viewBox=\"0 0 24 24\" fill=\"none\" xmlns=\"http:\/\/www.w3.org\/2000\/svg\" class=\"m-icon m-icon-loadable\" name=\"Attention\" loading=\"false\" aria-hidden=\"true\"><path d=\"M12 22C6.477 22 2 17.522 2 12S6.477 2 12 2s10 4.478 10 10-4.477 10-10 10m-.002-13.004a.999.999 0 1 0 0-1.997.999.999 0 0 0 0 1.997M12 17a1 1 0 0 0 .993-.884L13 16l-.002-5.001-.007-.117a1 1 0 0 0-1.986 0l-.007.117L11 16l.007.117A1 1 0 0 0 12 17\" fill=\"currentColor\"><\/path><\/svg><\/div><\/button><\/div><\/div><div class=\"promotion-card\" style=\"background-image: url(https:\/\/theslotrize.com\/wp-content\/uploads\/2026\/01\/Rakeback.webp);\"><h2 class=\"promotion-card__title\">Rakeback<\/h2><label class=\"promotion-card__offer\">hasta el 17 %<\/label><label class=\"promotion-card__description\"><\/label><div class=\"promotion-card__actions\"><button data-item=\"payments_link\" data-group=\"website_links\" class=\"goto btn btn-orange rounded-pill fw-bold px-4 m-button m-gradient-border m-button--primary m-button--large promotion-button promotion-card__action-btn\" aria-label=\"Registrarse\"><div class=\"m-button-content\"><span class=\"promotion-button__content\">Registrarse<\/span><\/div><\/button><button data-item=\"http:\/\/bonus_link\" data-group=\"website_links\" class=\"goto m-button m-gradient-border m-button--secondary m-button--medium promotion-card__info-btn\" aria-label=\"More information\"><div class=\"m-button-content\"><svg viewBox=\"0 0 24 24\" fill=\"none\" xmlns=\"http:\/\/www.w3.org\/2000\/svg\" class=\"m-icon m-icon-loadable\" name=\"Attention\" loading=\"false\" aria-hidden=\"true\"><path d=\"M12 22C6.477 22 2 17.522 2 12S6.477 2 12 2s10 4.478 10 10-4.477 10-10 10m-.002-13.004a.999.999 0 1 0 0-1.997.999.999 0 0 0 0 1.997M12 17a1 1 0 0 0 .993-.884L13 16l-.002-5.001-.007-.117a1 1 0 0 0-1.986 0l-.007.117L11 16l.007.117A1 1 0 0 0 12 17\" fill=\"currentColor\"><\/path><\/svg><\/div><\/button><\/div><\/div><div class=\"promotion-card\" style=\"background-image: url(https:\/\/theslotrize.com\/wp-content\/uploads\/2026\/01\/Highroller.webp);\"><h2 class=\"promotion-card__title\">Bono Highroller<\/h2><label class=\"promotion-card__offer\">50 % hasta 500 \u20ac<\/label><label class=\"promotion-card__description\"><\/label><div class=\"promotion-card__actions\"><button data-item=\"payments_link\" data-group=\"website_links\" class=\"goto btn btn-orange rounded-pill fw-bold px-4 m-button m-gradient-border m-button--primary m-button--large promotion-button promotion-card__action-btn\" aria-label=\"Registrarse\"><div class=\"m-button-content\"><span class=\"promotion-button__content\">Registrarse<\/span><\/div><\/button><button data-item=\"http:\/\/bonus_link\" data-group=\"website_links\" class=\"goto m-button m-gradient-border m-button--secondary m-button--medium promotion-card__info-btn\" aria-label=\"More information\"><div class=\"m-button-content\"><svg viewBox=\"0 0 24 24\" fill=\"none\" xmlns=\"http:\/\/www.w3.org\/2000\/svg\" class=\"m-icon m-icon-loadable\" name=\"Attention\" loading=\"false\" aria-hidden=\"true\"><path d=\"M12 22C6.477 22 2 17.522 2 12S6.477 2 12 2s10 4.478 10 10-4.477 10-10 10m-.002-13.004a.999.999 0 1 0 0-1.997.999.999 0 0 0 0 1.997M12 17a1 1 0 0 0 .993-.884L13 16l-.002-5.001-.007-.117a1 1 0 0 0-1.986 0l-.007.117L11 16l.007.117A1 1 0 0 0 12 17\" fill=\"currentColor\"><\/path><\/svg><\/div><\/button><\/div><\/div><\/div><div class=\"scrollable-content-wrap my-5\"><div class=\"scrollable-content-inner\"><h2>Ofertas de bienvenida de Slotrize<\/h2>\n<p>Los nuevos usuarios deben registrarse y realizar su primer dep\u00f3sito para empezar a jugar con dinero real. Es un proceso r\u00e1pido que no le llevar\u00e1 mucho tiempo. Para motivarle a\u00fan m\u00e1s, le garantizamos que todos los jugadores reci\u00e9n registrados recibir\u00e1n autom\u00e1ticamente el paquete de bienvenida de Slot Rize Casino de hasta 1.500 \u20ac + 250 tiradas gratis. Se dividir\u00e1 entre sus tres primeros dep\u00f3sitos, de la siguiente manera:<\/p>\n<ul>\n<li>Oferta por primer dep\u00f3sito del 100 % hasta 500 \u20ac + 150 tiradas gratis<\/li>\n<li>Oferta por segundo dep\u00f3sito del 55 % hasta 500 \u20ac + 100 tiradas gratis<\/li>\n<li>Oferta por tercer dep\u00f3sito del 100 % hasta 500 \u20ac<\/li>\n<\/ul>\n<p>Para obtener el bono de Slotrize para nuevos usuarios, debes depositar al menos 20 \u20ac. Despu\u00e9s de activar el paquete, estar\u00e1 disponible durante 7 d\u00edas. Los jugadores obtienen 50 tiradas gratis cada d\u00eda despu\u00e9s de realizar el primer dep\u00f3sito. Para retirar las ganancias, el importe del bono de Slot Rize debe apostarse 35 veces. Solo despu\u00e9s de cumplir todos los requisitos obtendr\u00e1s la recompensa.<\/p>\n<h2>Torneos y misiones en Slot Rize<\/h2>\n<p>Adem\u00e1s de nuestras ofertas de bonos Slotrize, tenemos una gran selecci\u00f3n de torneos. Esta categor\u00eda puede ser interesante para todos aquellos a los que les guste competir contra otros jugadores. Los eventos pueden tener diferentes reglas de participaci\u00f3n. En algunos casos, te conviertes autom\u00e1ticamente en participante cuando empiezas a jugar a determinados t\u00edtulos. Otros torneos requieren una cuota de inscripci\u00f3n especial para participar.<\/p>\n<p>Organizamos eventos de temporada, pero tambi\u00e9n tenemos torneos regulares en los que pueden participar todos los jugadores de Slot Rize. Actualmente, tenemos el torneo Spinoleague con un enorme bote de 12.000.000 \u20ac. Tambi\u00e9n est\u00e1 el evento BGaming Drops, en el que puedes ganar 60.000 \u20ac, y el torneo en vivo con un bote de 10.000 \u20ac.<\/p>\n<p>Slotrize Casino tambi\u00e9n te sorprender\u00e1 con misiones geniales. Tendr\u00e1s acceso a ellas justo despu\u00e9s de registrarte. Primero ser\u00e1n misiones de incorporaci\u00f3n y m\u00e1s adelante las habituales. Al completar tareas sencillas, obtendr\u00e1s monedas que podr\u00e1s canjear por premios geniales.<\/p>\n<h2>Todas las promociones disponibles del casino<\/h2>\n<p>Los clientes habituales pueden obtener no solo ganancias del juego, sino tambi\u00e9n recompensas adicionales en forma de giros gratis, devoluci\u00f3n de dinero, fondos adicionales, monedas y mucho m\u00e1s. Actualizamos regularmente la colecci\u00f3n de bonos de Slotrize para ofrecerte las opciones m\u00e1s interesantes.<\/p>\n<p>Actualmente, ofrecemos un reembolso semanal de hasta el 25 %, por lo que puedes recuperar un porcentaje de tus p\u00e9rdidas. Tambi\u00e9n hay disponible un reembolso al activar la recarga dominical del 25 % hasta 100 \u20ac. Esa es tu oportunidad de terminar cada semana con \u00e9xito en Slotrize Casino.<\/p>\n<p>Para aquellos a los que les gustan las apuestas grandes, ofrecemos el bono Slotrize para grandes apostadores del 50 % hasta 500 \u20ac. Adem\u00e1s, tambi\u00e9n hay un reembolso de hasta el 17 %, que puedes obtener mensualmente, semanalmente o diariamente, dependiendo de tu estado de fidelidad en Slotrize.<\/p>\n<h2>T\u00e9rminos y condiciones de los bonos<\/h2>\n<p>Todas las promociones de Slotrize Casino tienen sus propios t\u00e9rminos y condiciones. L\u00e9elos siempre antes de activar la oferta. Puedes consultarlos haciendo clic en la oferta que te interese. Tambi\u00e9n tenemos una p\u00e1gina dedicada a los t\u00e9rminos de los bonos con las reglas generales sobre las promociones de nuestra plataforma. En la tabla siguiente encontrar\u00e1s la informaci\u00f3n principal sobre los requisitos que tenemos en Slotrize.<\/p>\n<table>\n<tbody>\n<tr>\n<td>T\u00e9rmino<\/td>\n<td>Detalles<\/td>\n<\/tr>\n<tr>\n<td>Dep\u00f3sito m\u00ednimo<\/td>\n<td>Es la cantidad m\u00ednima que un jugador debe a\u00f1adir a su cuenta para activar una promoci\u00f3n.<\/td>\n<\/tr>\n<tr>\n<td>Apuesta m\u00e1xima<\/td>\n<td>Define la apuesta m\u00e1xima permitida por giro o ronda mientras la oferta est\u00e1 activa, lo que ayuda a evitar el abuso de la promoci\u00f3n.<\/td>\n<\/tr>\n<tr>\n<td>Contribuci\u00f3n del juego<\/td>\n<td>Este requisito muestra c\u00f3mo los diferentes juegos cuentan para completar los requisitos de apuesta, ya que algunos juegos contribuyen m\u00e1s que otros.<\/td>\n<\/tr>\n<tr>\n<td>Requisito de apuesta<\/td>\n<td>Indica cu\u00e1ntas veces se debe apostar el importe del bono antes de poder retirar las ganancias.<\/td>\n<\/tr>\n<tr>\n<td>Periodo de validez<\/td>\n<td>El plazo en el que se debe apostar y completar una promoci\u00f3n antes de que caduque.<\/td>\n<\/tr>\n<\/tbody>\n<\/table>\n<h2>Preguntas frecuentes<\/h2>\n<h3>\u00bfLas promociones tienen alg\u00fan l\u00edmite de tiempo?<\/h3>\n<p>La mayor\u00eda de las ofertas de bonos de Slot Rize tienen un per\u00edodo de validez de entre 7 y 14 d\u00edas. Dentro de este per\u00edodo, debes cumplir los requisitos para obtener la ganancia, o la promoci\u00f3n se cancelar\u00e1.<\/p>\n<h3>\u00bfPuedo reclamar varias promociones al mismo tiempo?<\/h3>\n<p>En Slotrize Casino, tenemos la norma de que solo puede estar activa una oferta de dep\u00f3sito a la vez. Esto no se aplica a los torneos ni a las misiones.<\/p>\n<h3>\u00bfPuedo participar en torneos como jugador nuevo?<\/h3>\n<p>Todos nuestros jugadores, incluidos los reci\u00e9n llegados, pueden participar en torneos y otros eventos. Solo tienes que leer los requisitos de participaci\u00f3n para hacerlo todo correctamente y sacar el m\u00e1ximo partido a la oferta.<\/p>\n<\/div><\/div><\/p>\n","protected":false},"excerpt":{"rendered":"<p>Promociones y bonificaciones de Slotrize Nos interesa que la experiencia de nuestros clientes espa\u00f1oles sea a\u00fan m\u00e1s emocionante y rentable. Por eso hemos creado la colecci\u00f3n de Slotrize bonus, con muchas opciones para jugadores nuevos y habituales. Todos los nuevos jugadores reciben un generoso paquete de bienvenida que incluye giros gratis y bonificaciones en efectivo. [&hellip;]<\/p>\n","protected":false},"author":9,"featured_media":0,"parent":0,"menu_order":0,"comment_status":"closed","ping_status":"closed","template":"template-builder.php","meta":{"_acf_changed":false,"inline_featured_image":false,"footnotes":""},"class_list":["post-1433","page","type-page","status-publish","hentry"],"acf":[],"yoast_head":"<!-- This site is optimized with the Yoast SEO plugin v24.4 - https:\/\/yoast.com\/wordpress\/plugins\/seo\/ -->\n<title>Slotrize Casino Bonuses | Ofertas de bienvenida y promociones<\/title>\n<meta name=\"description\" content=\"Los Slot Rize bonuses te ofrecen un comienzo espectacular con un generoso paquete de bienvenida y giros gratis. Las ofertas personalizadas garantizan que cada jugador reciba algo extra.\" \/>\n<meta name=\"robots\" content=\"index, follow, max-snippet:-1, max-image-preview:large, max-video-preview:-1\" \/>\n<link rel=\"canonical\" href=\"https:\/\/theslotrize.com\/es\/bonificacion\/\" \/>\n<meta property=\"og:locale\" content=\"es_ES\" \/>\n<meta property=\"og:type\" content=\"article\" \/>\n<meta property=\"og:title\" content=\"Slotrize Casino Bonuses | Ofertas de bienvenida y promociones\" \/>\n<meta property=\"og:description\" content=\"Los Slot Rize bonuses te ofrecen un comienzo espectacular con un generoso paquete de bienvenida y giros gratis. Las ofertas personalizadas garantizan que cada jugador reciba algo extra.\" \/>\n<meta property=\"og:url\" content=\"https:\/\/theslotrize.com\/es\/bonificacion\/\" \/>\n<meta property=\"og:site_name\" content=\"slotrize\" \/>\n<meta property=\"article:modified_time\" content=\"2026-01-30T10:21:31+00:00\" \/>\n<meta name=\"twitter:card\" content=\"summary_large_image\" \/>\n<meta name=\"twitter:label1\" content=\"Est. reading time\" \/>\n\t<meta name=\"twitter:data1\" content=\"1 minuto\" \/>\n<script type=\"application\/ld+json\" class=\"yoast-schema-graph\">{\"@context\":\"https:\/\/schema.org\",\"@graph\":[{\"@type\":\"WebPage\",\"@id\":\"https:\/\/theslotrize.com\/es\/bonificacion\/\",\"url\":\"https:\/\/theslotrize.com\/es\/bonificacion\/\",\"name\":\"Slotrize Casino Bonuses | Ofertas de bienvenida y promociones\",\"isPartOf\":{\"@id\":\"https:\/\/theslotrize.com\/es\/#website\"},\"datePublished\":\"2026-01-29T14:06:36+00:00\",\"dateModified\":\"2026-01-30T10:21:31+00:00\",\"description\":\"Los Slot Rize bonuses te ofrecen un comienzo espectacular con un generoso paquete de bienvenida y giros gratis. Las ofertas personalizadas garantizan que cada jugador reciba algo extra.\",\"breadcrumb\":{\"@id\":\"https:\/\/theslotrize.com\/es\/bonificacion\/#breadcrumb\"},\"inLanguage\":\"es\",\"potentialAction\":[{\"@type\":\"ReadAction\",\"target\":[\"https:\/\/theslotrize.com\/es\/bonificacion\/\"]}]},{\"@type\":\"BreadcrumbList\",\"@id\":\"https:\/\/theslotrize.com\/es\/bonificacion\/#breadcrumb\",\"itemListElement\":[{\"@type\":\"ListItem\",\"position\":1,\"name\":\"Slotrize\",\"item\":\"https:\/\/theslotrize.com\/es\/\"},{\"@type\":\"ListItem\",\"position\":2,\"name\":\"Bonificaci\u00f3n\"}]},{\"@type\":\"WebSite\",\"@id\":\"https:\/\/theslotrize.com\/es\/#website\",\"url\":\"https:\/\/theslotrize.com\/es\/\",\"name\":\"Slotrize\",\"description\":\"\",\"publisher\":{\"@id\":\"https:\/\/theslotrize.com\/es\/#organization\"},\"potentialAction\":[{\"@type\":\"SearchAction\",\"target\":{\"@type\":\"EntryPoint\",\"urlTemplate\":\"https:\/\/theslotrize.com\/es\/?s={search_term_string}\"},\"query-input\":{\"@type\":\"PropertyValueSpecification\",\"valueRequired\":true,\"valueName\":\"search_term_string\"}}],\"inLanguage\":\"es\"},{\"@type\":\"Organization\",\"@id\":\"https:\/\/theslotrize.com\/es\/#organization\",\"name\":\"Slotrize\",\"url\":\"https:\/\/theslotrize.com\/es\/\",\"logo\":{\"@type\":\"ImageObject\",\"inLanguage\":\"es\",\"@id\":\"https:\/\/theslotrize.com\/es\/#\/schema\/logo\/image\/\",\"url\":\"https:\/\/theslotrize.com\/wp-content\/uploads\/2026\/01\/Slotrize-logo.png\",\"contentUrl\":\"https:\/\/theslotrize.com\/wp-content\/uploads\/2026\/01\/Slotrize-logo.png\",\"width\":54,\"height\":27,\"caption\":\"Slotrize\"},\"image\":{\"@id\":\"https:\/\/theslotrize.com\/es\/#\/schema\/logo\/image\/\"}}]}<\/script>\n<!-- \/ Yoast SEO plugin. -->","yoast_head_json":{"title":"Slotrize Casino Bonuses | Ofertas de bienvenida y promociones","description":"Los Slot Rize bonuses te ofrecen un comienzo espectacular con un generoso paquete de bienvenida y giros gratis. Las ofertas personalizadas garantizan que cada jugador reciba algo extra.","robots":{"index":"index","follow":"follow","max-snippet":"max-snippet:-1","max-image-preview":"max-image-preview:large","max-video-preview":"max-video-preview:-1"},"canonical":"https:\/\/theslotrize.com\/es\/bonificacion\/","og_locale":"es_ES","og_type":"article","og_title":"Slotrize Casino Bonuses | Ofertas de bienvenida y promociones","og_description":"Los Slot Rize bonuses te ofrecen un comienzo espectacular con un generoso paquete de bienvenida y giros gratis. Las ofertas personalizadas garantizan que cada jugador reciba algo extra.","og_url":"https:\/\/theslotrize.com\/es\/bonificacion\/","og_site_name":"slotrize","article_modified_time":"2026-01-30T10:21:31+00:00","twitter_card":"summary_large_image","twitter_misc":{"Est. reading time":"1 minuto"},"schema":{"@context":"https:\/\/schema.org","@graph":[{"@type":"WebPage","@id":"https:\/\/theslotrize.com\/es\/bonificacion\/","url":"https:\/\/theslotrize.com\/es\/bonificacion\/","name":"Slotrize Casino Bonuses | Ofertas de bienvenida y promociones","isPartOf":{"@id":"https:\/\/theslotrize.com\/es\/#website"},"datePublished":"2026-01-29T14:06:36+00:00","dateModified":"2026-01-30T10:21:31+00:00","description":"Los Slot Rize bonuses te ofrecen un comienzo espectacular con un generoso paquete de bienvenida y giros gratis. Las ofertas personalizadas garantizan que cada jugador reciba algo extra.","breadcrumb":{"@id":"https:\/\/theslotrize.com\/es\/bonificacion\/#breadcrumb"},"inLanguage":"es","potentialAction":[{"@type":"ReadAction","target":["https:\/\/theslotrize.com\/es\/bonificacion\/"]}]},{"@type":"BreadcrumbList","@id":"https:\/\/theslotrize.com\/es\/bonificacion\/#breadcrumb","itemListElement":[{"@type":"ListItem","position":1,"name":"Slotrize","item":"https:\/\/theslotrize.com\/es\/"},{"@type":"ListItem","position":2,"name":"Bonificaci\u00f3n"}]},{"@type":"WebSite","@id":"https:\/\/theslotrize.com\/es\/#website","url":"https:\/\/theslotrize.com\/es\/","name":"Slotrize","description":"","publisher":{"@id":"https:\/\/theslotrize.com\/es\/#organization"},"potentialAction":[{"@type":"SearchAction","target":{"@type":"EntryPoint","urlTemplate":"https:\/\/theslotrize.com\/es\/?s={search_term_string}"},"query-input":{"@type":"PropertyValueSpecification","valueRequired":true,"valueName":"search_term_string"}}],"inLanguage":"es"},{"@type":"Organization","@id":"https:\/\/theslotrize.com\/es\/#organization","name":"Slotrize","url":"https:\/\/theslotrize.com\/es\/","logo":{"@type":"ImageObject","inLanguage":"es","@id":"https:\/\/theslotrize.com\/es\/#\/schema\/logo\/image\/","url":"https:\/\/theslotrize.com\/wp-content\/uploads\/2026\/01\/Slotrize-logo.png","contentUrl":"https:\/\/theslotrize.com\/wp-content\/uploads\/2026\/01\/Slotrize-logo.png","width":54,"height":27,"caption":"Slotrize"},"image":{"@id":"https:\/\/theslotrize.com\/es\/#\/schema\/logo\/image\/"}}]}},"_links":{"self":[{"href":"https:\/\/theslotrize.com\/es\/wp-json\/wp\/v2\/pages\/1433"}],"collection":[{"href":"https:\/\/theslotrize.com\/es\/wp-json\/wp\/v2\/pages"}],"about":[{"href":"https:\/\/theslotrize.com\/es\/wp-json\/wp\/v2\/types\/page"}],"author":[{"embeddable":true,"href":"https:\/\/theslotrize.com\/es\/wp-json\/wp\/v2\/users\/9"}],"replies":[{"embeddable":true,"href":"https:\/\/theslotrize.com\/es\/wp-json\/wp\/v2\/comments?post=1433"}],"version-history":[{"count":2,"href":"https:\/\/theslotrize.com\/es\/wp-json\/wp\/v2\/pages\/1433\/revisions"}],"predecessor-version":[{"id":1775,"href":"https:\/\/theslotrize.com\/es\/wp-json\/wp\/v2\/pages\/1433\/revisions\/1775"}],"wp:attachment":[{"href":"https:\/\/theslotrize.com\/es\/wp-json\/wp\/v2\/media?parent=1433"}],"curies":[{"name":"wp","href":"https:\/\/api.w.org\/{rel}","templated":true}]}}