{"id":1459,"date":"2026-01-29T13:59:35","date_gmt":"2026-01-29T13:59:35","guid":{"rendered":"https:\/\/theslotrize.com\/login-and-registration\/"},"modified":"2026-01-30T10:18:41","modified_gmt":"2026-01-30T10:18:41","slug":"inicio-de-sesion-y-registro","status":"publish","type":"page","link":"https:\/\/theslotrize.com\/es\/inicio-de-sesion-y-registro\/","title":{"rendered":"Inicio de sesi\u00f3n y Registro"},"content":{"rendered":"<h1>Inicio de sesi\u00f3n y registro en Slotrize<\/h1>\n<p>Solo un paso separa a los usuarios espa\u00f1oles de disfrutar de sus juegos favoritos y generosos bonos: el Slotrize login. Todos los jugadores mayores de 18 a\u00f1os pueden registrarse en nuestra plataforma. Otra regla permite que cada persona tenga solo una cuenta en nuestro casino en l\u00ednea. El registro es sencillo y tarda hasta 3 minutos.<\/p>\n<p><div class=\"banner-wrap\" aria-label=\"Banner\"><img src=\"https:\/\/theslotrize.com\/wp-content\/uploads\/2026\/01\/Desktop-banner-scaled.webp\" class=\"w-100 d-none d-lg-block img-pc main-banner-img\" alt=\"Slotrize desktop banner\" fetchpriority=\"high\" decoding=\"async\"><img src=\"https:\/\/theslotrize.com\/wp-content\/uploads\/2026\/01\/Mobile-banner.webp\" class=\"w-100 d-none d-md-block d-lg-none main-banner-img\" alt=\"Slotrize mobile banner\" fetchpriority=\"high\" decoding=\"async\"><img src=\"https:\/\/theslotrize.com\/wp-content\/uploads\/2026\/01\/Mobile-banner.webp\" class=\"w-100 d-md-none\" alt=\"Slotrize mobile banner\" fetchpriority=\"high\" decoding=\"async\"><div class=\"banner-description\">\n<div class=\"banner-title\">Bonos de bienvenida<\/div>\n<p class=\"banner-header-title\">1500 \u20ac<\/p>\n<div class=\"banner-header-AdditionalText\">+ 250 Tiradas gratis<\/div>\n<button data-item=\"homepage_banner_link\" class=\"goto m-button m-gradient-border m-button--primary m-button--large banner-button btn-orange\">\n            <div class=\"m-button-content\">\n                <span>Reg\u00edstrate ahora<\/span>\n                <span><\/span>\n            <\/div>\n        <\/button>\n<\/div>\n<div class=\"WelcomePack\">\n<p><img loading=\"lazy\" decoding=\"async\" class=\"alignnone size-full wp-image-1335\" src=\"https:\/\/theslotrize.com\/wp-content\/uploads\/2026\/01\/welcome-crown.png\" alt=\"welcome crown\" width=\"25\" height=\"26\" \/><\/p>\n<div class=\"WelcomePack-Info\">Reembolso semanal de hasta el 25 %<\/div>\n<p><img loading=\"lazy\" decoding=\"async\" class=\"alignnone size-full wp-image-1335\" src=\"https:\/\/theslotrize.com\/wp-content\/uploads\/2026\/01\/welcome-crown.png\" alt=\"welcome crown\" width=\"25\" height=\"26\" \/><\/p>\n<\/div>\n<\/div><div class=\"scrollable-content-wrap my-5\"><div class=\"scrollable-content-inner\"><h2>Inicio de sesi\u00f3n y gesti\u00f3n de la cuenta en Slotrize<\/h2>\n<p>Si no es la primera vez que visita nuestra plataforma, solo tiene que completar el proceso de inicio de sesi\u00f3n en Slotrize. Para ello, deber\u00e1 introducir los datos personales que utiliz\u00f3 al registrarse, como su direcci\u00f3n de correo electr\u00f3nico y contrase\u00f1a. Todo el proceso se puede completar en menos de un minuto.<\/p>\n<p>Al iniciar sesi\u00f3n, los jugadores pueden acceder a toda la colecci\u00f3n de juegos y jugar con dinero real. Adem\u00e1s, el inicio de sesi\u00f3n en Slot Rize te permite utilizar muchas funciones y herramientas pr\u00e1cticas que har\u00e1n que tu experiencia sea m\u00e1s agradable y personalizada.<\/p>\n<p>En primer lugar, puedes gestionar tu informaci\u00f3n personal y de pago en cualquier momento. Los usuarios tambi\u00e9n tienen acceso a su historial de actividad, incluyendo el tiempo de juego, bonificaciones, dep\u00f3sitos, apuestas y otras estad\u00edsticas importantes. Tambi\u00e9n tienes a tu disposici\u00f3n herramientas de juego responsable si inicias sesi\u00f3n en tu cuenta de Slotrize Casino.<\/p>\n<h3>C\u00f3mo recuperar la informaci\u00f3n de inicio de sesi\u00f3n<\/h3>\n<p>No pasa nada si ha olvidado parte de su informaci\u00f3n de inicio de sesi\u00f3n. Contamos con una funci\u00f3n especial de restablecimiento de contrase\u00f1a que le ayudar\u00e1 en este caso. Siga nuestras instrucciones a continuaci\u00f3n para que este proceso sea r\u00e1pido y sin estr\u00e9s:<\/p>\n<ol>\n<li>Vaya a la p\u00e1gina de inicio de sesi\u00f3n de Slotrize.<\/li>\n<li>Siga el enlace \u00ab\u00bfHa olvidado su contrase\u00f1a?\u00bb.<\/li>\n<li>En el formulario que aparece, introduce la direcci\u00f3n de correo electr\u00f3nico que utilizaste al registrarte.<\/li>\n<li>Recibir\u00e1s un correo electr\u00f3nico con el enlace para restablecer la contrase\u00f1a. Debes hacer clic en \u00e9l.<\/li>\n<li>Ahora debes crear una nueva contrase\u00f1a para utilizarla la pr\u00f3xima vez que inicies sesi\u00f3n.<\/li>\n<\/ol>\n<h2>Proceso de registro r\u00e1pido en Slotrize<\/h2>\n<p>Todos los usuarios pueden probar algunos de nuestros t\u00edtulos en modo demo sin registrarse ni realizar un dep\u00f3sito. Es una opci\u00f3n estupenda para descubrir cosas nuevas y saber si Slot Rize Casino se adapta a tus gustos. Pero para jugar con dinero real, acceder a bonificaciones, realizar pagos y utilizar el servicio de atenci\u00f3n al cliente 24\/7, los usuarios deben crear una cuenta.<\/p>\n<p>No importa qu\u00e9 dispositivo utilices. Solo necesitamos tu direcci\u00f3n de correo electr\u00f3nico y contrase\u00f1a para registrarte. M\u00e1s adelante, tendr\u00e1s que rellenar el formulario con informaci\u00f3n m\u00e1s detallada. Es necesario para el futuro proceso de verificaci\u00f3n.<\/p>\n<p>A algunas personas les puede preocupar que, si proporcionan su informaci\u00f3n personal, esta pueda llegar a terceros. Slotrize es un casino en l\u00ednea con licencia que sigue todos los protocolos de seguridad para proteger a sus clientes. Utilizamos pol\u00edticas de contrase\u00f1as seguras, 2FA, CAPTCHA y sistemas antibots para mantener tu perfil seguro. Adem\u00e1s, toda nuestra informaci\u00f3n personal y transacciones est\u00e1n protegidas por un innovador cifrado TLS 1.3.<\/p>\n<h3>C\u00f3mo configurar su perfil<\/h3>\n<p>El registro en Slotrize Casino es muy sencillo, incluso para un principiante que nunca haya visitado un casino online. Era importante que fuera sencillo para que la gente pudiera empezar a jugar lo antes posible. La siguiente tabla le ayudar\u00e1 a comprender cada paso de este proceso.<\/p>\n<table>\n<tbody>\n<tr>\n<td>Paso<\/td>\n<td>Detalles<\/td>\n<\/tr>\n<tr>\n<td>Haz clic en el bot\u00f3n \u00abRegistrarse\u00bb de nuestra p\u00e1gina web<\/td>\n<td>El bot\u00f3n se encuentra en la esquina superior derecha. Utilice \u00fanicamente nuestro sitio web oficial para evitar fraudes.<\/td>\n<\/tr>\n<tr>\n<td>Rellene los campos del formulario de registro<\/td>\n<td>Debe proporcionar su direcci\u00f3n de correo electr\u00f3nico y crear una contrase\u00f1a segura.<\/td>\n<\/tr>\n<tr>\n<td>Confirme su edad y acepte las normas<\/td>\n<td>Para registrarse en Slot Rize, el jugador debe ser mayor de 18 a\u00f1os. Tambi\u00e9n debe aceptar los t\u00e9rminos y condiciones.<\/td>\n<\/tr>\n<tr>\n<td>Haga clic en \u00abRegistrarse\u00bb al final del formulario<\/td>\n<td>Despu\u00e9s de comprobar dos veces todos los datos introducidos, conf\u00edrmelos.<\/td>\n<\/tr>\n<tr>\n<td>Rellene la informaci\u00f3n adicional<\/td>\n<td>Ver\u00e1 otro formulario en el que deber\u00e1 introducir su nombre completo, fecha de nacimiento y n\u00famero de tel\u00e9fono. Los usuarios pueden omitir este paso y hacerlo m\u00e1s tarde.<\/td>\n<\/tr>\n<tr>\n<td>Haga clic en \u00abGuardar\u00bb para crear una cuenta<\/td>\n<td>Despu\u00e9s de completar el \u00faltimo paso, podr\u00e1 empezar a jugar oficialmente en Slotrize Casino sin ninguna limitaci\u00f3n.<\/td>\n<\/tr>\n<\/tbody>\n<\/table>\n<h3>Proceso de verificaci\u00f3n<\/h3>\n<p>El proceso de verificaci\u00f3n KYC es un paso esencial de nuestra pol\u00edtica de seguridad. Tenemos que comprobar su identidad, edad, domicilio y titularidad de la cuenta de pago. Por eso, antes de realizar el primer retiro, se le pedir\u00e1 que suba copias de sus documentos personales a la plataforma. Nuestros gestores los comprobar\u00e1n lo antes posible y le dar\u00e1n una respuesta. A partir de ese momento, los usuarios de Slotrize Casino no tendr\u00e1n ning\u00fan retraso a la hora de realizar un retiro.<\/p>\n<h2>Preguntas frecuentes<\/h2>\n<h3>\u00bfCu\u00e1nto tiempo tardar\u00e1 en verificarse mi cuenta?<\/h3>\n<p>De acuerdo con las normas de verificaci\u00f3n KYC de Slotrize, nuestros gestores deben comprobar sus documentos en un plazo de 48 horas. Puede ver el progreso del proceso en su cuenta personal.<\/p>\n<h3>\u00bfC\u00f3mo puedo proteger mi perfil adem\u00e1s de crear una contrase\u00f1a segura?<\/h3>\n<p>Despu\u00e9s de registrarte, puedes habilitar la autenticaci\u00f3n de dos factores. En este caso, cada vez que inicies sesi\u00f3n, tendr\u00e1s que demostrar que eres t\u00fa mediante un SMS o una aplicaci\u00f3n especial. Si deseas conocer otras medidas, ponte en contacto con nuestro equipo de asistencia multiling\u00fce a trav\u00e9s del chat en vivo o del correo electr\u00f3nico.<\/p>\n<h3>\u00bfEs necesario registrarse para realizar dep\u00f3sitos?<\/h3>\n<p>Todos los jugadores deben crear una cuenta para realizar dep\u00f3sitos y jugar con dinero real. Sin registrarse en Slot Rize, solo podr\u00e1 probar algunos de nuestros t\u00edtulos en modo demo. En este caso, jugar\u00e1 con dinero real, pero no podr\u00e1 cobrar las ganancias.<\/p>\n<\/div><\/div><\/p>\n","protected":false},"excerpt":{"rendered":"<p>Inicio de sesi\u00f3n y registro en Slotrize Solo un paso separa a los usuarios espa\u00f1oles de disfrutar de sus juegos favoritos y generosos bonos: el Slotrize login. Todos los jugadores mayores de 18 a\u00f1os pueden registrarse en nuestra plataforma. Otra regla permite que cada persona tenga solo una cuenta en nuestro casino en l\u00ednea. El [&hellip;]<\/p>\n","protected":false},"author":9,"featured_media":0,"parent":0,"menu_order":0,"comment_status":"closed","ping_status":"closed","template":"template-builder.php","meta":{"_acf_changed":false,"inline_featured_image":false,"footnotes":""},"class_list":["post-1459","page","type-page","status-publish","hentry"],"acf":[],"yoast_head":"<!-- This site is optimized with the Yoast SEO plugin v24.4 - https:\/\/yoast.com\/wordpress\/plugins\/seo\/ -->\n<title>Slotrize Login | Iniciar sesi\u00f3n o crear una cuenta<\/title>\n<meta name=\"description\" content=\"Slot Rize login te permite acceder f\u00e1cilmente a tu panel de control, incluyendo dep\u00f3sitos, retiros y seguimiento de bonos. El registro para nuevos usuarios solo toma unos segundos y es totalmente seguro.\" \/>\n<meta name=\"robots\" content=\"index, follow, max-snippet:-1, max-image-preview:large, max-video-preview:-1\" \/>\n<link rel=\"canonical\" href=\"https:\/\/theslotrize.com\/es\/inicio-de-sesion-y-registro\/\" \/>\n<meta property=\"og:locale\" content=\"es_ES\" \/>\n<meta property=\"og:type\" content=\"article\" \/>\n<meta property=\"og:title\" content=\"Slotrize Login | Iniciar sesi\u00f3n o crear una cuenta\" \/>\n<meta property=\"og:description\" content=\"Slot Rize login te permite acceder f\u00e1cilmente a tu panel de control, incluyendo dep\u00f3sitos, retiros y seguimiento de bonos. El registro para nuevos usuarios solo toma unos segundos y es totalmente seguro.\" \/>\n<meta property=\"og:url\" content=\"https:\/\/theslotrize.com\/es\/inicio-de-sesion-y-registro\/\" \/>\n<meta property=\"og:site_name\" content=\"slotrize\" \/>\n<meta property=\"article:modified_time\" content=\"2026-01-30T10:18:41+00:00\" \/>\n<meta name=\"twitter:card\" content=\"summary_large_image\" \/>\n<meta name=\"twitter:label1\" content=\"Est. reading time\" \/>\n\t<meta name=\"twitter:data1\" content=\"1 minuto\" \/>\n<script type=\"application\/ld+json\" class=\"yoast-schema-graph\">{\"@context\":\"https:\/\/schema.org\",\"@graph\":[{\"@type\":\"WebPage\",\"@id\":\"https:\/\/theslotrize.com\/es\/inicio-de-sesion-y-registro\/\",\"url\":\"https:\/\/theslotrize.com\/es\/inicio-de-sesion-y-registro\/\",\"name\":\"Slotrize Login | Iniciar sesi\u00f3n o crear una cuenta\",\"isPartOf\":{\"@id\":\"https:\/\/theslotrize.com\/es\/#website\"},\"datePublished\":\"2026-01-29T13:59:35+00:00\",\"dateModified\":\"2026-01-30T10:18:41+00:00\",\"description\":\"Slot Rize login te permite acceder f\u00e1cilmente a tu panel de control, incluyendo dep\u00f3sitos, retiros y seguimiento de bonos. El registro para nuevos usuarios solo toma unos segundos y es totalmente seguro.\",\"breadcrumb\":{\"@id\":\"https:\/\/theslotrize.com\/es\/inicio-de-sesion-y-registro\/#breadcrumb\"},\"inLanguage\":\"es\",\"potentialAction\":[{\"@type\":\"ReadAction\",\"target\":[\"https:\/\/theslotrize.com\/es\/inicio-de-sesion-y-registro\/\"]}]},{\"@type\":\"BreadcrumbList\",\"@id\":\"https:\/\/theslotrize.com\/es\/inicio-de-sesion-y-registro\/#breadcrumb\",\"itemListElement\":[{\"@type\":\"ListItem\",\"position\":1,\"name\":\"Slotrize\",\"item\":\"https:\/\/theslotrize.com\/es\/\"},{\"@type\":\"ListItem\",\"position\":2,\"name\":\"Inicio de sesi\u00f3n y Registro\"}]},{\"@type\":\"WebSite\",\"@id\":\"https:\/\/theslotrize.com\/es\/#website\",\"url\":\"https:\/\/theslotrize.com\/es\/\",\"name\":\"Slotrize\",\"description\":\"\",\"publisher\":{\"@id\":\"https:\/\/theslotrize.com\/es\/#organization\"},\"potentialAction\":[{\"@type\":\"SearchAction\",\"target\":{\"@type\":\"EntryPoint\",\"urlTemplate\":\"https:\/\/theslotrize.com\/es\/?s={search_term_string}\"},\"query-input\":{\"@type\":\"PropertyValueSpecification\",\"valueRequired\":true,\"valueName\":\"search_term_string\"}}],\"inLanguage\":\"es\"},{\"@type\":\"Organization\",\"@id\":\"https:\/\/theslotrize.com\/es\/#organization\",\"name\":\"Slotrize\",\"url\":\"https:\/\/theslotrize.com\/es\/\",\"logo\":{\"@type\":\"ImageObject\",\"inLanguage\":\"es\",\"@id\":\"https:\/\/theslotrize.com\/es\/#\/schema\/logo\/image\/\",\"url\":\"https:\/\/theslotrize.com\/wp-content\/uploads\/2026\/01\/Slotrize-logo.png\",\"contentUrl\":\"https:\/\/theslotrize.com\/wp-content\/uploads\/2026\/01\/Slotrize-logo.png\",\"width\":54,\"height\":27,\"caption\":\"Slotrize\"},\"image\":{\"@id\":\"https:\/\/theslotrize.com\/es\/#\/schema\/logo\/image\/\"}}]}<\/script>\n<!-- \/ Yoast SEO plugin. -->","yoast_head_json":{"title":"Slotrize Login | Iniciar sesi\u00f3n o crear una cuenta","description":"Slot Rize login te permite acceder f\u00e1cilmente a tu panel de control, incluyendo dep\u00f3sitos, retiros y seguimiento de bonos. El registro para nuevos usuarios solo toma unos segundos y es totalmente seguro.","robots":{"index":"index","follow":"follow","max-snippet":"max-snippet:-1","max-image-preview":"max-image-preview:large","max-video-preview":"max-video-preview:-1"},"canonical":"https:\/\/theslotrize.com\/es\/inicio-de-sesion-y-registro\/","og_locale":"es_ES","og_type":"article","og_title":"Slotrize Login | Iniciar sesi\u00f3n o crear una cuenta","og_description":"Slot Rize login te permite acceder f\u00e1cilmente a tu panel de control, incluyendo dep\u00f3sitos, retiros y seguimiento de bonos. El registro para nuevos usuarios solo toma unos segundos y es totalmente seguro.","og_url":"https:\/\/theslotrize.com\/es\/inicio-de-sesion-y-registro\/","og_site_name":"slotrize","article_modified_time":"2026-01-30T10:18:41+00:00","twitter_card":"summary_large_image","twitter_misc":{"Est. reading time":"1 minuto"},"schema":{"@context":"https:\/\/schema.org","@graph":[{"@type":"WebPage","@id":"https:\/\/theslotrize.com\/es\/inicio-de-sesion-y-registro\/","url":"https:\/\/theslotrize.com\/es\/inicio-de-sesion-y-registro\/","name":"Slotrize Login | Iniciar sesi\u00f3n o crear una cuenta","isPartOf":{"@id":"https:\/\/theslotrize.com\/es\/#website"},"datePublished":"2026-01-29T13:59:35+00:00","dateModified":"2026-01-30T10:18:41+00:00","description":"Slot Rize login te permite acceder f\u00e1cilmente a tu panel de control, incluyendo dep\u00f3sitos, retiros y seguimiento de bonos. El registro para nuevos usuarios solo toma unos segundos y es totalmente seguro.","breadcrumb":{"@id":"https:\/\/theslotrize.com\/es\/inicio-de-sesion-y-registro\/#breadcrumb"},"inLanguage":"es","potentialAction":[{"@type":"ReadAction","target":["https:\/\/theslotrize.com\/es\/inicio-de-sesion-y-registro\/"]}]},{"@type":"BreadcrumbList","@id":"https:\/\/theslotrize.com\/es\/inicio-de-sesion-y-registro\/#breadcrumb","itemListElement":[{"@type":"ListItem","position":1,"name":"Slotrize","item":"https:\/\/theslotrize.com\/es\/"},{"@type":"ListItem","position":2,"name":"Inicio de sesi\u00f3n y Registro"}]},{"@type":"WebSite","@id":"https:\/\/theslotrize.com\/es\/#website","url":"https:\/\/theslotrize.com\/es\/","name":"Slotrize","description":"","publisher":{"@id":"https:\/\/theslotrize.com\/es\/#organization"},"potentialAction":[{"@type":"SearchAction","target":{"@type":"EntryPoint","urlTemplate":"https:\/\/theslotrize.com\/es\/?s={search_term_string}"},"query-input":{"@type":"PropertyValueSpecification","valueRequired":true,"valueName":"search_term_string"}}],"inLanguage":"es"},{"@type":"Organization","@id":"https:\/\/theslotrize.com\/es\/#organization","name":"Slotrize","url":"https:\/\/theslotrize.com\/es\/","logo":{"@type":"ImageObject","inLanguage":"es","@id":"https:\/\/theslotrize.com\/es\/#\/schema\/logo\/image\/","url":"https:\/\/theslotrize.com\/wp-content\/uploads\/2026\/01\/Slotrize-logo.png","contentUrl":"https:\/\/theslotrize.com\/wp-content\/uploads\/2026\/01\/Slotrize-logo.png","width":54,"height":27,"caption":"Slotrize"},"image":{"@id":"https:\/\/theslotrize.com\/es\/#\/schema\/logo\/image\/"}}]}},"_links":{"self":[{"href":"https:\/\/theslotrize.com\/es\/wp-json\/wp\/v2\/pages\/1459"}],"collection":[{"href":"https:\/\/theslotrize.com\/es\/wp-json\/wp\/v2\/pages"}],"about":[{"href":"https:\/\/theslotrize.com\/es\/wp-json\/wp\/v2\/types\/page"}],"author":[{"embeddable":true,"href":"https:\/\/theslotrize.com\/es\/wp-json\/wp\/v2\/users\/9"}],"replies":[{"embeddable":true,"href":"https:\/\/theslotrize.com\/es\/wp-json\/wp\/v2\/comments?post=1459"}],"version-history":[{"count":1,"href":"https:\/\/theslotrize.com\/es\/wp-json\/wp\/v2\/pages\/1459\/revisions"}],"predecessor-version":[{"id":1773,"href":"https:\/\/theslotrize.com\/es\/wp-json\/wp\/v2\/pages\/1459\/revisions\/1773"}],"wp:attachment":[{"href":"https:\/\/theslotrize.com\/es\/wp-json\/wp\/v2\/media?parent=1459"}],"curies":[{"name":"wp","href":"https:\/\/api.w.org\/{rel}","templated":true}]}}