{"id":1412,"date":"2026-01-29T13:55:33","date_gmt":"2026-01-29T13:55:33","guid":{"rendered":"https:\/\/theslotrize.com\/app\/"},"modified":"2026-01-30T07:32:40","modified_gmt":"2026-01-30T07:32:40","slug":"app","status":"publish","type":"page","link":"https:\/\/theslotrize.com\/fr\/app\/","title":{"rendered":"App"},"content":{"rendered":"<h1>Application mobile Slotrize pour Android et iOS<\/h1>\n<p>Avec Slotrize App, les utilisateurs ne sont plus limit\u00e9s par leur emplacement ou leur temps. Vous pouvez jouer \u00e0 tout moment, o\u00f9 que vous soyez. Nous avons d\u00e9velopp\u00e9 un logiciel mobile compatible avec tous les appareils Android et iOS modernes. Toutes les fonctionnalit\u00e9s seront disponibles sur votre smartphone et votre tablette. L&rsquo;installation est facile et peut \u00eatre effectu\u00e9e \u00e0 partir du site web de Slotrize Casino.<\/p>\n<p><div class=\"banner-wrap\" aria-label=\"Banner\"><img src=\"https:\/\/theslotrize.com\/wp-content\/uploads\/2026\/01\/Desktop-banner-scaled.webp\" class=\"w-100 d-none d-lg-block img-pc main-banner-img\" alt=\"Slotrize desktop banner\" fetchpriority=\"high\" decoding=\"async\"><img src=\"https:\/\/theslotrize.com\/wp-content\/uploads\/2026\/01\/Mobile-banner.webp\" class=\"w-100 d-none d-md-block d-lg-none main-banner-img\" alt=\"Slotrize mobile banner\" fetchpriority=\"high\" decoding=\"async\"><img src=\"https:\/\/theslotrize.com\/wp-content\/uploads\/2026\/01\/Mobile-banner.webp\" class=\"w-100 d-md-none\" alt=\"Slotrize mobile banner\" fetchpriority=\"high\" decoding=\"async\"><div class=\"banner-description\">\n<div class=\"banner-title\">Bonus de bienvenue<\/div>\n<p class=\"banner-header-title\">1500 \u20ac<\/p>\n<div class=\"banner-header-AdditionalText\">+ 250 Tours gratuits<\/div>\n<button data-item=\"homepage_banner_link\" class=\"goto m-button m-gradient-border m-button--primary m-button--large banner-button btn-orange\">\n            <div class=\"m-button-content\">\n                <span>Inscrivez-vous d\u00e8s maintenant<\/span>\n                <span><\/span>\n            <\/div>\n        <\/button>\n<\/div>\n<div class=\"WelcomePack\">\n<p><img loading=\"lazy\" decoding=\"async\" class=\"alignnone size-full wp-image-1335\" src=\"https:\/\/theslotrize.com\/wp-content\/uploads\/2026\/01\/welcome-crown.png\" alt=\"welcome crown\" width=\"25\" height=\"26\" \/><\/p>\n<div class=\"WelcomePack-Info\">Cashback hebdomadaire jusqu&rsquo;\u00e0 25 %<\/div>\n<p><img loading=\"lazy\" decoding=\"async\" class=\"alignnone size-full wp-image-1335\" src=\"https:\/\/theslotrize.com\/wp-content\/uploads\/2026\/01\/welcome-crown.png\" alt=\"welcome crown\" width=\"25\" height=\"26\" \/><\/p>\n<\/div>\n<\/div><div class=\"scrollable-content-wrap my-5\"><div class=\"scrollable-content-inner\"><h2>Application pour iPhone et iPad<\/h2>\n<p>Si vous poss\u00e9dez un appareil iOS, cela vous offre de nombreuses possibilit\u00e9s pour rester en ligne o\u00f9 que vous soyez. Vous avez deux options pour utiliser notre plateforme : une version mobile pour navigateur ou une application d\u00e9di\u00e9e. Les deux fonctionneront parfaitement sur votre appareil. Nous ne vous imposons aucune limite, vous pouvez donc choisir celle que vous pr\u00e9f\u00e9rez, ou m\u00eame les deux.<\/p>\n<p>La version mobile de Slotrize Casino n&rsquo;a aucune limitation. Cela signifie que tous les jeux, bonus et options de paiement seront disponibles quel que soit l&rsquo;appareil que vous utilisez. Apr\u00e8s vous \u00eatre connect\u00e9 sur un nouvel appareil, toutes vos pr\u00e9f\u00e9rences, vos r\u00e9alisations et votre solde seront synchronis\u00e9s.<\/p>\n<p>L&rsquo;utilisation du site web mobile est facile. Il vous suffit de vous rendre sur Slot Rize dans votre navigateur pr\u00e9f\u00e9r\u00e9. Le design et la navigation vous seront d\u00e9j\u00e0 familiers. Pour utiliser l&rsquo;application Slotrize, vous devez terminer le processus d&rsquo;installation en cliquant sur le bouton \u00ab Casino App \u00bb en bas de page du site web.<\/p>\n<p><img loading=\"lazy\" decoding=\"async\" src=\"https:\/\/theslotrize.com\/wp-content\/uploads\/2026\/01\/Slotrize-iOS.webp\" alt=\"Slotrize iOS\" width=\"1248\" height=\"536\" \/><\/p>\n<\/div><\/div><div style=\"clear: both\"><\/div><div class=\"d-flex justify-content-center\"><button data-item=\"decouvrez_link\" data-group=\"website_links\" class=\"goto fw-bold rounded-pill btn btn-orange\" aria-label=\"T\u00e9l\u00e9chargez l&#039;application Slotrize\" >T\u00e9l\u00e9chargez l&#039;application Slotrize<\/button><\/div><div class=\"scrollable-content-wrap my-5\"><div class=\"scrollable-content-inner\"><h2>Slotrize pour macOS ou Windows<\/h2>\n<p>Si vous souhaitez jouer aux machines \u00e0 sous en ligne, aux jeux de table, aux jeux avec croupier en direct et bien plus encore sur votre PC, cela ne pose aucun probl\u00e8me. Tous les titres de notre vaste collection de jeux s&rsquo;adaptent \u00e0 la taille de l&rsquo;\u00e9cran de votre ordinateur. Slotrize est disponible sur macOS et Windows. Tous les principaux navigateurs prennent en charge notre plateforme, y compris Google Chrome et Safari.<\/p>\n<p>En tant que casino en ligne agr\u00e9\u00e9, nous respectons tous les protocoles de s\u00e9curit\u00e9 stricts de l&rsquo;industrie. Vos informations personnelles et vos transactions sont prot\u00e9g\u00e9es par un cryptage TLS 1.3 innovant. De plus, nous utilisons des syst\u00e8mes CAPTCHA et anti-bot pour assurer la s\u00e9curit\u00e9 de votre profil, quel que soit l&rsquo;appareil que vous utilisez.<\/p>\n<h3>Comment installer l&rsquo;application sur PC<\/h3>\n<p>Pour profiter d&rsquo;une exp\u00e9rience de jeu plus personnalis\u00e9e sur votre PC ou votre ordinateur portable, vous pouvez installer l&rsquo;application Slotrize et y acc\u00e9der en un seul clic. Cela signifie que vous n&rsquo;avez pas besoin d&rsquo;aller dans le navigateur et de rechercher le site web souhait\u00e9.<\/p>\n<p>L&rsquo;installation peut \u00eatre effectu\u00e9e dans n&rsquo;importe quel navigateur sur n&rsquo;importe quel appareil. Suivez nos instructions ci-dessous pour une installation rapide et sans stress :<\/p>\n<ol>\n<li>Rendez-vous sur Slot Rize Casino dans votre navigateur pr\u00e9f\u00e9r\u00e9.<\/li>\n<li>Cliquez sur le bouton \u00e0 trois points dans la barre d&rsquo;adresse (pour Chrome) ou sur le bouton \u00ab Partager \u00bb (pour Safari).<\/li>\n<li>Parmi les options disponibles, choisissez \u00ab Ajouter \u00e0 l&rsquo;\u00e9cran d&rsquo;accueil \u00bb.<\/li>\n<li>Personnalisez le nom et l&rsquo;apparence de l&rsquo;ic\u00f4ne si n\u00e9cessaire.<\/li>\n<li>Une fois les modifications enregistr\u00e9es, l&rsquo;ic\u00f4ne de la marque appara\u00eetra imm\u00e9diatement sur votre \u00e9cran d&rsquo;accueil.<\/li>\n<\/ol>\n<p><img loading=\"lazy\" decoding=\"async\" src=\"https:\/\/theslotrize.com\/wp-content\/uploads\/2026\/01\/Slotrize-Desktop.webp\" alt=\"Slotrize Desktop\" width=\"1248\" height=\"536\" \/><\/p>\n<\/div><\/div><div style=\"clear: both\"><\/div><div class=\"d-flex justify-content-center\"><button data-item=\"decouvrez_link\" data-group=\"website_links\" class=\"goto fw-bold rounded-pill btn btn-orange\" aria-label=\"T\u00e9l\u00e9charger Slotrize\" >T\u00e9l\u00e9charger Slotrize<\/button><\/div><div class=\"scrollable-content-wrap my-5\"><div class=\"scrollable-content-inner\"><h2>Application mobile pour appareils Android<\/h2>\n<p>Les utilisateurs d&rsquo;Android ne seront pas en reste s&rsquo;ils souhaitent essayer notre casino mobile sur leur smartphone ou leur tablette. Vous b\u00e9n\u00e9ficiez des m\u00eames possibilit\u00e9s que tout autre client. Dans la version mobile du navigateur, vous pouvez profiter des m\u00eames fonctionnalit\u00e9s. Si vous \u00eates nouveau sur la plateforme Slotrize, il vous suffit de vous inscrire depuis votre appareil mobile. Avant d&rsquo;effectuer votre premier retrait, nous vous demanderons \u00e9galement de suivre la proc\u00e9dure de v\u00e9rification.<\/p>\n<p>En outre, les joueurs Android peuvent essayer gratuitement l&rsquo;application Slotrize. Elle a \u00e9t\u00e9 d\u00e9velopp\u00e9e selon des fonctionnalit\u00e9s tactiles. Cela signifie, par exemple, que les boutons sont plac\u00e9s de mani\u00e8re \u00e0 ne pas se g\u00eaner les uns les autres sur un petit \u00e9cran et \u00e0 offrir une navigation pratique. Nous avons \u00e9galement utilis\u00e9 des fonctions de balayage et de d\u00e9filement afin que vous ne perdiez rien de votre exp\u00e9rience.<\/p>\n<h3>Comment t\u00e9l\u00e9charger Slotrize Casino<\/h3>\n<p>L&rsquo;installation de l&rsquo;application Slotrize peut \u00eatre effectu\u00e9e en 3 minutes. Nous avons con\u00e7u le processus pour qu&rsquo;il soit simple et rapide. Vous n&rsquo;avez besoin que de votre appareil mobile et d&rsquo;une connexion Internet stable. Le tableau ci-dessous pr\u00e9sente le processus \u00e9tape par \u00e9tape.<\/p>\n<table>\n<tbody>\n<tr>\n<td>\u00c9tape<\/td>\n<td>D\u00e9tails<\/td>\n<\/tr>\n<tr>\n<td>Rendez-vous sur notre site web<\/td>\n<td>Les utilisateurs peuvent effectuer le processus d&rsquo;installation dans le navigateur de leur choix<\/td>\n<\/tr>\n<tr>\n<td>Cliquez sur le bouton \u00ab Plus \u00bb<\/td>\n<td>Il se trouve dans la barre d&rsquo;adresse et se pr\u00e9sente sous la forme de trois points verticaux<\/td>\n<\/tr>\n<tr>\n<td>S\u00e9lectionnez \u00ab Ajouter \u00e0 l&rsquo;\u00e9cran d&rsquo;accueil \u00bb<\/td>\n<td>Dans la liste, trouvez l&rsquo;option souhait\u00e9e<\/td>\n<\/tr>\n<tr>\n<td>Personnalisez la future ic\u00f4ne<\/td>\n<td>Les joueurs ont la possibilit\u00e9 de modifier le nom et l&rsquo;apparence de l&rsquo;ic\u00f4ne Slotrize<\/td>\n<\/tr>\n<tr>\n<td>Cliquez sur \u00ab Ajouter \u00bb pour cr\u00e9er une ic\u00f4ne<\/td>\n<td>Cette \u00e9tape confirme toutes les actions pr\u00e9c\u00e9dentes. En quelques secondes, l&rsquo;ic\u00f4ne appara\u00eetra sur votre \u00e9cran d&rsquo;accueil<\/td>\n<\/tr>\n<\/tbody>\n<\/table>\n<p><img loading=\"lazy\" decoding=\"async\" src=\"https:\/\/theslotrize.com\/wp-content\/uploads\/2026\/01\/Slotrize-Android.webp\" alt=\"Slotrize Android\" width=\"1248\" height=\"536\" \/><\/p>\n<\/div><\/div><div style=\"clear: both\"><\/div><div class=\"d-flex justify-content-center\"><button data-item=\"decouvrez_link\" data-group=\"website_links\" class=\"goto fw-bold rounded-pill btn btn-orange\" aria-label=\"T\u00e9l\u00e9chargez l&#039;application Slotrize\" >T\u00e9l\u00e9chargez l&#039;application Slotrize<\/button><\/div><\/p>\n<h2>Pourquoi choisir l&rsquo;application Slot Rize ?<\/h2>\n<p>Choisir l&rsquo;application Slot Rize est une d\u00e9cision judicieuse pour les joueurs qui appr\u00e9cient la commodit\u00e9, les performances et l&rsquo;acc\u00e8s s\u00e9curis\u00e9 \u00e0 notre casino en ligne sur un appareil mobile. Le logiciel est con\u00e7u comme une application web progressive (PWA). Il offre une excellente exp\u00e9rience sans occuper d&rsquo;espace de stockage ni n\u00e9cessiter de mises \u00e0 jour fr\u00e9quentes.<\/p>\n<p>L&rsquo;interface est rapide et r\u00e9active, ce qui permet aux titres de se charger rapidement, m\u00eame avec des connexions plus lentes. La navigation intuitive permet d&rsquo;explorer facilement tous les types de jeux et les promotions en cours. Si vous rencontrez des probl\u00e8mes ou avez des questions lors de l&rsquo;utilisation du casino mobile, notre \u00e9quipe d&rsquo;assistance \u00e0 la client\u00e8le est \u00e0 votre disposition pour vous aider rapidement et de mani\u00e8re professionnelle via le chat en direct ou par e-mail.<\/p>\n<div class=\"scrollable-content-wrap my-5\"><div class=\"scrollable-content-inner\"><h2>FAQ<\/h2>\n<h3>Les mises \u00e0 jour de l&rsquo;application mobile Slot Rize Casino sont-elles automatiques ?<\/h3>\n<p>Comme il s&rsquo;agit d&rsquo;une application progressive, elle se met toujours \u00e0 jour automatiquement. Aucune action suppl\u00e9mentaire n&rsquo;est requise de votre part. Slotrize Casino informe ses clients de tout changement par le biais de notifications push et d&rsquo;e-mails.<\/p>\n<h3>L&rsquo;application Android fonctionne-t-elle sur les tablettes ?<\/h3>\n<p>Le logiciel mobile est disponible sur tous les appareils Android, y compris les smartphones et les tablettes. L&rsquo;application s&rsquo;adapte \u00e0 la taille et \u00e0 la r\u00e9solution de votre \u00e9cran, offrant une excellente exp\u00e9rience de jeu.<\/p>\n<h3>Les jeux avec croupier en direct sont-ils disponibles sur mobile ?<\/h3>\n<p>L&rsquo;ensemble de la collection de jeux, qui compte plus de 6 000 titres, est disponible sur les appareils mobiles, y compris les jeux de casino en direct. Ils sont tous con\u00e7us avec une fonctionnalit\u00e9 de contr\u00f4le tactile, ce qui vous permet de profiter de graphismes agr\u00e9ables et d&rsquo;une navigation pratique.<\/p>\n<\/div><\/div>\n","protected":false},"excerpt":{"rendered":"<p>Application mobile Slotrize pour Android et iOS Avec Slotrize App, les utilisateurs ne sont plus limit\u00e9s par leur emplacement ou leur temps. Vous pouvez jouer \u00e0 tout moment, o\u00f9 que vous soyez. Nous avons d\u00e9velopp\u00e9 un logiciel mobile compatible avec tous les appareils Android et iOS modernes. Toutes les fonctionnalit\u00e9s seront disponibles sur votre smartphone [&hellip;]<\/p>\n","protected":false},"author":9,"featured_media":0,"parent":0,"menu_order":0,"comment_status":"closed","ping_status":"closed","template":"template-builder.php","meta":{"_acf_changed":false,"inline_featured_image":false,"footnotes":""},"class_list":["post-1412","page","type-page","status-publish","hentry"],"acf":[],"yoast_head":"<!-- This site is optimized with the Yoast SEO plugin v24.4 - https:\/\/yoast.com\/wordpress\/plugins\/seo\/ -->\n<title>Slotrize App | Casino mobile Android et iOS<\/title>\n<meta name=\"description\" content=\"Avec Slot Rize app officielle, emportez toute votre ludoth\u00e8que dans votre poche ! Profitez d&#039;une exp\u00e9rience de jeu palpitante, de mises \u00e0 jour r\u00e9guli\u00e8res et d&#039;un acc\u00e8s s\u00e9curis\u00e9 sur tous vos appareils compatibles.\" \/>\n<meta name=\"robots\" content=\"index, follow, max-snippet:-1, max-image-preview:large, max-video-preview:-1\" \/>\n<link rel=\"canonical\" href=\"https:\/\/theslotrize.com\/fr\/app\/\" \/>\n<meta property=\"og:locale\" content=\"fr_FR\" \/>\n<meta property=\"og:type\" content=\"article\" \/>\n<meta property=\"og:title\" content=\"Slotrize App | Casino mobile Android et iOS\" \/>\n<meta property=\"og:description\" content=\"Avec Slot Rize app officielle, emportez toute votre ludoth\u00e8que dans votre poche ! Profitez d&#039;une exp\u00e9rience de jeu palpitante, de mises \u00e0 jour r\u00e9guli\u00e8res et d&#039;un acc\u00e8s s\u00e9curis\u00e9 sur tous vos appareils compatibles.\" \/>\n<meta property=\"og:url\" content=\"https:\/\/theslotrize.com\/fr\/app\/\" \/>\n<meta property=\"og:site_name\" content=\"slotrize\" \/>\n<meta property=\"article:modified_time\" content=\"2026-01-30T07:32:40+00:00\" \/>\n<meta name=\"twitter:card\" content=\"summary_large_image\" \/>\n<meta name=\"twitter:label1\" content=\"Dur\u00e9e de lecture estim\u00e9e\" \/>\n\t<meta name=\"twitter:data1\" content=\"1 minute\" \/>\n<script type=\"application\/ld+json\" class=\"yoast-schema-graph\">{\"@context\":\"https:\/\/schema.org\",\"@graph\":[{\"@type\":\"WebPage\",\"@id\":\"https:\/\/theslotrize.com\/fr\/app\/\",\"url\":\"https:\/\/theslotrize.com\/fr\/app\/\",\"name\":\"Slotrize App | Casino mobile Android et iOS\",\"isPartOf\":{\"@id\":\"https:\/\/theslotrize.com\/fr\/#website\"},\"datePublished\":\"2026-01-29T13:55:33+00:00\",\"dateModified\":\"2026-01-30T07:32:40+00:00\",\"description\":\"Avec Slot Rize app officielle, emportez toute votre ludoth\u00e8que dans votre poche ! Profitez d'une exp\u00e9rience de jeu palpitante, de mises \u00e0 jour r\u00e9guli\u00e8res et d'un acc\u00e8s s\u00e9curis\u00e9 sur tous vos appareils compatibles.\",\"breadcrumb\":{\"@id\":\"https:\/\/theslotrize.com\/fr\/app\/#breadcrumb\"},\"inLanguage\":\"fr-FR\",\"potentialAction\":[{\"@type\":\"ReadAction\",\"target\":[\"https:\/\/theslotrize.com\/fr\/app\/\"]}]},{\"@type\":\"BreadcrumbList\",\"@id\":\"https:\/\/theslotrize.com\/fr\/app\/#breadcrumb\",\"itemListElement\":[{\"@type\":\"ListItem\",\"position\":1,\"name\":\"Slotrize\",\"item\":\"https:\/\/theslotrize.com\/fr\/\"},{\"@type\":\"ListItem\",\"position\":2,\"name\":\"App\"}]},{\"@type\":\"WebSite\",\"@id\":\"https:\/\/theslotrize.com\/fr\/#website\",\"url\":\"https:\/\/theslotrize.com\/fr\/\",\"name\":\"Slotrize\",\"description\":\"\",\"publisher\":{\"@id\":\"https:\/\/theslotrize.com\/fr\/#organization\"},\"potentialAction\":[{\"@type\":\"SearchAction\",\"target\":{\"@type\":\"EntryPoint\",\"urlTemplate\":\"https:\/\/theslotrize.com\/fr\/?s={search_term_string}\"},\"query-input\":{\"@type\":\"PropertyValueSpecification\",\"valueRequired\":true,\"valueName\":\"search_term_string\"}}],\"inLanguage\":\"fr-FR\"},{\"@type\":\"Organization\",\"@id\":\"https:\/\/theslotrize.com\/fr\/#organization\",\"name\":\"Slotrize\",\"url\":\"https:\/\/theslotrize.com\/fr\/\",\"logo\":{\"@type\":\"ImageObject\",\"inLanguage\":\"fr-FR\",\"@id\":\"https:\/\/theslotrize.com\/fr\/#\/schema\/logo\/image\/\",\"url\":\"https:\/\/theslotrize.com\/wp-content\/uploads\/2026\/01\/Slotrize-logo.png\",\"contentUrl\":\"https:\/\/theslotrize.com\/wp-content\/uploads\/2026\/01\/Slotrize-logo.png\",\"width\":54,\"height\":27,\"caption\":\"Slotrize\"},\"image\":{\"@id\":\"https:\/\/theslotrize.com\/fr\/#\/schema\/logo\/image\/\"}}]}<\/script>\n<!-- \/ Yoast SEO plugin. -->","yoast_head_json":{"title":"Slotrize App | Casino mobile Android et iOS","description":"Avec Slot Rize app officielle, emportez toute votre ludoth\u00e8que dans votre poche ! Profitez d'une exp\u00e9rience de jeu palpitante, de mises \u00e0 jour r\u00e9guli\u00e8res et d'un acc\u00e8s s\u00e9curis\u00e9 sur tous vos appareils compatibles.","robots":{"index":"index","follow":"follow","max-snippet":"max-snippet:-1","max-image-preview":"max-image-preview:large","max-video-preview":"max-video-preview:-1"},"canonical":"https:\/\/theslotrize.com\/fr\/app\/","og_locale":"fr_FR","og_type":"article","og_title":"Slotrize App | Casino mobile Android et iOS","og_description":"Avec Slot Rize app officielle, emportez toute votre ludoth\u00e8que dans votre poche ! Profitez d'une exp\u00e9rience de jeu palpitante, de mises \u00e0 jour r\u00e9guli\u00e8res et d'un acc\u00e8s s\u00e9curis\u00e9 sur tous vos appareils compatibles.","og_url":"https:\/\/theslotrize.com\/fr\/app\/","og_site_name":"slotrize","article_modified_time":"2026-01-30T07:32:40+00:00","twitter_card":"summary_large_image","twitter_misc":{"Dur\u00e9e de lecture estim\u00e9e":"1 minute"},"schema":{"@context":"https:\/\/schema.org","@graph":[{"@type":"WebPage","@id":"https:\/\/theslotrize.com\/fr\/app\/","url":"https:\/\/theslotrize.com\/fr\/app\/","name":"Slotrize App | Casino mobile Android et iOS","isPartOf":{"@id":"https:\/\/theslotrize.com\/fr\/#website"},"datePublished":"2026-01-29T13:55:33+00:00","dateModified":"2026-01-30T07:32:40+00:00","description":"Avec Slot Rize app officielle, emportez toute votre ludoth\u00e8que dans votre poche ! Profitez d'une exp\u00e9rience de jeu palpitante, de mises \u00e0 jour r\u00e9guli\u00e8res et d'un acc\u00e8s s\u00e9curis\u00e9 sur tous vos appareils compatibles.","breadcrumb":{"@id":"https:\/\/theslotrize.com\/fr\/app\/#breadcrumb"},"inLanguage":"fr-FR","potentialAction":[{"@type":"ReadAction","target":["https:\/\/theslotrize.com\/fr\/app\/"]}]},{"@type":"BreadcrumbList","@id":"https:\/\/theslotrize.com\/fr\/app\/#breadcrumb","itemListElement":[{"@type":"ListItem","position":1,"name":"Slotrize","item":"https:\/\/theslotrize.com\/fr\/"},{"@type":"ListItem","position":2,"name":"App"}]},{"@type":"WebSite","@id":"https:\/\/theslotrize.com\/fr\/#website","url":"https:\/\/theslotrize.com\/fr\/","name":"Slotrize","description":"","publisher":{"@id":"https:\/\/theslotrize.com\/fr\/#organization"},"potentialAction":[{"@type":"SearchAction","target":{"@type":"EntryPoint","urlTemplate":"https:\/\/theslotrize.com\/fr\/?s={search_term_string}"},"query-input":{"@type":"PropertyValueSpecification","valueRequired":true,"valueName":"search_term_string"}}],"inLanguage":"fr-FR"},{"@type":"Organization","@id":"https:\/\/theslotrize.com\/fr\/#organization","name":"Slotrize","url":"https:\/\/theslotrize.com\/fr\/","logo":{"@type":"ImageObject","inLanguage":"fr-FR","@id":"https:\/\/theslotrize.com\/fr\/#\/schema\/logo\/image\/","url":"https:\/\/theslotrize.com\/wp-content\/uploads\/2026\/01\/Slotrize-logo.png","contentUrl":"https:\/\/theslotrize.com\/wp-content\/uploads\/2026\/01\/Slotrize-logo.png","width":54,"height":27,"caption":"Slotrize"},"image":{"@id":"https:\/\/theslotrize.com\/fr\/#\/schema\/logo\/image\/"}}]}},"_links":{"self":[{"href":"https:\/\/theslotrize.com\/fr\/wp-json\/wp\/v2\/pages\/1412"}],"collection":[{"href":"https:\/\/theslotrize.com\/fr\/wp-json\/wp\/v2\/pages"}],"about":[{"href":"https:\/\/theslotrize.com\/fr\/wp-json\/wp\/v2\/types\/page"}],"author":[{"embeddable":true,"href":"https:\/\/theslotrize.com\/fr\/wp-json\/wp\/v2\/users\/9"}],"replies":[{"embeddable":true,"href":"https:\/\/theslotrize.com\/fr\/wp-json\/wp\/v2\/comments?post=1412"}],"version-history":[{"count":2,"href":"https:\/\/theslotrize.com\/fr\/wp-json\/wp\/v2\/pages\/1412\/revisions"}],"predecessor-version":[{"id":1549,"href":"https:\/\/theslotrize.com\/fr\/wp-json\/wp\/v2\/pages\/1412\/revisions\/1549"}],"wp:attachment":[{"href":"https:\/\/theslotrize.com\/fr\/wp-json\/wp\/v2\/media?parent=1412"}],"curies":[{"name":"wp","href":"https:\/\/api.w.org\/{rel}","templated":true}]}}