{"id":1454,"date":"2026-01-29T13:59:35","date_gmt":"2026-01-29T13:59:35","guid":{"rendered":"https:\/\/theslotrize.com\/login-and-registration\/"},"modified":"2026-01-30T07:36:16","modified_gmt":"2026-01-30T07:36:16","slug":"connexion-et-inscription","status":"publish","type":"page","link":"https:\/\/theslotrize.com\/fr\/connexion-et-inscription\/","title":{"rendered":"Connexion et inscription"},"content":{"rendered":"<h1>Connexion et inscription \u00e0 Slotrize<\/h1>\n<p>Une seule \u00e9tape s\u00e9pare les utilisateurs de leurs jeux pr\u00e9f\u00e9r\u00e9s et de g\u00e9n\u00e9reux bonus : le Slotrize login. Tous les joueurs \u00e2g\u00e9s de 18 ans ou plus peuvent s&rsquo;inscrire sur notre plateforme. Une autre r\u00e8gle stipule que chaque personne ne peut avoir qu&rsquo;un seul compte dans notre casino en ligne. L&rsquo;inscription est simple et prend moins de 3 minutes.<\/p>\n<p><div class=\"banner-wrap\" aria-label=\"Banner\"><img src=\"https:\/\/theslotrize.com\/wp-content\/uploads\/2026\/01\/Desktop-banner-scaled.webp\" class=\"w-100 d-none d-lg-block img-pc main-banner-img\" alt=\"Slotrize desktop banner\" fetchpriority=\"high\" decoding=\"async\"><img src=\"https:\/\/theslotrize.com\/wp-content\/uploads\/2026\/01\/Mobile-banner.webp\" class=\"w-100 d-none d-md-block d-lg-none main-banner-img\" alt=\"Slotrize mobile banner\" fetchpriority=\"high\" decoding=\"async\"><img src=\"https:\/\/theslotrize.com\/wp-content\/uploads\/2026\/01\/Mobile-banner.webp\" class=\"w-100 d-md-none\" alt=\"Slotrize mobile banner\" fetchpriority=\"high\" decoding=\"async\"><div class=\"banner-description\">\n<div class=\"banner-title\">Bonus de bienvenue<\/div>\n<p class=\"banner-header-title\">1500 \u20ac<\/p>\n<div class=\"banner-header-AdditionalText\">+ 250 Tours gratuits<\/div>\n<button data-item=\"homepage_banner_link\" class=\"goto m-button m-gradient-border m-button--primary m-button--large banner-button btn-orange\">\n            <div class=\"m-button-content\">\n                <span>Inscrivez-vous d\u00e8s maintenant<\/span>\n                <span><\/span>\n            <\/div>\n        <\/button>\n<\/div>\n<div class=\"WelcomePack\">\n<p><img loading=\"lazy\" decoding=\"async\" class=\"alignnone size-full wp-image-1335\" src=\"https:\/\/theslotrize.com\/wp-content\/uploads\/2026\/01\/welcome-crown.png\" alt=\"welcome crown\" width=\"25\" height=\"26\" \/><\/p>\n<div class=\"WelcomePack-Info\">Cashback hebdomadaire jusqu&rsquo;\u00e0 25 %<\/div>\n<p><img loading=\"lazy\" decoding=\"async\" class=\"alignnone size-full wp-image-1335\" src=\"https:\/\/theslotrize.com\/wp-content\/uploads\/2026\/01\/welcome-crown.png\" alt=\"welcome crown\" width=\"25\" height=\"26\" \/><\/p>\n<\/div>\n<\/div><div class=\"scrollable-content-wrap my-5\"><div class=\"scrollable-content-inner\"><h2>Connexion et gestion de compte Slotrize<\/h2>\n<p>Si vous n&rsquo;\u00eates pas sur notre plateforme pour la premi\u00e8re fois, il vous suffit de vous connecter \u00e0 Slotrize. Pour ce faire, vous devrez saisir les informations personnelles que vous avez utilis\u00e9es lors de votre inscription, telles que votre adresse e-mail et votre mot de passe. L&rsquo;ensemble du processus peut \u00eatre effectu\u00e9 en moins d&rsquo;une minute.<\/p>\n<p>Une fois connect\u00e9s, les joueurs peuvent acc\u00e9der \u00e0 l&rsquo;ensemble de la collection de jeux et jouer avec de l&rsquo;argent r\u00e9el. En outre, la connexion \u00e0 Slot Rize vous permet d&rsquo;utiliser de nombreuses fonctions et outils pratiques qui rendront votre exp\u00e9rience plus agr\u00e9able et personnalis\u00e9e.<\/p>\n<p>Tout d&rsquo;abord, vous pouvez g\u00e9rer vos informations personnelles et vos informations de paiement \u00e0 tout moment. Les utilisateurs ont \u00e9galement acc\u00e8s \u00e0 l&rsquo;historique de leurs activit\u00e9s, notamment le temps de jeu, les bonus, les d\u00e9p\u00f4ts, les paris et d&rsquo;autres statistiques importantes. Des outils de jeu responsable sont \u00e9galement \u00e0 votre disposition si vous vous connectez \u00e0 votre compte Slotrize Casino.<\/p>\n<h3>Comment r\u00e9cup\u00e9rer vos informations de connexion<\/h3>\n<p>Si vous avez oubli\u00e9 certaines de vos informations de connexion, ce n&rsquo;est pas grave. Nous disposons d&rsquo;une fonction sp\u00e9ciale de r\u00e9initialisation du mot de passe qui vous aidera dans ce cas. Suivez nos instructions ci-dessous pour que ce processus soit rapide et sans stress :<\/p>\n<ol>\n<li>Rendez-vous sur la page de connexion de Slotrize.<\/li>\n<li>Cliquez sur le lien \u00ab Mot de passe oubli\u00e9 ? \u00bb.<\/li>\n<li>Dans le formulaire qui s&rsquo;affiche, saisissez l&rsquo;adresse e-mail que vous avez utilis\u00e9e lors de votre inscription.<\/li>\n<li>Vous recevrez un e-mail contenant le lien de r\u00e9initialisation. Vous devez cliquer dessus.<\/li>\n<li>Vous devez maintenant cr\u00e9er un nouveau mot de passe que vous utiliserez lors de votre prochaine connexion.<\/li>\n<\/ol>\n<h2>Processus d&rsquo;inscription rapide sur Slotrize<\/h2>\n<p>Tous les utilisateurs peuvent essayer certains de nos titres en mode d\u00e9mo sans s&rsquo;inscrire ni effectuer de d\u00e9p\u00f4t. C&rsquo;est une excellente option pour d\u00e9couvrir de nouveaux jeux et d\u00e9terminer si Slot Rize Casino correspond \u00e0 vos go\u00fbts. Mais pour jouer avec de l&rsquo;argent r\u00e9el, acc\u00e9der aux bonus, effectuer des paiements et b\u00e9n\u00e9ficier d&rsquo;une assistance 24h\/24 et 7j\/7, les utilisateurs doivent cr\u00e9er un compte.<\/p>\n<p>Peu importe l&rsquo;appareil que vous utilisez. Nous ne vous demandons que votre adresse e-mail et votre mot de passe lors de l&rsquo;inscription. Plus tard, vous devrez remplir le formulaire avec des informations plus d\u00e9taill\u00e9es. Cela est n\u00e9cessaire pour le processus de v\u00e9rification futur.<\/p>\n<p>Certaines personnes peuvent craindre que leurs informations personnelles soient transmises \u00e0 des tiers si elles les fournissent. Slotrize est un casino en ligne agr\u00e9\u00e9 qui respecte tous les protocoles de s\u00e9curit\u00e9 afin de prot\u00e9ger ses clients. Nous utilisons des politiques de mot de passe strictes, l&rsquo;authentification \u00e0 deux facteurs (2FA), le CAPTCHA et des syst\u00e8mes anti-bot pour assurer la s\u00e9curit\u00e9 de votre profil. De plus, toutes nos informations personnelles et transactions sont prot\u00e9g\u00e9es par un cryptage TLS 1.3 innovant.<\/p>\n<h3>Comment configurer votre profil<\/h3>\n<p>L&rsquo;inscription sur Slotrize Casino est tr\u00e8s simple, m\u00eame pour un novice qui n&rsquo;a jamais visit\u00e9 de casino en ligne auparavant. Il \u00e9tait important de la rendre simple afin que les gens puissent commencer \u00e0 jouer d\u00e8s que possible. Le tableau ci-dessous vous aidera \u00e0 comprendre chaque \u00e9tape de ce processus.<\/p>\n<table>\n<tbody>\n<tr>\n<td>\u00c9tape<\/td>\n<td>D\u00e9tails<\/td>\n<\/tr>\n<tr>\n<td>Cliquez sur le bouton \u00ab S&rsquo;inscrire \u00bb sur notre site web<\/td>\n<td>Le bouton se trouve dans le coin sup\u00e9rieur droit. Veuillez utiliser uniquement notre site Web officiel afin d&rsquo;\u00e9viter toute fraude.<\/td>\n<\/tr>\n<tr>\n<td>Remplissez le formulaire d&rsquo;inscription<\/td>\n<td>Vous devez fournir votre adresse e-mail et cr\u00e9er un mot de passe fort.<\/td>\n<\/tr>\n<tr>\n<td>Confirmez votre \u00e2ge et acceptez les r\u00e8gles<\/td>\n<td>Pour s&rsquo;inscrire sur Slot Rize, un joueur doit \u00eatre \u00e2g\u00e9 d&rsquo;au moins 18 ans. Vous devez \u00e9galement accepter les conditions g\u00e9n\u00e9rales.<\/td>\n<\/tr>\n<tr>\n<td>Cliquez sur \u00ab S&rsquo;inscrire \u00bb \u00e0 la fin du formulaire<\/td>\n<td>Apr\u00e8s avoir v\u00e9rifi\u00e9 toutes les donn\u00e9es saisies, confirmez-les.<\/td>\n<\/tr>\n<tr>\n<td>Remplissez les informations suppl\u00e9mentaires<\/td>\n<td>Un autre formulaire s&rsquo;affichera, dans lequel vous devrez saisir votre nom complet, votre date de naissance et votre num\u00e9ro de t\u00e9l\u00e9phone. Les utilisateurs peuvent ignorer cette \u00e9tape et la r\u00e9aliser plus tard.<\/td>\n<\/tr>\n<tr>\n<td>Cliquez sur \u00ab Enregistrer \u00bb pour cr\u00e9er un compte<\/td>\n<td>Une fois la derni\u00e8re \u00e9tape termin\u00e9e, vous pouvez officiellement commencer \u00e0 jouer sur Slotrize Casino sans aucune restriction.<\/td>\n<\/tr>\n<\/tbody>\n<\/table>\n<h3>Processus de v\u00e9rification<\/h3>\n<p>Le processus de v\u00e9rification KYC est une \u00e9tape essentielle de notre politique de s\u00e9curit\u00e9. Nous devons v\u00e9rifier votre identit\u00e9, votre \u00e2ge, votre adresse personnelle et la propri\u00e9t\u00e9 de votre compte de paiement. C&rsquo;est pourquoi, avant d&rsquo;effectuer votre premier retrait, il vous sera demand\u00e9 de t\u00e9l\u00e9charger des copies de vos documents personnels sur la plateforme. Nos responsables les v\u00e9rifieront dans les plus brefs d\u00e9lais et vous r\u00e9pondront. Apr\u00e8s cela, les utilisateurs de Slotrize Casino ne subiront aucun retard dans leurs retraits.<\/p>\n<h2>FAQ<\/h2>\n<h3>Combien de temps faut-il pour v\u00e9rifier mon compte ?<\/h3>\n<p>Conform\u00e9ment aux r\u00e8gles de v\u00e9rification KYC de Slotrize, nos responsables doivent v\u00e9rifier vos documents dans un d\u00e9lai de 48 heures. Vous pouvez suivre l&rsquo;avancement du processus dans votre compte personnel.<\/p>\n<h3>Comment puis-je prot\u00e9ger mon profil en plus de cr\u00e9er un mot de passe fort ?<\/h3>\n<p>Apr\u00e8s votre inscription, vous pouvez activer l&rsquo;authentification \u00e0 deux facteurs. Dans ce cas, chaque fois que vous vous connecterez, vous devrez prouver votre identit\u00e9 par SMS ou via une application sp\u00e9ciale. Si vous souhaitez en savoir plus sur les autres mesures, contactez notre \u00e9quipe d&rsquo;assistance multilingue par chat en direct ou par e-mail.<\/p>\n<h3>L&rsquo;inscription est-elle obligatoire pour effectuer des d\u00e9p\u00f4ts ?<\/h3>\n<p>Tous les joueurs doivent cr\u00e9er un compte pour effectuer des d\u00e9p\u00f4ts et jouer avec de l&rsquo;argent r\u00e9el. Sans inscription sur Slot Rize, vous ne pouvez essayer que certains de nos titres en mode d\u00e9mo. Dans ce cas, vous jouerez avec de l&rsquo;argent r\u00e9el, mais vous ne pourrez pas retirer vos gains.<\/p>\n<\/div><\/div><\/p>\n","protected":false},"excerpt":{"rendered":"<p>Connexion et inscription \u00e0 Slotrize Une seule \u00e9tape s\u00e9pare les utilisateurs de leurs jeux pr\u00e9f\u00e9r\u00e9s et de g\u00e9n\u00e9reux bonus : le Slotrize login. Tous les joueurs \u00e2g\u00e9s de 18 ans ou plus peuvent s&rsquo;inscrire sur notre plateforme. Une autre r\u00e8gle stipule que chaque personne ne peut avoir qu&rsquo;un seul compte dans notre casino en ligne. [&hellip;]<\/p>\n","protected":false},"author":9,"featured_media":0,"parent":0,"menu_order":0,"comment_status":"closed","ping_status":"closed","template":"template-builder.php","meta":{"_acf_changed":false,"inline_featured_image":false,"footnotes":""},"class_list":["post-1454","page","type-page","status-publish","hentry"],"acf":[],"yoast_head":"<!-- This site is optimized with the Yoast SEO plugin v24.4 - https:\/\/yoast.com\/wordpress\/plugins\/seo\/ -->\n<title>Slotrize Login | Se connecter ou cr\u00e9er un compte<\/title>\n<meta name=\"description\" content=\"Slot Rize login pour acc\u00e9der facilement \u00e0 votre tableau de bord et g\u00e9rer vos d\u00e9p\u00f4ts, retraits et bonus. L&#039;inscription est rapide et s\u00e9curis\u00e9e, et ne prend que quelques secondes.\" \/>\n<meta name=\"robots\" content=\"index, follow, max-snippet:-1, max-image-preview:large, max-video-preview:-1\" \/>\n<link rel=\"canonical\" href=\"https:\/\/theslotrize.com\/fr\/connexion-et-inscription\/\" \/>\n<meta property=\"og:locale\" content=\"fr_FR\" \/>\n<meta property=\"og:type\" content=\"article\" \/>\n<meta property=\"og:title\" content=\"Slotrize Login | Se connecter ou cr\u00e9er un compte\" \/>\n<meta property=\"og:description\" content=\"Slot Rize login pour acc\u00e9der facilement \u00e0 votre tableau de bord et g\u00e9rer vos d\u00e9p\u00f4ts, retraits et bonus. L&#039;inscription est rapide et s\u00e9curis\u00e9e, et ne prend que quelques secondes.\" \/>\n<meta property=\"og:url\" content=\"https:\/\/theslotrize.com\/fr\/connexion-et-inscription\/\" \/>\n<meta property=\"og:site_name\" content=\"slotrize\" \/>\n<meta property=\"article:modified_time\" content=\"2026-01-30T07:36:16+00:00\" \/>\n<meta name=\"twitter:card\" content=\"summary_large_image\" \/>\n<meta name=\"twitter:label1\" content=\"Dur\u00e9e de lecture estim\u00e9e\" \/>\n\t<meta name=\"twitter:data1\" content=\"1 minute\" \/>\n<script type=\"application\/ld+json\" class=\"yoast-schema-graph\">{\"@context\":\"https:\/\/schema.org\",\"@graph\":[{\"@type\":\"WebPage\",\"@id\":\"https:\/\/theslotrize.com\/fr\/connexion-et-inscription\/\",\"url\":\"https:\/\/theslotrize.com\/fr\/connexion-et-inscription\/\",\"name\":\"Slotrize Login | Se connecter ou cr\u00e9er un compte\",\"isPartOf\":{\"@id\":\"https:\/\/theslotrize.com\/fr\/#website\"},\"datePublished\":\"2026-01-29T13:59:35+00:00\",\"dateModified\":\"2026-01-30T07:36:16+00:00\",\"description\":\"Slot Rize login pour acc\u00e9der facilement \u00e0 votre tableau de bord et g\u00e9rer vos d\u00e9p\u00f4ts, retraits et bonus. L'inscription est rapide et s\u00e9curis\u00e9e, et ne prend que quelques secondes.\",\"breadcrumb\":{\"@id\":\"https:\/\/theslotrize.com\/fr\/connexion-et-inscription\/#breadcrumb\"},\"inLanguage\":\"fr-FR\",\"potentialAction\":[{\"@type\":\"ReadAction\",\"target\":[\"https:\/\/theslotrize.com\/fr\/connexion-et-inscription\/\"]}]},{\"@type\":\"BreadcrumbList\",\"@id\":\"https:\/\/theslotrize.com\/fr\/connexion-et-inscription\/#breadcrumb\",\"itemListElement\":[{\"@type\":\"ListItem\",\"position\":1,\"name\":\"Slotrize\",\"item\":\"https:\/\/theslotrize.com\/fr\/\"},{\"@type\":\"ListItem\",\"position\":2,\"name\":\"Connexion et inscription\"}]},{\"@type\":\"WebSite\",\"@id\":\"https:\/\/theslotrize.com\/fr\/#website\",\"url\":\"https:\/\/theslotrize.com\/fr\/\",\"name\":\"Slotrize\",\"description\":\"\",\"publisher\":{\"@id\":\"https:\/\/theslotrize.com\/fr\/#organization\"},\"potentialAction\":[{\"@type\":\"SearchAction\",\"target\":{\"@type\":\"EntryPoint\",\"urlTemplate\":\"https:\/\/theslotrize.com\/fr\/?s={search_term_string}\"},\"query-input\":{\"@type\":\"PropertyValueSpecification\",\"valueRequired\":true,\"valueName\":\"search_term_string\"}}],\"inLanguage\":\"fr-FR\"},{\"@type\":\"Organization\",\"@id\":\"https:\/\/theslotrize.com\/fr\/#organization\",\"name\":\"Slotrize\",\"url\":\"https:\/\/theslotrize.com\/fr\/\",\"logo\":{\"@type\":\"ImageObject\",\"inLanguage\":\"fr-FR\",\"@id\":\"https:\/\/theslotrize.com\/fr\/#\/schema\/logo\/image\/\",\"url\":\"https:\/\/theslotrize.com\/wp-content\/uploads\/2026\/01\/Slotrize-logo.png\",\"contentUrl\":\"https:\/\/theslotrize.com\/wp-content\/uploads\/2026\/01\/Slotrize-logo.png\",\"width\":54,\"height\":27,\"caption\":\"Slotrize\"},\"image\":{\"@id\":\"https:\/\/theslotrize.com\/fr\/#\/schema\/logo\/image\/\"}}]}<\/script>\n<!-- \/ Yoast SEO plugin. -->","yoast_head_json":{"title":"Slotrize Login | Se connecter ou cr\u00e9er un compte","description":"Slot Rize login pour acc\u00e9der facilement \u00e0 votre tableau de bord et g\u00e9rer vos d\u00e9p\u00f4ts, retraits et bonus. L'inscription est rapide et s\u00e9curis\u00e9e, et ne prend que quelques secondes.","robots":{"index":"index","follow":"follow","max-snippet":"max-snippet:-1","max-image-preview":"max-image-preview:large","max-video-preview":"max-video-preview:-1"},"canonical":"https:\/\/theslotrize.com\/fr\/connexion-et-inscription\/","og_locale":"fr_FR","og_type":"article","og_title":"Slotrize Login | Se connecter ou cr\u00e9er un compte","og_description":"Slot Rize login pour acc\u00e9der facilement \u00e0 votre tableau de bord et g\u00e9rer vos d\u00e9p\u00f4ts, retraits et bonus. L'inscription est rapide et s\u00e9curis\u00e9e, et ne prend que quelques secondes.","og_url":"https:\/\/theslotrize.com\/fr\/connexion-et-inscription\/","og_site_name":"slotrize","article_modified_time":"2026-01-30T07:36:16+00:00","twitter_card":"summary_large_image","twitter_misc":{"Dur\u00e9e de lecture estim\u00e9e":"1 minute"},"schema":{"@context":"https:\/\/schema.org","@graph":[{"@type":"WebPage","@id":"https:\/\/theslotrize.com\/fr\/connexion-et-inscription\/","url":"https:\/\/theslotrize.com\/fr\/connexion-et-inscription\/","name":"Slotrize Login | Se connecter ou cr\u00e9er un compte","isPartOf":{"@id":"https:\/\/theslotrize.com\/fr\/#website"},"datePublished":"2026-01-29T13:59:35+00:00","dateModified":"2026-01-30T07:36:16+00:00","description":"Slot Rize login pour acc\u00e9der facilement \u00e0 votre tableau de bord et g\u00e9rer vos d\u00e9p\u00f4ts, retraits et bonus. L'inscription est rapide et s\u00e9curis\u00e9e, et ne prend que quelques secondes.","breadcrumb":{"@id":"https:\/\/theslotrize.com\/fr\/connexion-et-inscription\/#breadcrumb"},"inLanguage":"fr-FR","potentialAction":[{"@type":"ReadAction","target":["https:\/\/theslotrize.com\/fr\/connexion-et-inscription\/"]}]},{"@type":"BreadcrumbList","@id":"https:\/\/theslotrize.com\/fr\/connexion-et-inscription\/#breadcrumb","itemListElement":[{"@type":"ListItem","position":1,"name":"Slotrize","item":"https:\/\/theslotrize.com\/fr\/"},{"@type":"ListItem","position":2,"name":"Connexion et inscription"}]},{"@type":"WebSite","@id":"https:\/\/theslotrize.com\/fr\/#website","url":"https:\/\/theslotrize.com\/fr\/","name":"Slotrize","description":"","publisher":{"@id":"https:\/\/theslotrize.com\/fr\/#organization"},"potentialAction":[{"@type":"SearchAction","target":{"@type":"EntryPoint","urlTemplate":"https:\/\/theslotrize.com\/fr\/?s={search_term_string}"},"query-input":{"@type":"PropertyValueSpecification","valueRequired":true,"valueName":"search_term_string"}}],"inLanguage":"fr-FR"},{"@type":"Organization","@id":"https:\/\/theslotrize.com\/fr\/#organization","name":"Slotrize","url":"https:\/\/theslotrize.com\/fr\/","logo":{"@type":"ImageObject","inLanguage":"fr-FR","@id":"https:\/\/theslotrize.com\/fr\/#\/schema\/logo\/image\/","url":"https:\/\/theslotrize.com\/wp-content\/uploads\/2026\/01\/Slotrize-logo.png","contentUrl":"https:\/\/theslotrize.com\/wp-content\/uploads\/2026\/01\/Slotrize-logo.png","width":54,"height":27,"caption":"Slotrize"},"image":{"@id":"https:\/\/theslotrize.com\/fr\/#\/schema\/logo\/image\/"}}]}},"_links":{"self":[{"href":"https:\/\/theslotrize.com\/fr\/wp-json\/wp\/v2\/pages\/1454"}],"collection":[{"href":"https:\/\/theslotrize.com\/fr\/wp-json\/wp\/v2\/pages"}],"about":[{"href":"https:\/\/theslotrize.com\/fr\/wp-json\/wp\/v2\/types\/page"}],"author":[{"embeddable":true,"href":"https:\/\/theslotrize.com\/fr\/wp-json\/wp\/v2\/users\/9"}],"replies":[{"embeddable":true,"href":"https:\/\/theslotrize.com\/fr\/wp-json\/wp\/v2\/comments?post=1454"}],"version-history":[{"count":2,"href":"https:\/\/theslotrize.com\/fr\/wp-json\/wp\/v2\/pages\/1454\/revisions"}],"predecessor-version":[{"id":1551,"href":"https:\/\/theslotrize.com\/fr\/wp-json\/wp\/v2\/pages\/1454\/revisions\/1551"}],"wp:attachment":[{"href":"https:\/\/theslotrize.com\/fr\/wp-json\/wp\/v2\/media?parent=1454"}],"curies":[{"name":"wp","href":"https:\/\/api.w.org\/{rel}","templated":true}]}}