{"id":1417,"date":"2026-01-29T13:55:33","date_gmt":"2026-01-29T13:55:33","guid":{"rendered":"https:\/\/theslotrize.com\/app\/"},"modified":"2026-01-30T09:24:48","modified_gmt":"2026-01-30T09:24:48","slug":"applicazione","status":"publish","type":"page","link":"https:\/\/theslotrize.com\/it\/applicazione\/","title":{"rendered":"Applicazione"},"content":{"rendered":"<h1>Applicazione mobile Slotrize per Android e iOS<\/h1>\n<p>Con Slotrize App, gli utenti italiani non sono pi\u00f9 limitati dalla loro posizione o dal tempo. Puoi giocare in movimento in qualsiasi momento. Abbiamo sviluppato un software mobile compatibile con tutti i moderni dispositivi Android e iOS. Tutte le stesse funzionalit\u00e0 saranno disponibili sul tuo smartphone e tablet. L&#8217;installazione \u00e8 facile e pu\u00f2 essere completata dal nostro sito web Slotrize Casino.<\/p>\n<p><div class=\"banner-wrap\" aria-label=\"Banner\"><img src=\"https:\/\/theslotrize.com\/wp-content\/uploads\/2026\/01\/Desktop-banner-scaled.webp\" class=\"w-100 d-none d-lg-block img-pc main-banner-img\" alt=\"Slotrize desktop banner\" fetchpriority=\"high\" decoding=\"async\"><img src=\"https:\/\/theslotrize.com\/wp-content\/uploads\/2026\/01\/Mobile-banner.webp\" class=\"w-100 d-none d-md-block d-lg-none main-banner-img\" alt=\"Slotrize mobile banner\" fetchpriority=\"high\" decoding=\"async\"><img src=\"https:\/\/theslotrize.com\/wp-content\/uploads\/2026\/01\/Mobile-banner.webp\" class=\"w-100 d-md-none\" alt=\"Slotrize mobile banner\" fetchpriority=\"high\" decoding=\"async\"><div class=\"banner-description\">\n<div class=\"banner-title\">Bonus di benvenuto<\/div>\n<p class=\"banner-header-title\">1500 \u20ac<\/p>\n<div class=\"banner-header-AdditionalText\">+ 250 Giri gratuiti<\/div>\n<button data-item=\"homepage_banner_link\" class=\"goto m-button m-gradient-border m-button--primary m-button--large banner-button btn-orange\">\n            <div class=\"m-button-content\">\n                <span>Iscriviti ora<\/span>\n                <span><\/span>\n            <\/div>\n        <\/button>\n<\/div>\n<div class=\"WelcomePack\">\n<p><img loading=\"lazy\" decoding=\"async\" class=\"alignnone size-full wp-image-1335\" src=\"https:\/\/theslotrize.com\/wp-content\/uploads\/2026\/01\/welcome-crown.png\" alt=\"welcome crown\" width=\"25\" height=\"26\" \/><\/p>\n<div class=\"WelcomePack-Info\">Cashback settimanale fino al 25%<\/div>\n<p><img loading=\"lazy\" decoding=\"async\" class=\"alignnone size-full wp-image-1335\" src=\"https:\/\/theslotrize.com\/wp-content\/uploads\/2026\/01\/welcome-crown.png\" alt=\"welcome crown\" width=\"25\" height=\"26\" \/><\/p>\n<\/div>\n<\/div><div class=\"scrollable-content-wrap my-5\"><div class=\"scrollable-content-inner\"><h2>Applicazione per iPhone e iPad<\/h2>\n<p>Se hai un dispositivo iOS, avrai molte opportunit\u00e0 di rimanere online ovunque ti trovi. Hai due opzioni per utilizzare la nostra piattaforma: una versione browser mobile o un&#8217;app dedicata. Entrambe funzioneranno perfettamente sul tuo dispositivo. Non ti poniamo limiti, quindi puoi scegliere quella che preferisci o anche entrambe.<\/p>\n<p>La versione mobile di Slotrize Casino non ha limitazioni. Ci\u00f2 significa che tutti i giochi, i bonus e le opzioni di pagamento saranno disponibili indipendentemente dal dispositivo che utilizzi. Dopo aver effettuato l&#8217;accesso su un nuovo dispositivo, tutte le tue preferenze, i tuoi risultati e il tuo saldo saranno sincronizzati.<\/p>\n<p>Utilizzare il sito web mobile \u00e8 facile. Devi solo visitare Slot Rize nel tuo browser preferito. Il design e la navigazione ti saranno gi\u00e0 familiari. Per utilizzare l&#8217;app Slotrize, devi completare il processo di installazione cliccando sul pulsante &#8220;Casino App&#8221; nel footer del sito web.<\/p>\n<p><img loading=\"lazy\" decoding=\"async\" src=\"https:\/\/theslotrize.com\/wp-content\/uploads\/2026\/01\/Slotrize-iOS.webp\" alt=\"Slotrize iOS\" width=\"1248\" height=\"536\" \/><\/p>\n<\/div><\/div><div style=\"clear: both\"><\/div><div class=\"d-flex justify-content-center\"><button data-item=\"decouvrez_link\" data-group=\"website_links\" class=\"goto fw-bold rounded-pill btn btn-orange\" aria-label=\"Scarica l&#039;app Slotrize\" >Scarica l&#039;app Slotrize<\/button><\/div><div class=\"scrollable-content-wrap my-5\"><div class=\"scrollable-content-inner\"><h2>Slotrize per macOS o Windows<\/h2>\n<p>Non \u00e8 affatto un problema se desideri giocare alle slot online, ai giochi da tavolo, ai titoli con croupier dal vivo e molto altro sul tuo PC. Tutti i titoli della nostra vasta collezione di giochi si adatteranno alle dimensioni dello schermo del tuo computer. Slotrize \u00e8 disponibile su macOS e Windows. Tutti i principali browser supportano la nostra piattaforma, inclusi Google Chrome e Safari.<\/p>\n<p>In qualit\u00e0 di casin\u00f2 online autorizzato, seguiamo tutti i rigorosi protocolli di sicurezza del settore. Le tue informazioni personali e le tue transazioni sono protette con l&#8217;innovativa crittografia 1.3 TLS. Inoltre, utilizziamo sistemi CAPTCHA e anti-bot per mantenere il tuo profilo al sicuro, indipendentemente dal dispositivo che utilizzi.<\/p>\n<h3>Come installare l&#8217;app sul PC<\/h3>\n<p>Per un&#8217;esperienza di gioco pi\u00f9 personalizzata sul tuo PC o laptop, puoi installare l&#8217;app Slotrize e accedervi con un solo clic. Ci\u00f2 significa che non dovrai aprire il browser e cercare il sito web desiderato.<\/p>\n<p>L&#8217;installazione pu\u00f2 essere completata in qualsiasi browser su qualsiasi dispositivo. Segui le nostre istruzioni qui sotto per renderla veloce e senza stress:<\/p>\n<ol>\n<li>Visita Slot Rize Casino nel tuo browser preferito.<\/li>\n<li>Clicca sul pulsante con i tre puntini nella barra degli indirizzi (per Chrome) o sul pulsante &#8220;Condividi&#8221; (per Safari).<\/li>\n<li>Tra le opzioni disponibili, scegli &#8220;Aggiungi alla schermata iniziale&#8221;.<\/li>\n<li>Personalizza il nome e l&#8217;aspetto dell&#8217;icona, se necessario.<\/li>\n<li>Dopo aver inviato le modifiche, l&#8217;icona del marchio apparir\u00e0 immediatamente sulla tua schermata iniziale.<\/li>\n<\/ol>\n<p><img loading=\"lazy\" decoding=\"async\" src=\"https:\/\/theslotrize.com\/wp-content\/uploads\/2026\/01\/Slotrize-Desktop.webp\" alt=\"Slotrize Desktop\" width=\"1248\" height=\"536\" \/><\/p>\n<\/div><\/div><div style=\"clear: both\"><\/div><div class=\"d-flex justify-content-center\"><button data-item=\"decouvrez_link\" data-group=\"website_links\" class=\"goto fw-bold rounded-pill btn btn-orange\" aria-label=\"Scarica Slotrize\" >Scarica Slotrize<\/button><\/div><div class=\"scrollable-content-wrap my-5\"><div class=\"scrollable-content-inner\"><h2>App mobile per dispositivi Android<\/h2>\n<p>Gli utenti Android non saranno esclusi se desiderano provare il nostro casin\u00f2 mobile sul proprio smartphone o tablet. Avrai le stesse opportunit\u00e0 di qualsiasi altro cliente. Nella versione per browser mobile, potrai godere degli stessi processi. Se sei nuovo sulla piattaforma Slotrize, registrati dal tuo dispositivo mobile. Prima di effettuare il primo prelievo, ti chiederemo anche di completare il processo di verifica.<\/p>\n<p>Oltre a ci\u00f2, i giocatori Android possono provare l&#8217;app Slotrize gratuitamente. \u00c8 stata sviluppata in base alle funzionalit\u00e0 di controllo touch. Ci\u00f2 significa, ad esempio, che i pulsanti sono posizionati in modo da non interferire tra loro su uno schermo piccolo e offrire una navigazione comoda. Abbiamo anche utilizzato le funzioni di scorrimento e scroll per non perdere nulla della tua esperienza.<\/p>\n<h3>Come scaricare Slotrize Casino<\/h3>\n<p>L&#8217;installazione dell&#8217;app Slotrize pu\u00f2 essere completata in 3 minuti. Abbiamo progettato il processo in modo che sia semplice e veloce. Hai solo bisogno del tuo dispositivo mobile e di una connessione Internet stabile. La tabella sottostante mostra il processo passo dopo passo.<\/p>\n<table>\n<tbody>\n<tr>\n<td>Passaggio<\/td>\n<td>Dettagli<\/td>\n<\/tr>\n<tr>\n<td>Vai al nostro sito web<\/td>\n<td>Gli utenti possono completare il processo di installazione in qualsiasi browser preferito<\/td>\n<\/tr>\n<tr>\n<td>Clicca sul pulsante &#8220;Altro&#8221;<\/td>\n<td>Si trova nella barra degli indirizzi e ha la forma di tre puntini verticali<\/td>\n<\/tr>\n<tr>\n<td>Seleziona &#8220;Aggiungi alla schermata iniziale&#8221;<\/td>\n<td>Nell&#8217;elenco, trova l&#8217;opzione desiderata<\/td>\n<\/tr>\n<tr>\n<td>Personalizza l&#8217;icona futura<\/td>\n<td>I giocatori hanno la possibilit\u00e0 di modificare il nome e l&#8217;aspetto dell&#8217;icona Slotrize<\/td>\n<\/tr>\n<tr>\n<td>Clicca su &#8220;Aggiungi&#8221; per creare un&#8217;icona<\/td>\n<td>Questo passaggio conferma tutte le azioni precedenti. In pochi secondi, l&#8217;icona apparir\u00e0 sulla schermata iniziale<\/td>\n<\/tr>\n<\/tbody>\n<\/table>\n<p><img loading=\"lazy\" decoding=\"async\" src=\"https:\/\/theslotrize.com\/wp-content\/uploads\/2026\/01\/Slotrize-Android.webp\" alt=\"Slotrize Android\" width=\"1248\" height=\"536\" \/><\/p>\n<\/div><\/div><div style=\"clear: both\"><\/div><div class=\"d-flex justify-content-center\"><button data-item=\"decouvrez_link\" data-group=\"website_links\" class=\"goto fw-bold rounded-pill btn btn-orange\" aria-label=\"Scarica l&#039;app Slotrize\" >Scarica l&#039;app Slotrize<\/button><\/div><\/p>\n<h2>Perch\u00e9 scegliere l&#8217;applicazione Slot Rize<\/h2>\n<p>Scegliere l&#8217;app Slot Rize \u00e8 una decisione intelligente per i giocatori che apprezzano la comodit\u00e0, le prestazioni e l&#8217;accesso sicuro al nostro casin\u00f2 online su un dispositivo mobile. Il software \u00e8 costruito come un&#8217;applicazione web progressiva (PWA). Offre un&#8217;esperienza eccezionale senza occupare spazio di archiviazione o richiedere aggiornamenti frequenti.<\/p>\n<p>L&#8217;interfaccia \u00e8 veloce e reattiva, il che consente ai titoli di caricarsi rapidamente anche con connessioni pi\u00f9 lente. La navigazione intuitiva rende facile esplorare tutti i tipi di giochi e le promozioni in corso. Se incontri problemi o hai domande durante l&#8217;utilizzo del casin\u00f2 mobile, il nostro team di assistenza clienti \u00e8 a tua disposizione per aiutarti in modo rapido e professionale tramite live chat o e-mail.<\/p>\n<div class=\"scrollable-content-wrap my-5\"><div class=\"scrollable-content-inner\"><h2>Domande frequenti<\/h2>\n<h3>Gli aggiornamenti dell&#8217;app mobile Slot Rize Casino sono automatici?<\/h3>\n<p>Trattandosi di un&#8217;app progressiva, gli aggiornamenti avvengono sempre automaticamente. Non \u00e8 richiesta alcuna azione aggiuntiva da parte tua. Slotrize Casino aggiorna i clienti su eventuali modifiche tramite notifiche push ed e-mail.<\/p>\n<h3>L&#8217;app Android funziona sui tablet?<\/h3>\n<p>Il software mobile \u00e8 disponibile su tutti i dispositivi Android, inclusi smartphone e tablet. L&#8217;app si adatta alle dimensioni e alla risoluzione dello schermo, offrendo un&#8217;esperienza di gioco eccezionale.<\/p>\n<h3>I giochi con croupier dal vivo sono disponibili per il gioco mobile?<\/h3>\n<p>L&#8217;intera collezione di giochi con oltre 6.000 titoli \u00e8 disponibile sui dispositivi mobili, compresi i giochi di casin\u00f2 dal vivo. Sono tutti progettati con funzionalit\u00e0 touch-control, in modo da poter godere di una grafica piacevole e di una navigazione comoda.<\/p>\n<\/div><\/div>\n","protected":false},"excerpt":{"rendered":"<p>Applicazione mobile Slotrize per Android e iOS Con Slotrize App, gli utenti italiani non sono pi\u00f9 limitati dalla loro posizione o dal tempo. Puoi giocare in movimento in qualsiasi momento. Abbiamo sviluppato un software mobile compatibile con tutti i moderni dispositivi Android e iOS. Tutte le stesse funzionalit\u00e0 saranno disponibili sul tuo smartphone e tablet. [&hellip;]<\/p>\n","protected":false},"author":9,"featured_media":0,"parent":0,"menu_order":0,"comment_status":"closed","ping_status":"closed","template":"template-builder.php","meta":{"_acf_changed":false,"inline_featured_image":false,"footnotes":""},"class_list":["post-1417","page","type-page","status-publish","hentry"],"acf":[],"yoast_head":"<!-- This site is optimized with the Yoast SEO plugin v24.4 - https:\/\/yoast.com\/wordpress\/plugins\/seo\/ -->\n<title>Slotrize App | Casin\u00f2 mobile per Android e iOS<\/title>\n<meta name=\"description\" content=\"Con ufficiale Slot Rize app, l&#039;intera libreria di giochi sta in tasca. I giocatori possono godere di un gameplay entusiasmante, aggiornamenti regolari e accesso sicuro su qualsiasi dispositivo supportato.\" \/>\n<meta name=\"robots\" content=\"index, follow, max-snippet:-1, max-image-preview:large, max-video-preview:-1\" \/>\n<link rel=\"canonical\" href=\"https:\/\/theslotrize.com\/it\/applicazione\/\" \/>\n<meta property=\"og:locale\" content=\"it_IT\" \/>\n<meta property=\"og:type\" content=\"article\" \/>\n<meta property=\"og:title\" content=\"Slotrize App | Casin\u00f2 mobile per Android e iOS\" \/>\n<meta property=\"og:description\" content=\"Con ufficiale Slot Rize app, l&#039;intera libreria di giochi sta in tasca. I giocatori possono godere di un gameplay entusiasmante, aggiornamenti regolari e accesso sicuro su qualsiasi dispositivo supportato.\" \/>\n<meta property=\"og:url\" content=\"https:\/\/theslotrize.com\/it\/applicazione\/\" \/>\n<meta property=\"og:site_name\" content=\"slotrize\" \/>\n<meta property=\"article:modified_time\" content=\"2026-01-30T09:24:48+00:00\" \/>\n<meta name=\"twitter:card\" content=\"summary_large_image\" \/>\n<meta name=\"twitter:label1\" content=\"Est. reading time\" \/>\n\t<meta name=\"twitter:data1\" content=\"1 minuto\" \/>\n<script type=\"application\/ld+json\" class=\"yoast-schema-graph\">{\"@context\":\"https:\/\/schema.org\",\"@graph\":[{\"@type\":\"WebPage\",\"@id\":\"https:\/\/theslotrize.com\/it\/applicazione\/\",\"url\":\"https:\/\/theslotrize.com\/it\/applicazione\/\",\"name\":\"Slotrize App | Casin\u00f2 mobile per Android e iOS\",\"isPartOf\":{\"@id\":\"https:\/\/theslotrize.com\/it\/#website\"},\"datePublished\":\"2026-01-29T13:55:33+00:00\",\"dateModified\":\"2026-01-30T09:24:48+00:00\",\"description\":\"Con ufficiale Slot Rize app, l'intera libreria di giochi sta in tasca. I giocatori possono godere di un gameplay entusiasmante, aggiornamenti regolari e accesso sicuro su qualsiasi dispositivo supportato.\",\"breadcrumb\":{\"@id\":\"https:\/\/theslotrize.com\/it\/applicazione\/#breadcrumb\"},\"inLanguage\":\"it-IT\",\"potentialAction\":[{\"@type\":\"ReadAction\",\"target\":[\"https:\/\/theslotrize.com\/it\/applicazione\/\"]}]},{\"@type\":\"BreadcrumbList\",\"@id\":\"https:\/\/theslotrize.com\/it\/applicazione\/#breadcrumb\",\"itemListElement\":[{\"@type\":\"ListItem\",\"position\":1,\"name\":\"Slotrize\",\"item\":\"https:\/\/theslotrize.com\/it\/\"},{\"@type\":\"ListItem\",\"position\":2,\"name\":\"Applicazione\"}]},{\"@type\":\"WebSite\",\"@id\":\"https:\/\/theslotrize.com\/it\/#website\",\"url\":\"https:\/\/theslotrize.com\/it\/\",\"name\":\"Slotrize\",\"description\":\"\",\"publisher\":{\"@id\":\"https:\/\/theslotrize.com\/it\/#organization\"},\"potentialAction\":[{\"@type\":\"SearchAction\",\"target\":{\"@type\":\"EntryPoint\",\"urlTemplate\":\"https:\/\/theslotrize.com\/it\/?s={search_term_string}\"},\"query-input\":{\"@type\":\"PropertyValueSpecification\",\"valueRequired\":true,\"valueName\":\"search_term_string\"}}],\"inLanguage\":\"it-IT\"},{\"@type\":\"Organization\",\"@id\":\"https:\/\/theslotrize.com\/it\/#organization\",\"name\":\"Slotrize\",\"url\":\"https:\/\/theslotrize.com\/it\/\",\"logo\":{\"@type\":\"ImageObject\",\"inLanguage\":\"it-IT\",\"@id\":\"https:\/\/theslotrize.com\/it\/#\/schema\/logo\/image\/\",\"url\":\"https:\/\/theslotrize.com\/wp-content\/uploads\/2026\/01\/Slotrize-logo.png\",\"contentUrl\":\"https:\/\/theslotrize.com\/wp-content\/uploads\/2026\/01\/Slotrize-logo.png\",\"width\":54,\"height\":27,\"caption\":\"Slotrize\"},\"image\":{\"@id\":\"https:\/\/theslotrize.com\/it\/#\/schema\/logo\/image\/\"}}]}<\/script>\n<!-- \/ Yoast SEO plugin. -->","yoast_head_json":{"title":"Slotrize App | Casin\u00f2 mobile per Android e iOS","description":"Con ufficiale Slot Rize app, l'intera libreria di giochi sta in tasca. I giocatori possono godere di un gameplay entusiasmante, aggiornamenti regolari e accesso sicuro su qualsiasi dispositivo supportato.","robots":{"index":"index","follow":"follow","max-snippet":"max-snippet:-1","max-image-preview":"max-image-preview:large","max-video-preview":"max-video-preview:-1"},"canonical":"https:\/\/theslotrize.com\/it\/applicazione\/","og_locale":"it_IT","og_type":"article","og_title":"Slotrize App | Casin\u00f2 mobile per Android e iOS","og_description":"Con ufficiale Slot Rize app, l'intera libreria di giochi sta in tasca. I giocatori possono godere di un gameplay entusiasmante, aggiornamenti regolari e accesso sicuro su qualsiasi dispositivo supportato.","og_url":"https:\/\/theslotrize.com\/it\/applicazione\/","og_site_name":"slotrize","article_modified_time":"2026-01-30T09:24:48+00:00","twitter_card":"summary_large_image","twitter_misc":{"Est. reading time":"1 minuto"},"schema":{"@context":"https:\/\/schema.org","@graph":[{"@type":"WebPage","@id":"https:\/\/theslotrize.com\/it\/applicazione\/","url":"https:\/\/theslotrize.com\/it\/applicazione\/","name":"Slotrize App | Casin\u00f2 mobile per Android e iOS","isPartOf":{"@id":"https:\/\/theslotrize.com\/it\/#website"},"datePublished":"2026-01-29T13:55:33+00:00","dateModified":"2026-01-30T09:24:48+00:00","description":"Con ufficiale Slot Rize app, l'intera libreria di giochi sta in tasca. I giocatori possono godere di un gameplay entusiasmante, aggiornamenti regolari e accesso sicuro su qualsiasi dispositivo supportato.","breadcrumb":{"@id":"https:\/\/theslotrize.com\/it\/applicazione\/#breadcrumb"},"inLanguage":"it-IT","potentialAction":[{"@type":"ReadAction","target":["https:\/\/theslotrize.com\/it\/applicazione\/"]}]},{"@type":"BreadcrumbList","@id":"https:\/\/theslotrize.com\/it\/applicazione\/#breadcrumb","itemListElement":[{"@type":"ListItem","position":1,"name":"Slotrize","item":"https:\/\/theslotrize.com\/it\/"},{"@type":"ListItem","position":2,"name":"Applicazione"}]},{"@type":"WebSite","@id":"https:\/\/theslotrize.com\/it\/#website","url":"https:\/\/theslotrize.com\/it\/","name":"Slotrize","description":"","publisher":{"@id":"https:\/\/theslotrize.com\/it\/#organization"},"potentialAction":[{"@type":"SearchAction","target":{"@type":"EntryPoint","urlTemplate":"https:\/\/theslotrize.com\/it\/?s={search_term_string}"},"query-input":{"@type":"PropertyValueSpecification","valueRequired":true,"valueName":"search_term_string"}}],"inLanguage":"it-IT"},{"@type":"Organization","@id":"https:\/\/theslotrize.com\/it\/#organization","name":"Slotrize","url":"https:\/\/theslotrize.com\/it\/","logo":{"@type":"ImageObject","inLanguage":"it-IT","@id":"https:\/\/theslotrize.com\/it\/#\/schema\/logo\/image\/","url":"https:\/\/theslotrize.com\/wp-content\/uploads\/2026\/01\/Slotrize-logo.png","contentUrl":"https:\/\/theslotrize.com\/wp-content\/uploads\/2026\/01\/Slotrize-logo.png","width":54,"height":27,"caption":"Slotrize"},"image":{"@id":"https:\/\/theslotrize.com\/it\/#\/schema\/logo\/image\/"}}]}},"_links":{"self":[{"href":"https:\/\/theslotrize.com\/it\/wp-json\/wp\/v2\/pages\/1417"}],"collection":[{"href":"https:\/\/theslotrize.com\/it\/wp-json\/wp\/v2\/pages"}],"about":[{"href":"https:\/\/theslotrize.com\/it\/wp-json\/wp\/v2\/types\/page"}],"author":[{"embeddable":true,"href":"https:\/\/theslotrize.com\/it\/wp-json\/wp\/v2\/users\/9"}],"replies":[{"embeddable":true,"href":"https:\/\/theslotrize.com\/it\/wp-json\/wp\/v2\/comments?post=1417"}],"version-history":[{"count":2,"href":"https:\/\/theslotrize.com\/it\/wp-json\/wp\/v2\/pages\/1417\/revisions"}],"predecessor-version":[{"id":1694,"href":"https:\/\/theslotrize.com\/it\/wp-json\/wp\/v2\/pages\/1417\/revisions\/1694"}],"wp:attachment":[{"href":"https:\/\/theslotrize.com\/it\/wp-json\/wp\/v2\/media?parent=1417"}],"curies":[{"name":"wp","href":"https:\/\/api.w.org\/{rel}","templated":true}]}}