{"id":1429,"date":"2026-01-29T14:06:36","date_gmt":"2026-01-29T14:06:36","guid":{"rendered":"https:\/\/theslotrize.com\/bonus\/"},"modified":"2026-01-30T09:31:31","modified_gmt":"2026-01-30T09:31:31","slug":"bonus","status":"publish","type":"page","link":"https:\/\/theslotrize.com\/it\/bonus\/","title":{"rendered":"Bonus"},"content":{"rendered":"<h1>Promozioni e bonus Slotrize<\/h1>\n<p>Il nostro obiettivo \u00e8 rendere l&#8217;esperienza dei nostri clienti italiani ancora pi\u00f9 emozionante e redditizia. Ecco perch\u00e9 abbiamo creato la collezione di Slotrize bonus con molte opzioni per i nuovi giocatori e per quelli abituali. Tutti i nuovi giocatori ricevono un generoso pacchetto di benvenuto che include giri gratuiti e bonus in denaro. Gli utenti abituali possono approfittare del cashback settimanale, del Sunday Reload, del rakeback e di molte altre fantastiche opzioni.<\/p>\n<p><div class=\"banner-wrap\" aria-label=\"Banner\"><img src=\"https:\/\/theslotrize.com\/wp-content\/uploads\/2026\/01\/Desktop-banner-scaled.webp\" class=\"w-100 d-none d-lg-block img-pc main-banner-img\" alt=\"Slotrize desktop banner\" fetchpriority=\"high\" decoding=\"async\"><img src=\"https:\/\/theslotrize.com\/wp-content\/uploads\/2026\/01\/Mobile-banner.webp\" class=\"w-100 d-none d-md-block d-lg-none main-banner-img\" alt=\"Slotrize mobile banner\" fetchpriority=\"high\" decoding=\"async\"><img src=\"https:\/\/theslotrize.com\/wp-content\/uploads\/2026\/01\/Mobile-banner.webp\" class=\"w-100 d-md-none\" alt=\"Slotrize mobile banner\" fetchpriority=\"high\" decoding=\"async\"><div class=\"banner-description\">\n<div class=\"banner-title\">Bonus di benvenuto<\/div>\n<p class=\"banner-header-title\">1500 \u20ac<\/p>\n<div class=\"banner-header-AdditionalText\">+ 250 Giri gratuiti<\/div>\n<button data-item=\"homepage_banner_link\" class=\"goto m-button m-gradient-border m-button--primary m-button--large banner-button btn-orange\">\n            <div class=\"m-button-content\">\n                <span>Iscriviti ora<\/span>\n                <span><\/span>\n            <\/div>\n        <\/button>\n<\/div>\n<div class=\"WelcomePack\">\n<p><img loading=\"lazy\" decoding=\"async\" class=\"alignnone size-full wp-image-1335\" src=\"https:\/\/theslotrize.com\/wp-content\/uploads\/2026\/01\/welcome-crown.png\" alt=\"welcome crown\" width=\"25\" height=\"26\" \/><\/p>\n<div class=\"WelcomePack-Info\">Cashback settimanale fino al 25%<\/div>\n<p><img loading=\"lazy\" decoding=\"async\" class=\"alignnone size-full wp-image-1335\" src=\"https:\/\/theslotrize.com\/wp-content\/uploads\/2026\/01\/welcome-crown.png\" alt=\"welcome crown\" width=\"25\" height=\"26\" \/><\/p>\n<\/div>\n<\/div><div class=\"promotions-wrap\"><div class=\"promotion-card\" style=\"background-image: url(https:\/\/theslotrize.com\/wp-content\/uploads\/2026\/01\/First-deposit.webp);\"><h2 class=\"promotion-card__title\">Offerta sul primo deposito<\/h2><label class=\"promotion-card__offer\">100% fino a 500 \u20ac + 150 giri gratuiti<\/label><label class=\"promotion-card__description\"><\/label><div class=\"promotion-card__actions\"><button data-item=\"payments_link\" data-group=\"website_links\" class=\"goto btn btn-orange rounded-pill fw-bold px-4 m-button m-gradient-border m-button--primary m-button--large promotion-button promotion-card__action-btn\" aria-label=\"Iscriviti\"><div class=\"m-button-content\"><span class=\"promotion-button__content\">Iscriviti<\/span><\/div><\/button><button data-item=\"http:\/\/bonus_link\" data-group=\"website_links\" class=\"goto m-button m-gradient-border m-button--secondary m-button--medium promotion-card__info-btn\" aria-label=\"More information\"><div class=\"m-button-content\"><svg viewBox=\"0 0 24 24\" fill=\"none\" xmlns=\"http:\/\/www.w3.org\/2000\/svg\" class=\"m-icon m-icon-loadable\" name=\"Attention\" loading=\"false\" aria-hidden=\"true\"><path d=\"M12 22C6.477 22 2 17.522 2 12S6.477 2 12 2s10 4.478 10 10-4.477 10-10 10m-.002-13.004a.999.999 0 1 0 0-1.997.999.999 0 0 0 0 1.997M12 17a1 1 0 0 0 .993-.884L13 16l-.002-5.001-.007-.117a1 1 0 0 0-1.986 0l-.007.117L11 16l.007.117A1 1 0 0 0 12 17\" fill=\"currentColor\"><\/path><\/svg><\/div><\/button><\/div><\/div><div class=\"promotion-card\" style=\"background-image: url(https:\/\/theslotrize.com\/wp-content\/uploads\/2026\/01\/Second-deposit.webp);\"><h2 class=\"promotion-card__title\">Offerta sul secondo deposito<\/h2><label class=\"promotion-card__offer\">55% fino a 500 \u20ac + 100 giri gratuiti<\/label><label class=\"promotion-card__description\"><\/label><div class=\"promotion-card__actions\"><button data-item=\"payments_link\" data-group=\"website_links\" class=\"goto btn btn-orange rounded-pill fw-bold px-4 m-button m-gradient-border m-button--primary m-button--large promotion-button promotion-card__action-btn\" aria-label=\"Iscriviti\"><div class=\"m-button-content\"><span class=\"promotion-button__content\">Iscriviti<\/span><\/div><\/button><button data-item=\"http:\/\/bonus_link\" data-group=\"website_links\" class=\"goto m-button m-gradient-border m-button--secondary m-button--medium promotion-card__info-btn\" aria-label=\"More information\"><div class=\"m-button-content\"><svg viewBox=\"0 0 24 24\" fill=\"none\" xmlns=\"http:\/\/www.w3.org\/2000\/svg\" class=\"m-icon m-icon-loadable\" name=\"Attention\" loading=\"false\" aria-hidden=\"true\"><path d=\"M12 22C6.477 22 2 17.522 2 12S6.477 2 12 2s10 4.478 10 10-4.477 10-10 10m-.002-13.004a.999.999 0 1 0 0-1.997.999.999 0 0 0 0 1.997M12 17a1 1 0 0 0 .993-.884L13 16l-.002-5.001-.007-.117a1 1 0 0 0-1.986 0l-.007.117L11 16l.007.117A1 1 0 0 0 12 17\" fill=\"currentColor\"><\/path><\/svg><\/div><\/button><\/div><\/div><div class=\"promotion-card\" style=\"background-image: url(https:\/\/theslotrize.com\/wp-content\/uploads\/2026\/01\/Third-deposit.webp);\"><h2 class=\"promotion-card__title\">Offerta sul terzo deposito<\/h2><label class=\"promotion-card__offer\">100% fino a 500 \u20ac<\/label><label class=\"promotion-card__description\"><\/label><div class=\"promotion-card__actions\"><button data-item=\"payments_link\" data-group=\"website_links\" class=\"goto btn btn-orange rounded-pill fw-bold px-4 m-button m-gradient-border m-button--primary m-button--large promotion-button promotion-card__action-btn\" aria-label=\"Iscriviti\"><div class=\"m-button-content\"><span class=\"promotion-button__content\">Iscriviti<\/span><\/div><\/button><button data-item=\"http:\/\/bonus_link\" data-group=\"website_links\" class=\"goto m-button m-gradient-border m-button--secondary m-button--medium promotion-card__info-btn\" aria-label=\"More information\"><div class=\"m-button-content\"><svg viewBox=\"0 0 24 24\" fill=\"none\" xmlns=\"http:\/\/www.w3.org\/2000\/svg\" class=\"m-icon m-icon-loadable\" name=\"Attention\" loading=\"false\" aria-hidden=\"true\"><path d=\"M12 22C6.477 22 2 17.522 2 12S6.477 2 12 2s10 4.478 10 10-4.477 10-10 10m-.002-13.004a.999.999 0 1 0 0-1.997.999.999 0 0 0 0 1.997M12 17a1 1 0 0 0 .993-.884L13 16l-.002-5.001-.007-.117a1 1 0 0 0-1.986 0l-.007.117L11 16l.007.117A1 1 0 0 0 12 17\" fill=\"currentColor\"><\/path><\/svg><\/div><\/button><\/div><\/div><div class=\"promotion-card\" style=\"background-image: url(https:\/\/theslotrize.com\/wp-content\/uploads\/2026\/01\/Cashback.webp);\"><h2 class=\"promotion-card__title\">Cashback settimanale<\/h2><label class=\"promotion-card__offer\">fino al 25%<\/label><label class=\"promotion-card__description\"><\/label><div class=\"promotion-card__actions\"><button data-item=\"payments_link\" data-group=\"website_links\" class=\"goto btn btn-orange rounded-pill fw-bold px-4 m-button m-gradient-border m-button--primary m-button--large promotion-button promotion-card__action-btn\" aria-label=\"Iscriviti\"><div class=\"m-button-content\"><span class=\"promotion-button__content\">Iscriviti<\/span><\/div><\/button><button data-item=\"http:\/\/bonus_link\" data-group=\"website_links\" class=\"goto m-button m-gradient-border m-button--secondary m-button--medium promotion-card__info-btn\" aria-label=\"More information\"><div class=\"m-button-content\"><svg viewBox=\"0 0 24 24\" fill=\"none\" xmlns=\"http:\/\/www.w3.org\/2000\/svg\" class=\"m-icon m-icon-loadable\" name=\"Attention\" loading=\"false\" aria-hidden=\"true\"><path d=\"M12 22C6.477 22 2 17.522 2 12S6.477 2 12 2s10 4.478 10 10-4.477 10-10 10m-.002-13.004a.999.999 0 1 0 0-1.997.999.999 0 0 0 0 1.997M12 17a1 1 0 0 0 .993-.884L13 16l-.002-5.001-.007-.117a1 1 0 0 0-1.986 0l-.007.117L11 16l.007.117A1 1 0 0 0 12 17\" fill=\"currentColor\"><\/path><\/svg><\/div><\/button><\/div><\/div><div class=\"promotion-card\" style=\"background-image: url(https:\/\/theslotrize.com\/wp-content\/uploads\/2026\/01\/Sunday-reload.webp);\"><h2 class=\"promotion-card__title\">Ricarica domenicale<\/h2><label class=\"promotion-card__offer\">25% fino a \u20ac 100<\/label><label class=\"promotion-card__description\"><\/label><div class=\"promotion-card__actions\"><button data-item=\"payments_link\" data-group=\"website_links\" class=\"goto btn btn-orange rounded-pill fw-bold px-4 m-button m-gradient-border m-button--primary m-button--large promotion-button promotion-card__action-btn\" aria-label=\"Iscriviti\"><div class=\"m-button-content\"><span class=\"promotion-button__content\">Iscriviti<\/span><\/div><\/button><button data-item=\"http:\/\/bonus_link\" data-group=\"website_links\" class=\"goto m-button m-gradient-border m-button--secondary m-button--medium promotion-card__info-btn\" aria-label=\"More information\"><div class=\"m-button-content\"><svg viewBox=\"0 0 24 24\" fill=\"none\" xmlns=\"http:\/\/www.w3.org\/2000\/svg\" class=\"m-icon m-icon-loadable\" name=\"Attention\" loading=\"false\" aria-hidden=\"true\"><path d=\"M12 22C6.477 22 2 17.522 2 12S6.477 2 12 2s10 4.478 10 10-4.477 10-10 10m-.002-13.004a.999.999 0 1 0 0-1.997.999.999 0 0 0 0 1.997M12 17a1 1 0 0 0 .993-.884L13 16l-.002-5.001-.007-.117a1 1 0 0 0-1.986 0l-.007.117L11 16l.007.117A1 1 0 0 0 12 17\" fill=\"currentColor\"><\/path><\/svg><\/div><\/button><\/div><\/div><div class=\"promotion-card\" style=\"background-image: url(https:\/\/theslotrize.com\/wp-content\/uploads\/2026\/01\/Rakeback.webp);\"><h2 class=\"promotion-card__title\">Rakeback<\/h2><label class=\"promotion-card__offer\">fino al 17%<\/label><label class=\"promotion-card__description\"><\/label><div class=\"promotion-card__actions\"><button data-item=\"payments_link\" data-group=\"website_links\" class=\"goto btn btn-orange rounded-pill fw-bold px-4 m-button m-gradient-border m-button--primary m-button--large promotion-button promotion-card__action-btn\" aria-label=\"Iscriviti\"><div class=\"m-button-content\"><span class=\"promotion-button__content\">Iscriviti<\/span><\/div><\/button><button data-item=\"http:\/\/bonus_link\" data-group=\"website_links\" class=\"goto m-button m-gradient-border m-button--secondary m-button--medium promotion-card__info-btn\" aria-label=\"More information\"><div class=\"m-button-content\"><svg viewBox=\"0 0 24 24\" fill=\"none\" xmlns=\"http:\/\/www.w3.org\/2000\/svg\" class=\"m-icon m-icon-loadable\" name=\"Attention\" loading=\"false\" aria-hidden=\"true\"><path d=\"M12 22C6.477 22 2 17.522 2 12S6.477 2 12 2s10 4.478 10 10-4.477 10-10 10m-.002-13.004a.999.999 0 1 0 0-1.997.999.999 0 0 0 0 1.997M12 17a1 1 0 0 0 .993-.884L13 16l-.002-5.001-.007-.117a1 1 0 0 0-1.986 0l-.007.117L11 16l.007.117A1 1 0 0 0 12 17\" fill=\"currentColor\"><\/path><\/svg><\/div><\/button><\/div><\/div><div class=\"promotion-card\" style=\"background-image: url(https:\/\/theslotrize.com\/wp-content\/uploads\/2026\/01\/Highroller.webp);\"><h2 class=\"promotion-card__title\">Bonus Highroller<\/h2><label class=\"promotion-card__offer\">50% fino a \u20ac 500<\/label><label class=\"promotion-card__description\"><\/label><div class=\"promotion-card__actions\"><button data-item=\"payments_link\" data-group=\"website_links\" class=\"goto btn btn-orange rounded-pill fw-bold px-4 m-button m-gradient-border m-button--primary m-button--large promotion-button promotion-card__action-btn\" aria-label=\"Iscriviti\"><div class=\"m-button-content\"><span class=\"promotion-button__content\">Iscriviti<\/span><\/div><\/button><button data-item=\"http:\/\/bonus_link\" data-group=\"website_links\" class=\"goto m-button m-gradient-border m-button--secondary m-button--medium promotion-card__info-btn\" aria-label=\"More information\"><div class=\"m-button-content\"><svg viewBox=\"0 0 24 24\" fill=\"none\" xmlns=\"http:\/\/www.w3.org\/2000\/svg\" class=\"m-icon m-icon-loadable\" name=\"Attention\" loading=\"false\" aria-hidden=\"true\"><path d=\"M12 22C6.477 22 2 17.522 2 12S6.477 2 12 2s10 4.478 10 10-4.477 10-10 10m-.002-13.004a.999.999 0 1 0 0-1.997.999.999 0 0 0 0 1.997M12 17a1 1 0 0 0 .993-.884L13 16l-.002-5.001-.007-.117a1 1 0 0 0-1.986 0l-.007.117L11 16l.007.117A1 1 0 0 0 12 17\" fill=\"currentColor\"><\/path><\/svg><\/div><\/button><\/div><\/div><\/div><div class=\"scrollable-content-wrap my-5\"><div class=\"scrollable-content-inner\"><h2>Offerte di benvenuto di Slotrize<\/h2>\n<p>I nuovi utenti devono registrarsi ed effettuare il loro primo deposito per iniziare a giocare con denaro reale. Si tratta di un processo rapido che non richiede troppo tempo. Per motivarti ancora di pi\u00f9, ti garantiamo che ogni nuovo giocatore registrato ricever\u00e0 automaticamente il pacchetto di benvenuto di Slot Rize Casino fino a 1.500 \u20ac + 250 giri gratuiti. Sar\u00e0 suddiviso tra i tuoi primi tre depositi, come segue:<\/p>\n<ul>\n<li>Offerta sul primo deposito del 100% fino a 500 \u20ac + 150 giri gratuiti<\/li>\n<li>Offerta sul secondo deposito del 55% fino a 500 \u20ac + 100 giri gratuiti<\/li>\n<li>Offerta sul terzo deposito del 100% fino a 500 \u20ac<\/li>\n<\/ul>\n<p>Per ottenere il bonus Slotrize per i nuovi utenti, \u00e8 necessario depositare almeno 20 \u20ac. Dopo aver attivato il pacchetto, questo sar\u00e0 disponibile per 7 giorni. I giocatori ricevono 50 giri gratuiti ogni giorno dopo aver effettuato il primo deposito. Per prelevare le vincite, l&#8217;importo del bonus Slot Rize deve essere scommesso 35 volte. Solo dopo aver soddisfatto tutti i requisiti otterrai la ricompensa.<\/p>\n<h2>Tornei e missioni su Slot Rize<\/h2>\n<p>Oltre alle nostre offerte di bonus Slotrize, abbiamo una vasta selezione di tornei. Questa categoria potrebbe essere interessante per tutti coloro che amano competere con altri giocatori. Gli eventi possono avere regole di partecipazione diverse. In alcuni casi, si diventa automaticamente partecipanti quando si inizia a giocare a determinati titoli. Altri tornei richiedono una quota di iscrizione speciale per partecipare.<\/p>\n<p>Organizziamo eventi stagionali, ma abbiamo anche tornei regolari a cui possono partecipare tutti i giocatori di Slot Rize. Attualmente, abbiamo il torneo Spinoleague con un enorme montepremi di 12.000.000 \u20ac. C&#8217;\u00e8 anche l&#8217;evento BGaming Drops, dove puoi vincere 60.000 \u20ac, e il torneo live con un montepremi di 10.000 \u20ac.<\/p>\n<p>Slotrize Casino ti sorprender\u00e0 anche con missioni interessanti. Potrai accedervi subito dopo la registrazione. All&#8217;inizio saranno missioni di benvenuto e in seguito quelle regolari. Completando semplici compiti, otterrai monete che potranno essere scambiate con fantastici premi.<\/p>\n<h2>Tutte le promozioni disponibili del casin\u00f2<\/h2>\n<p>I clienti abituali possono ottenere non solo vincite dal gioco, ma anche premi aggiuntivi sotto forma di giri gratuiti, rimborsi, fondi aggiuntivi, monete e molto altro ancora. Aggiorniamo regolarmente la collezione di bonus di Slotrize per offrirti le opzioni pi\u00f9 interessanti.<\/p>\n<p>Attualmente offriamo un cashback settimanale fino al 25%, cos\u00ec potrai recuperare una percentuale delle tue perdite. \u00c8 disponibile anche un rimborso parziale attivando il Sunday Reload del 25% fino a 100 \u20ac. \u00c8 la tua occasione per concludere ogni settimana con successo su Slotrize Casino.<\/p>\n<p>Per chi ama le puntate elevate, offriamo il bonus Slotrize per gli high roller del 50% fino a 500 \u20ac. Inoltre, c&#8217;\u00e8 anche il rakeback fino al 17%, che puoi ottenere mensilmente, settimanalmente o giornalmente a seconda del tuo status di fedelt\u00e0 Slotrize.<\/p>\n<h2>Termini e condizioni per i bonus<\/h2>\n<p>Tutte le promozioni di Slotrize Casino hanno termini e condizioni specifici. Leggili sempre prima di attivare l&#8217;offerta. Puoi scoprirli cliccando sull&#8217;offerta desiderata. Abbiamo anche una pagina dedicata ai termini dei bonus con le regole generali sulle promozioni della nostra piattaforma. Nella tabella sottostante troverai le informazioni principali sui requisiti di Slotrize.<\/p>\n<table>\n<tbody>\n<tr>\n<td>Termine<\/td>\n<td>Dettagli<\/td>\n<\/tr>\n<tr>\n<td>Deposito minimo<\/td>\n<td>\u00c8 l&#8217;importo minimo che un giocatore deve aggiungere al proprio conto per attivare una promozione.<\/td>\n<\/tr>\n<tr>\n<td>Puntata massima<\/td>\n<td>Definisce la puntata massima consentita per giro o round mentre un&#8217;offerta \u00e8 attiva, contribuendo a prevenire abusi della promozione.<\/td>\n<\/tr>\n<tr>\n<td>Contributo del gioco<\/td>\n<td>Questo requisito mostra in che modo i diversi giochi contribuiscono al completamento dei requisiti di scommessa, con alcuni giochi che contribuiscono pi\u00f9 di altri.<\/td>\n<\/tr>\n<tr>\n<td>Requisito di scommessa<\/td>\n<td>Indica quante volte l&#8217;importo del bonus deve essere scommesso prima che le vincite possano essere prelevate.<\/td>\n<\/tr>\n<tr>\n<td>Periodo di validit\u00e0<\/td>\n<td>Il limite di tempo entro il quale una promozione deve essere scommessa e completata prima della scadenza.<\/td>\n<\/tr>\n<\/tbody>\n<\/table>\n<h2>Domande frequenti<\/h2>\n<h3>Le promozioni hanno dei limiti di tempo?<\/h3>\n<p>La maggior parte delle offerte bonus di Slot Rize ha una validit\u00e0 di 7-14 giorni. Entro questo periodo, \u00e8 necessario soddisfare i requisiti per ottenere la vincita, altrimenti la promozione verr\u00e0 annullata.<\/p>\n<h3>Posso richiedere pi\u00f9 promozioni contemporaneamente?<\/h3>\n<p>Su Slotrize Casino, abbiamo una regola secondo cui \u00e8 possibile attivare una sola offerta di deposito alla volta. Ci\u00f2 non si applica ai tornei o alle missioni.<\/p>\n<h3>Posso partecipare ai tornei come nuovo giocatore?<\/h3>\n<p>Tutti i nostri giocatori, compresi i nuovi arrivati, possono partecipare ai tornei e ad altri eventi. Basta leggere i requisiti di partecipazione per fare tutto correttamente e ottenere il massimo dall&#8217;offerta.<\/p>\n<\/div><\/div><\/p>\n","protected":false},"excerpt":{"rendered":"<p>Promozioni e bonus Slotrize Il nostro obiettivo \u00e8 rendere l&#8217;esperienza dei nostri clienti italiani ancora pi\u00f9 emozionante e redditizia. Ecco perch\u00e9 abbiamo creato la collezione di Slotrize bonus con molte opzioni per i nuovi giocatori e per quelli abituali. Tutti i nuovi giocatori ricevono un generoso pacchetto di benvenuto che include giri gratuiti e bonus [&hellip;]<\/p>\n","protected":false},"author":9,"featured_media":0,"parent":0,"menu_order":0,"comment_status":"closed","ping_status":"closed","template":"template-builder.php","meta":{"_acf_changed":false,"inline_featured_image":false,"footnotes":""},"class_list":["post-1429","page","type-page","status-publish","hentry"],"acf":[],"yoast_head":"<!-- This site is optimized with the Yoast SEO plugin v24.4 - https:\/\/yoast.com\/wordpress\/plugins\/seo\/ -->\n<title>Slotrize Casino Bonuses | Offerta di benvenuto e promozioni<\/title>\n<meta name=\"description\" content=\"I Slot Rize bonuses ti offrono un inizio di gioco eccezionale con un generoso pacchetto di benvenuto e giri gratuiti. Le offerte personalizzate garantiscono a ogni giocatore un bonus extra.\" \/>\n<meta name=\"robots\" content=\"index, follow, max-snippet:-1, max-image-preview:large, max-video-preview:-1\" \/>\n<link rel=\"canonical\" href=\"https:\/\/theslotrize.com\/it\/bonus\/\" \/>\n<meta property=\"og:locale\" content=\"it_IT\" \/>\n<meta property=\"og:type\" content=\"article\" \/>\n<meta property=\"og:title\" content=\"Slotrize Casino Bonuses | Offerta di benvenuto e promozioni\" \/>\n<meta property=\"og:description\" content=\"I Slot Rize bonuses ti offrono un inizio di gioco eccezionale con un generoso pacchetto di benvenuto e giri gratuiti. Le offerte personalizzate garantiscono a ogni giocatore un bonus extra.\" \/>\n<meta property=\"og:url\" content=\"https:\/\/theslotrize.com\/it\/bonus\/\" \/>\n<meta property=\"og:site_name\" content=\"slotrize\" \/>\n<meta property=\"article:modified_time\" content=\"2026-01-30T09:31:31+00:00\" \/>\n<meta name=\"twitter:card\" content=\"summary_large_image\" \/>\n<meta name=\"twitter:label1\" content=\"Est. reading time\" \/>\n\t<meta name=\"twitter:data1\" content=\"1 minuto\" \/>\n<script type=\"application\/ld+json\" class=\"yoast-schema-graph\">{\"@context\":\"https:\/\/schema.org\",\"@graph\":[{\"@type\":\"WebPage\",\"@id\":\"https:\/\/theslotrize.com\/it\/bonus\/\",\"url\":\"https:\/\/theslotrize.com\/it\/bonus\/\",\"name\":\"Slotrize Casino Bonuses | Offerta di benvenuto e promozioni\",\"isPartOf\":{\"@id\":\"https:\/\/theslotrize.com\/it\/#website\"},\"datePublished\":\"2026-01-29T14:06:36+00:00\",\"dateModified\":\"2026-01-30T09:31:31+00:00\",\"description\":\"I Slot Rize bonuses ti offrono un inizio di gioco eccezionale con un generoso pacchetto di benvenuto e giri gratuiti. Le offerte personalizzate garantiscono a ogni giocatore un bonus extra.\",\"breadcrumb\":{\"@id\":\"https:\/\/theslotrize.com\/it\/bonus\/#breadcrumb\"},\"inLanguage\":\"it-IT\",\"potentialAction\":[{\"@type\":\"ReadAction\",\"target\":[\"https:\/\/theslotrize.com\/it\/bonus\/\"]}]},{\"@type\":\"BreadcrumbList\",\"@id\":\"https:\/\/theslotrize.com\/it\/bonus\/#breadcrumb\",\"itemListElement\":[{\"@type\":\"ListItem\",\"position\":1,\"name\":\"Slotrize\",\"item\":\"https:\/\/theslotrize.com\/it\/\"},{\"@type\":\"ListItem\",\"position\":2,\"name\":\"Bonus\"}]},{\"@type\":\"WebSite\",\"@id\":\"https:\/\/theslotrize.com\/it\/#website\",\"url\":\"https:\/\/theslotrize.com\/it\/\",\"name\":\"Slotrize\",\"description\":\"\",\"publisher\":{\"@id\":\"https:\/\/theslotrize.com\/it\/#organization\"},\"potentialAction\":[{\"@type\":\"SearchAction\",\"target\":{\"@type\":\"EntryPoint\",\"urlTemplate\":\"https:\/\/theslotrize.com\/it\/?s={search_term_string}\"},\"query-input\":{\"@type\":\"PropertyValueSpecification\",\"valueRequired\":true,\"valueName\":\"search_term_string\"}}],\"inLanguage\":\"it-IT\"},{\"@type\":\"Organization\",\"@id\":\"https:\/\/theslotrize.com\/it\/#organization\",\"name\":\"Slotrize\",\"url\":\"https:\/\/theslotrize.com\/it\/\",\"logo\":{\"@type\":\"ImageObject\",\"inLanguage\":\"it-IT\",\"@id\":\"https:\/\/theslotrize.com\/it\/#\/schema\/logo\/image\/\",\"url\":\"https:\/\/theslotrize.com\/wp-content\/uploads\/2026\/01\/Slotrize-logo.png\",\"contentUrl\":\"https:\/\/theslotrize.com\/wp-content\/uploads\/2026\/01\/Slotrize-logo.png\",\"width\":54,\"height\":27,\"caption\":\"Slotrize\"},\"image\":{\"@id\":\"https:\/\/theslotrize.com\/it\/#\/schema\/logo\/image\/\"}}]}<\/script>\n<!-- \/ Yoast SEO plugin. -->","yoast_head_json":{"title":"Slotrize Casino Bonuses | Offerta di benvenuto e promozioni","description":"I Slot Rize bonuses ti offrono un inizio di gioco eccezionale con un generoso pacchetto di benvenuto e giri gratuiti. Le offerte personalizzate garantiscono a ogni giocatore un bonus extra.","robots":{"index":"index","follow":"follow","max-snippet":"max-snippet:-1","max-image-preview":"max-image-preview:large","max-video-preview":"max-video-preview:-1"},"canonical":"https:\/\/theslotrize.com\/it\/bonus\/","og_locale":"it_IT","og_type":"article","og_title":"Slotrize Casino Bonuses | Offerta di benvenuto e promozioni","og_description":"I Slot Rize bonuses ti offrono un inizio di gioco eccezionale con un generoso pacchetto di benvenuto e giri gratuiti. Le offerte personalizzate garantiscono a ogni giocatore un bonus extra.","og_url":"https:\/\/theslotrize.com\/it\/bonus\/","og_site_name":"slotrize","article_modified_time":"2026-01-30T09:31:31+00:00","twitter_card":"summary_large_image","twitter_misc":{"Est. reading time":"1 minuto"},"schema":{"@context":"https:\/\/schema.org","@graph":[{"@type":"WebPage","@id":"https:\/\/theslotrize.com\/it\/bonus\/","url":"https:\/\/theslotrize.com\/it\/bonus\/","name":"Slotrize Casino Bonuses | Offerta di benvenuto e promozioni","isPartOf":{"@id":"https:\/\/theslotrize.com\/it\/#website"},"datePublished":"2026-01-29T14:06:36+00:00","dateModified":"2026-01-30T09:31:31+00:00","description":"I Slot Rize bonuses ti offrono un inizio di gioco eccezionale con un generoso pacchetto di benvenuto e giri gratuiti. Le offerte personalizzate garantiscono a ogni giocatore un bonus extra.","breadcrumb":{"@id":"https:\/\/theslotrize.com\/it\/bonus\/#breadcrumb"},"inLanguage":"it-IT","potentialAction":[{"@type":"ReadAction","target":["https:\/\/theslotrize.com\/it\/bonus\/"]}]},{"@type":"BreadcrumbList","@id":"https:\/\/theslotrize.com\/it\/bonus\/#breadcrumb","itemListElement":[{"@type":"ListItem","position":1,"name":"Slotrize","item":"https:\/\/theslotrize.com\/it\/"},{"@type":"ListItem","position":2,"name":"Bonus"}]},{"@type":"WebSite","@id":"https:\/\/theslotrize.com\/it\/#website","url":"https:\/\/theslotrize.com\/it\/","name":"Slotrize","description":"","publisher":{"@id":"https:\/\/theslotrize.com\/it\/#organization"},"potentialAction":[{"@type":"SearchAction","target":{"@type":"EntryPoint","urlTemplate":"https:\/\/theslotrize.com\/it\/?s={search_term_string}"},"query-input":{"@type":"PropertyValueSpecification","valueRequired":true,"valueName":"search_term_string"}}],"inLanguage":"it-IT"},{"@type":"Organization","@id":"https:\/\/theslotrize.com\/it\/#organization","name":"Slotrize","url":"https:\/\/theslotrize.com\/it\/","logo":{"@type":"ImageObject","inLanguage":"it-IT","@id":"https:\/\/theslotrize.com\/it\/#\/schema\/logo\/image\/","url":"https:\/\/theslotrize.com\/wp-content\/uploads\/2026\/01\/Slotrize-logo.png","contentUrl":"https:\/\/theslotrize.com\/wp-content\/uploads\/2026\/01\/Slotrize-logo.png","width":54,"height":27,"caption":"Slotrize"},"image":{"@id":"https:\/\/theslotrize.com\/it\/#\/schema\/logo\/image\/"}}]}},"_links":{"self":[{"href":"https:\/\/theslotrize.com\/it\/wp-json\/wp\/v2\/pages\/1429"}],"collection":[{"href":"https:\/\/theslotrize.com\/it\/wp-json\/wp\/v2\/pages"}],"about":[{"href":"https:\/\/theslotrize.com\/it\/wp-json\/wp\/v2\/types\/page"}],"author":[{"embeddable":true,"href":"https:\/\/theslotrize.com\/it\/wp-json\/wp\/v2\/users\/9"}],"replies":[{"embeddable":true,"href":"https:\/\/theslotrize.com\/it\/wp-json\/wp\/v2\/comments?post=1429"}],"version-history":[{"count":2,"href":"https:\/\/theslotrize.com\/it\/wp-json\/wp\/v2\/pages\/1429\/revisions"}],"predecessor-version":[{"id":1703,"href":"https:\/\/theslotrize.com\/it\/wp-json\/wp\/v2\/pages\/1429\/revisions\/1703"}],"wp:attachment":[{"href":"https:\/\/theslotrize.com\/it\/wp-json\/wp\/v2\/media?parent=1429"}],"curies":[{"name":"wp","href":"https:\/\/api.w.org\/{rel}","templated":true}]}}