{"id":1457,"date":"2026-01-29T13:59:35","date_gmt":"2026-01-29T13:59:35","guid":{"rendered":"https:\/\/theslotrize.com\/login-and-registration\/"},"modified":"2026-01-30T09:28:30","modified_gmt":"2026-01-30T09:28:30","slug":"accesso-e-registrazione","status":"publish","type":"page","link":"https:\/\/theslotrize.com\/it\/accesso-e-registrazione\/","title":{"rendered":"Accesso e registrazione"},"content":{"rendered":"<h1>Accesso e registrazione a Slotrize<\/h1>\n<p>Solo un passo separa gli utenti italiani dal divertimento dei loro giochi preferiti e dai generosi bonus: il Slotrize login. Tutti i giocatori che hanno compiuto 18 anni possono registrarsi sulla nostra piattaforma. Un&#8217;altra regola consente a ogni persona di avere un solo account nel nostro casin\u00f2 online. La registrazione \u00e8 semplice e richiede al massimo 3 minuti.<\/p>\n<p><div class=\"banner-wrap\" aria-label=\"Banner\"><img src=\"https:\/\/theslotrize.com\/wp-content\/uploads\/2026\/01\/Desktop-banner-scaled.webp\" class=\"w-100 d-none d-lg-block img-pc main-banner-img\" alt=\"Slotrize desktop banner\" fetchpriority=\"high\" decoding=\"async\"><img src=\"https:\/\/theslotrize.com\/wp-content\/uploads\/2026\/01\/Mobile-banner.webp\" class=\"w-100 d-none d-md-block d-lg-none main-banner-img\" alt=\"Slotrize mobile banner\" fetchpriority=\"high\" decoding=\"async\"><img src=\"https:\/\/theslotrize.com\/wp-content\/uploads\/2026\/01\/Mobile-banner.webp\" class=\"w-100 d-md-none\" alt=\"Slotrize mobile banner\" fetchpriority=\"high\" decoding=\"async\"><div class=\"banner-description\">\n<div class=\"banner-title\">Bonus di benvenuto<\/div>\n<p class=\"banner-header-title\">1500 \u20ac<\/p>\n<div class=\"banner-header-AdditionalText\">+ 250 Giri gratuiti<\/div>\n<button data-item=\"homepage_banner_link\" class=\"goto m-button m-gradient-border m-button--primary m-button--large banner-button btn-orange\">\n            <div class=\"m-button-content\">\n                <span>Iscriviti ora<\/span>\n                <span><\/span>\n            <\/div>\n        <\/button>\n<\/div>\n<div class=\"WelcomePack\">\n<p><img loading=\"lazy\" decoding=\"async\" class=\"alignnone size-full wp-image-1335\" src=\"https:\/\/theslotrize.com\/wp-content\/uploads\/2026\/01\/welcome-crown.png\" alt=\"welcome crown\" width=\"25\" height=\"26\" \/><\/p>\n<div class=\"WelcomePack-Info\">Cashback settimanale fino al 25%<\/div>\n<p><img loading=\"lazy\" decoding=\"async\" class=\"alignnone size-full wp-image-1335\" src=\"https:\/\/theslotrize.com\/wp-content\/uploads\/2026\/01\/welcome-crown.png\" alt=\"welcome crown\" width=\"25\" height=\"26\" \/><\/p>\n<\/div>\n<\/div><div class=\"scrollable-content-wrap my-5\"><div class=\"scrollable-content-inner\"><h2>Accesso e gestione dell&#8217;account Slotrize<\/h2>\n<p>Se non \u00e8 la prima volta che accede alla nostra piattaforma, deve solo completare la procedura di accesso a Slotrize. Per farlo, dovr\u00e0 inserire i dati personali utilizzati al momento della registrazione, come l&#8217;indirizzo e-mail e la password. L&#8217;intera procedura richiede meno di un minuto.<\/p>\n<p>Una volta effettuato l&#8217;accesso, i giocatori possono accedere all&#8217;intera collezione di giochi e giocare con denaro reale. Inoltre, l&#8217;accesso a Slot Rize ti consente di utilizzare molte funzioni e strumenti utili che renderanno la tua esperienza pi\u00f9 piacevole e personalizzata.<\/p>\n<p>Prima di tutto, puoi gestire le tue informazioni personali e di pagamento in qualsiasi momento. Gli utenti hanno anche accesso alla cronologia delle loro attivit\u00e0, inclusi il tempo di gioco, i bonus, i depositi, le scommesse e altre statistiche importanti. Se accedi al tuo account Slotrize Casino, avrai a disposizione anche strumenti per il gioco responsabile.<\/p>\n<h3>Come recuperare le informazioni di accesso<\/h3>\n<p>Non preoccuparti se hai dimenticato alcune delle tue informazioni di accesso. Abbiamo una funzione speciale di reimpostazione della password che ti aiuter\u00e0 in questo caso. Segui le nostre istruzioni qui sotto per rendere questo processo rapido e senza stress:<\/p>\n<ol>\n<li>Vai alla pagina di accesso di Slotrize.<\/li>\n<li>Segui il link &#8220;Hai dimenticato la password?&#8221;.<\/li>\n<li>Nel modulo che appare, inserisci l&#8217;indirizzo e-mail che hai utilizzato al momento della registrazione.<\/li>\n<li>Riceverai un&#8217;e-mail con il link per reimpostare la password. Devi cliccarci sopra.<\/li>\n<li>Ora dovrai creare una nuova password da utilizzare al tuo prossimo accesso.<\/li>\n<\/ol>\n<h2>Processo di registrazione rapida su Slotrize<\/h2>\n<p>Tutti gli utenti possono provare alcuni dei nostri titoli in modalit\u00e0 demo senza registrarsi e senza effettuare un deposito. \u00c8 un&#8217;ottima opzione per trovare qualcosa di nuovo e capire se Slot Rize Casino \u00e8 adatto ai tuoi gusti. Ma per giocare con soldi veri, accedere ai bonus, effettuare pagamenti e utilizzare il team di assistenza 24 ore su 24, 7 giorni su 7, gli utenti devono creare un account.<\/p>\n<p>Non importa quale dispositivo utilizzi. Per la registrazione richiediamo solo il tuo indirizzo e-mail e la password. Successivamente, dovrai compilare il modulo con informazioni pi\u00f9 dettagliate. Sono necessarie per il futuro processo di verifica.<\/p>\n<p>Alcune persone potrebbero temere che, fornendo le proprie informazioni personali, queste possano finire nelle mani di terzi. Slotrize \u00e8 un casin\u00f2 online autorizzato che segue tutti i protocolli di sicurezza per proteggere i propri clienti. Utilizziamo politiche di password complesse, 2FA, CAPTCHA e sistemi anti-bot per mantenere sicuro il tuo profilo. Inoltre, tutte le nostre informazioni personali e le transazioni sono protette dall&#8217;innovativa crittografia 1.3 TLS.<\/p>\n<h3>Come impostare il tuo profilo<\/h3>\n<p>La registrazione su Slotrize Casino \u00e8 semplice anche per un principiante che non ha mai visitato un casin\u00f2 online prima d&#8217;ora. Era importante renderla semplice in modo che le persone potessero iniziare a giocare il prima possibile. La tabella sottostante ti aiuter\u00e0 a comprendere ogni fase di questo percorso.<\/p>\n<table>\n<tbody>\n<tr>\n<td>Passaggio<\/td>\n<td>Dettagli<\/td>\n<\/tr>\n<tr>\n<td>Clicca sul pulsante &#8220;Registrati&#8221; sul nostro sito web<\/td>\n<td>Il pulsante si trova nell&#8217;angolo in alto a destra. Per evitare frodi, utilizza solo il nostro sito web ufficiale.<\/td>\n<\/tr>\n<tr>\n<td>Compila il modulo di registrazione<\/td>\n<td>Devi fornire il tuo indirizzo e-mail e creare una password sicura.<\/td>\n<\/tr>\n<tr>\n<td>Conferma la tua et\u00e0 e accetta le regole<\/td>\n<td>Per registrarsi su Slot Rize, un giocatore deve avere almeno 18 anni. \u00c8 inoltre necessario accettare i termini e le condizioni.<\/td>\n<\/tr>\n<tr>\n<td>Clicca su &#8220;Registrati&#8221; alla fine del modulo<\/td>\n<td>Dopo aver ricontrollato tutti i dati inseriti, confermare.<\/td>\n<\/tr>\n<tr>\n<td>Inserisci le informazioni aggiuntive<\/td>\n<td>Verr\u00e0 visualizzato un altro modulo in cui dovrai inserire il tuo nome completo, la data di nascita e il numero di telefono. Gli utenti possono saltare questo passaggio e completarlo in un secondo momento.<\/td>\n<\/tr>\n<tr>\n<td>Clicca su &#8220;Salva&#8221; per creare un account<\/td>\n<td>Dopo aver completato il passaggio finale, potrai iniziare ufficialmente a giocare su Slotrize Casino senza alcuna limitazione.<\/td>\n<\/tr>\n<\/tbody>\n<\/table>\n<h3>Processo di verifica<\/h3>\n<p>Il processo di verifica KYC \u00e8 un passaggio essenziale della nostra politica di sicurezza. Dobbiamo verificare la tua identit\u00e0, et\u00e0, indirizzo di residenza e titolarit\u00e0 del conto di pagamento. Per questo motivo, prima di effettuare il primo prelievo, ti verr\u00e0 chiesto di caricare copie dei tuoi documenti personali sulla piattaforma. I nostri responsabili li controlleranno il pi\u00f9 rapidamente possibile e ti risponderanno. Dopodich\u00e9, gli utenti di Slotrize Casino non avranno alcun ritardo nell&#8217;effettuare un prelievo.<\/p>\n<h2>Domande frequenti<\/h2>\n<h3>Quanto tempo occorre per verificare il mio account?<\/h3>\n<p>In base alle regole di verifica KYC di Slotrize, i nostri responsabili devono controllare i tuoi documenti entro 48 ore. Puoi vedere lo stato di avanzamento del processo nel tuo account personale.<\/p>\n<h3>Come posso proteggere il mio profilo oltre a creare una password complessa?<\/h3>\n<p>Dopo la registrazione, puoi abilitare l&#8217;autenticazione a due fattori. In questo caso, ogni volta che effettui l&#8217;accesso, dovrai dimostrare la tua identit\u00e0 tramite SMS o un&#8217;app speciale. Se desideri conoscere altre misure, contatta il nostro team di assistenza multilingue tramite live chat o e-mail.<\/p>\n<h3>\u00c8 necessaria la registrazione per effettuare depositi?<\/h3>\n<p>Tutti i giocatori devono creare un account per effettuare depositi e giocare con denaro reale. Senza registrazione su Slot Rize, potrai solo provare alcuni dei nostri titoli in modalit\u00e0 demo. In questo caso, giocherai con denaro reale ma non potrai incassare le vincite.<\/p>\n<\/div><\/div><\/p>\n","protected":false},"excerpt":{"rendered":"<p>Accesso e registrazione a Slotrize Solo un passo separa gli utenti italiani dal divertimento dei loro giochi preferiti e dai generosi bonus: il Slotrize login. Tutti i giocatori che hanno compiuto 18 anni possono registrarsi sulla nostra piattaforma. Un&#8217;altra regola consente a ogni persona di avere un solo account nel nostro casin\u00f2 online. La registrazione [&hellip;]<\/p>\n","protected":false},"author":9,"featured_media":0,"parent":0,"menu_order":0,"comment_status":"closed","ping_status":"closed","template":"template-builder.php","meta":{"_acf_changed":false,"inline_featured_image":false,"footnotes":""},"class_list":["post-1457","page","type-page","status-publish","hentry"],"acf":[],"yoast_head":"<!-- This site is optimized with the Yoast SEO plugin v24.4 - https:\/\/yoast.com\/wordpress\/plugins\/seo\/ -->\n<title>Slotrize Login | Accedi o crea un account<\/title>\n<meta name=\"description\" content=\"Slot Rize login ti consente di accedere facilmente alla tua dashboard, inclusi depositi, prelievi e monitoraggio dei bonus. La registrazione per i nuovi utenti richiede solo pochi secondi e garantisce la massima sicurezza.\" \/>\n<meta name=\"robots\" content=\"index, follow, max-snippet:-1, max-image-preview:large, max-video-preview:-1\" \/>\n<link rel=\"canonical\" href=\"https:\/\/theslotrize.com\/it\/accesso-e-registrazione\/\" \/>\n<meta property=\"og:locale\" content=\"it_IT\" \/>\n<meta property=\"og:type\" content=\"article\" \/>\n<meta property=\"og:title\" content=\"Slotrize Login | Accedi o crea un account\" \/>\n<meta property=\"og:description\" content=\"Slot Rize login ti consente di accedere facilmente alla tua dashboard, inclusi depositi, prelievi e monitoraggio dei bonus. La registrazione per i nuovi utenti richiede solo pochi secondi e garantisce la massima sicurezza.\" \/>\n<meta property=\"og:url\" content=\"https:\/\/theslotrize.com\/it\/accesso-e-registrazione\/\" \/>\n<meta property=\"og:site_name\" content=\"slotrize\" \/>\n<meta property=\"article:modified_time\" content=\"2026-01-30T09:28:30+00:00\" \/>\n<meta name=\"twitter:card\" content=\"summary_large_image\" \/>\n<meta name=\"twitter:label1\" content=\"Est. reading time\" \/>\n\t<meta name=\"twitter:data1\" content=\"1 minuto\" \/>\n<script type=\"application\/ld+json\" class=\"yoast-schema-graph\">{\"@context\":\"https:\/\/schema.org\",\"@graph\":[{\"@type\":\"WebPage\",\"@id\":\"https:\/\/theslotrize.com\/it\/accesso-e-registrazione\/\",\"url\":\"https:\/\/theslotrize.com\/it\/accesso-e-registrazione\/\",\"name\":\"Slotrize Login | Accedi o crea un account\",\"isPartOf\":{\"@id\":\"https:\/\/theslotrize.com\/it\/#website\"},\"datePublished\":\"2026-01-29T13:59:35+00:00\",\"dateModified\":\"2026-01-30T09:28:30+00:00\",\"description\":\"Slot Rize login ti consente di accedere facilmente alla tua dashboard, inclusi depositi, prelievi e monitoraggio dei bonus. La registrazione per i nuovi utenti richiede solo pochi secondi e garantisce la massima sicurezza.\",\"breadcrumb\":{\"@id\":\"https:\/\/theslotrize.com\/it\/accesso-e-registrazione\/#breadcrumb\"},\"inLanguage\":\"it-IT\",\"potentialAction\":[{\"@type\":\"ReadAction\",\"target\":[\"https:\/\/theslotrize.com\/it\/accesso-e-registrazione\/\"]}]},{\"@type\":\"BreadcrumbList\",\"@id\":\"https:\/\/theslotrize.com\/it\/accesso-e-registrazione\/#breadcrumb\",\"itemListElement\":[{\"@type\":\"ListItem\",\"position\":1,\"name\":\"Slotrize\",\"item\":\"https:\/\/theslotrize.com\/it\/\"},{\"@type\":\"ListItem\",\"position\":2,\"name\":\"Accesso e registrazione\"}]},{\"@type\":\"WebSite\",\"@id\":\"https:\/\/theslotrize.com\/it\/#website\",\"url\":\"https:\/\/theslotrize.com\/it\/\",\"name\":\"Slotrize\",\"description\":\"\",\"publisher\":{\"@id\":\"https:\/\/theslotrize.com\/it\/#organization\"},\"potentialAction\":[{\"@type\":\"SearchAction\",\"target\":{\"@type\":\"EntryPoint\",\"urlTemplate\":\"https:\/\/theslotrize.com\/it\/?s={search_term_string}\"},\"query-input\":{\"@type\":\"PropertyValueSpecification\",\"valueRequired\":true,\"valueName\":\"search_term_string\"}}],\"inLanguage\":\"it-IT\"},{\"@type\":\"Organization\",\"@id\":\"https:\/\/theslotrize.com\/it\/#organization\",\"name\":\"Slotrize\",\"url\":\"https:\/\/theslotrize.com\/it\/\",\"logo\":{\"@type\":\"ImageObject\",\"inLanguage\":\"it-IT\",\"@id\":\"https:\/\/theslotrize.com\/it\/#\/schema\/logo\/image\/\",\"url\":\"https:\/\/theslotrize.com\/wp-content\/uploads\/2026\/01\/Slotrize-logo.png\",\"contentUrl\":\"https:\/\/theslotrize.com\/wp-content\/uploads\/2026\/01\/Slotrize-logo.png\",\"width\":54,\"height\":27,\"caption\":\"Slotrize\"},\"image\":{\"@id\":\"https:\/\/theslotrize.com\/it\/#\/schema\/logo\/image\/\"}}]}<\/script>\n<!-- \/ Yoast SEO plugin. -->","yoast_head_json":{"title":"Slotrize Login | Accedi o crea un account","description":"Slot Rize login ti consente di accedere facilmente alla tua dashboard, inclusi depositi, prelievi e monitoraggio dei bonus. La registrazione per i nuovi utenti richiede solo pochi secondi e garantisce la massima sicurezza.","robots":{"index":"index","follow":"follow","max-snippet":"max-snippet:-1","max-image-preview":"max-image-preview:large","max-video-preview":"max-video-preview:-1"},"canonical":"https:\/\/theslotrize.com\/it\/accesso-e-registrazione\/","og_locale":"it_IT","og_type":"article","og_title":"Slotrize Login | Accedi o crea un account","og_description":"Slot Rize login ti consente di accedere facilmente alla tua dashboard, inclusi depositi, prelievi e monitoraggio dei bonus. La registrazione per i nuovi utenti richiede solo pochi secondi e garantisce la massima sicurezza.","og_url":"https:\/\/theslotrize.com\/it\/accesso-e-registrazione\/","og_site_name":"slotrize","article_modified_time":"2026-01-30T09:28:30+00:00","twitter_card":"summary_large_image","twitter_misc":{"Est. reading time":"1 minuto"},"schema":{"@context":"https:\/\/schema.org","@graph":[{"@type":"WebPage","@id":"https:\/\/theslotrize.com\/it\/accesso-e-registrazione\/","url":"https:\/\/theslotrize.com\/it\/accesso-e-registrazione\/","name":"Slotrize Login | Accedi o crea un account","isPartOf":{"@id":"https:\/\/theslotrize.com\/it\/#website"},"datePublished":"2026-01-29T13:59:35+00:00","dateModified":"2026-01-30T09:28:30+00:00","description":"Slot Rize login ti consente di accedere facilmente alla tua dashboard, inclusi depositi, prelievi e monitoraggio dei bonus. La registrazione per i nuovi utenti richiede solo pochi secondi e garantisce la massima sicurezza.","breadcrumb":{"@id":"https:\/\/theslotrize.com\/it\/accesso-e-registrazione\/#breadcrumb"},"inLanguage":"it-IT","potentialAction":[{"@type":"ReadAction","target":["https:\/\/theslotrize.com\/it\/accesso-e-registrazione\/"]}]},{"@type":"BreadcrumbList","@id":"https:\/\/theslotrize.com\/it\/accesso-e-registrazione\/#breadcrumb","itemListElement":[{"@type":"ListItem","position":1,"name":"Slotrize","item":"https:\/\/theslotrize.com\/it\/"},{"@type":"ListItem","position":2,"name":"Accesso e registrazione"}]},{"@type":"WebSite","@id":"https:\/\/theslotrize.com\/it\/#website","url":"https:\/\/theslotrize.com\/it\/","name":"Slotrize","description":"","publisher":{"@id":"https:\/\/theslotrize.com\/it\/#organization"},"potentialAction":[{"@type":"SearchAction","target":{"@type":"EntryPoint","urlTemplate":"https:\/\/theslotrize.com\/it\/?s={search_term_string}"},"query-input":{"@type":"PropertyValueSpecification","valueRequired":true,"valueName":"search_term_string"}}],"inLanguage":"it-IT"},{"@type":"Organization","@id":"https:\/\/theslotrize.com\/it\/#organization","name":"Slotrize","url":"https:\/\/theslotrize.com\/it\/","logo":{"@type":"ImageObject","inLanguage":"it-IT","@id":"https:\/\/theslotrize.com\/it\/#\/schema\/logo\/image\/","url":"https:\/\/theslotrize.com\/wp-content\/uploads\/2026\/01\/Slotrize-logo.png","contentUrl":"https:\/\/theslotrize.com\/wp-content\/uploads\/2026\/01\/Slotrize-logo.png","width":54,"height":27,"caption":"Slotrize"},"image":{"@id":"https:\/\/theslotrize.com\/it\/#\/schema\/logo\/image\/"}}]}},"_links":{"self":[{"href":"https:\/\/theslotrize.com\/it\/wp-json\/wp\/v2\/pages\/1457"}],"collection":[{"href":"https:\/\/theslotrize.com\/it\/wp-json\/wp\/v2\/pages"}],"about":[{"href":"https:\/\/theslotrize.com\/it\/wp-json\/wp\/v2\/types\/page"}],"author":[{"embeddable":true,"href":"https:\/\/theslotrize.com\/it\/wp-json\/wp\/v2\/users\/9"}],"replies":[{"embeddable":true,"href":"https:\/\/theslotrize.com\/it\/wp-json\/wp\/v2\/comments?post=1457"}],"version-history":[{"count":1,"href":"https:\/\/theslotrize.com\/it\/wp-json\/wp\/v2\/pages\/1457\/revisions"}],"predecessor-version":[{"id":1695,"href":"https:\/\/theslotrize.com\/it\/wp-json\/wp\/v2\/pages\/1457\/revisions\/1695"}],"wp:attachment":[{"href":"https:\/\/theslotrize.com\/it\/wp-json\/wp\/v2\/media?parent=1457"}],"curies":[{"name":"wp","href":"https:\/\/api.w.org\/{rel}","templated":true}]}}