{"id":1419,"date":"2026-01-29T13:55:33","date_gmt":"2026-01-29T13:55:33","guid":{"rendered":"https:\/\/theslotrize.com\/app\/"},"modified":"2026-01-30T09:48:33","modified_gmt":"2026-01-30T09:48:33","slug":"aplikacja","status":"publish","type":"page","link":"https:\/\/theslotrize.com\/pl\/aplikacja\/","title":{"rendered":"Aplikacja"},"content":{"rendered":"<h1>Aplikacja mobilna Slotrize na Androida i iOS<\/h1>\n<p>Dzi\u0119ki Slotrize App Polscy u\u017cytkownicy nie s\u0105 ju\u017c ograniczeni lokalizacj\u0105 ani czasem. Mo\u017cesz gra\u0107 w dowolnym momencie, gdziekolwiek jeste\u015b. Opracowali\u015bmy oprogramowanie mobilne, kt\u00f3re jest kompatybilne ze wszystkimi nowoczesnymi urz\u0105dzeniami z systemem Android i iOS. Wszystkie te same funkcje b\u0119d\u0105 dost\u0119pne na Twoim smartfonie i tablecie. Instalacja jest \u0142atwa i mo\u017cna j\u0105 przeprowadzi\u0107 z poziomu naszej strony internetowej Slotrize Casino.<\/p>\n<p><div class=\"banner-wrap\" aria-label=\"Banner\"><img src=\"https:\/\/theslotrize.com\/wp-content\/uploads\/2026\/01\/Desktop-banner-scaled.webp\" class=\"w-100 d-none d-lg-block img-pc main-banner-img\" alt=\"Slotrize desktop banner\" fetchpriority=\"high\" decoding=\"async\"><img src=\"https:\/\/theslotrize.com\/wp-content\/uploads\/2026\/01\/Mobile-banner.webp\" class=\"w-100 d-none d-md-block d-lg-none main-banner-img\" alt=\"Slotrize mobile banner\" fetchpriority=\"high\" decoding=\"async\"><img src=\"https:\/\/theslotrize.com\/wp-content\/uploads\/2026\/01\/Mobile-banner.webp\" class=\"w-100 d-md-none\" alt=\"Slotrize mobile banner\" fetchpriority=\"high\" decoding=\"async\"><div class=\"banner-description\">\n<div class=\"banner-title\">Bonusy powitalne<\/div>\n<p class=\"banner-header-title\">1500 \u20ac<\/p>\n<div class=\"banner-header-AdditionalText\">+ 250 Darmowe spiny<\/div>\n<button data-item=\"homepage_banner_link\" class=\"goto m-button m-gradient-border m-button--primary m-button--large banner-button btn-orange\">\n            <div class=\"m-button-content\">\n                <span>Zarejestruj si\u0119 teraz<\/span>\n                <span><\/span>\n            <\/div>\n        <\/button>\n<\/div>\n<div class=\"WelcomePack\">\n<p><img loading=\"lazy\" decoding=\"async\" class=\"alignnone size-full wp-image-1335\" src=\"https:\/\/theslotrize.com\/wp-content\/uploads\/2026\/01\/welcome-crown.png\" alt=\"welcome crown\" width=\"25\" height=\"26\" \/><\/p>\n<div class=\"WelcomePack-Info\">Cotygodniowy zwrot got\u00f3wki do 25%<\/div>\n<p><img loading=\"lazy\" decoding=\"async\" class=\"alignnone size-full wp-image-1335\" src=\"https:\/\/theslotrize.com\/wp-content\/uploads\/2026\/01\/welcome-crown.png\" alt=\"welcome crown\" width=\"25\" height=\"26\" \/><\/p>\n<\/div>\n<\/div><div class=\"scrollable-content-wrap my-5\"><div class=\"scrollable-content-inner\"><h2>Aplikacja na iPhone&#8217;y i iPady<\/h2>\n<p>Je\u015bli posiadasz urz\u0105dzenie z systemem iOS, masz wiele mo\u017cliwo\u015bci pozostawania online, gdziekolwiek jeste\u015b. Masz dwie opcje korzystania z naszej platformy: wersj\u0119 mobiln\u0105 przegl\u0105darki lub dedykowan\u0105 aplikacj\u0119. Obie b\u0119d\u0105 dzia\u0142a\u0107 p\u0142ynnie na Twoim urz\u0105dzeniu. Nie ograniczamy Ci\u0119, wi\u0119c mo\u017cesz wybra\u0107 t\u0119, kt\u00f3r\u0105 preferujesz, a nawet obie.<\/p>\n<p>Wersja mobilna Slotrize Casino nie ma \u017cadnych ogranicze\u0144. Oznacza to, \u017ce wszystkie gry, bonusy i opcje p\u0142atno\u015bci b\u0119d\u0105 dost\u0119pne niezale\u017cnie od u\u017cywanego urz\u0105dzenia. Po zalogowaniu si\u0119 na nowym gad\u017cecie wszystkie Twoje preferencje, osi\u0105gni\u0119cia i saldo zostan\u0105 zsynchronizowane.<\/p>\n<p>Korzystanie z mobilnej strony internetowej jest \u0142atwe. Wystarczy odwiedzi\u0107 Slot Rize w preferowanej przegl\u0105darce. Wygl\u0105d i nawigacja b\u0119d\u0105 ju\u017c znane u\u017cytkownikowi. Aby korzysta\u0107 z aplikacji Slotrize, nale\u017cy zako\u0144czy\u0107 proces instalacji, klikaj\u0105c przycisk \u201eAplikacja kasyna\u201d w stopce strony internetowej.<\/p>\n<p><img loading=\"lazy\" decoding=\"async\" src=\"https:\/\/theslotrize.com\/wp-content\/uploads\/2026\/01\/Slotrize-iOS.webp\" alt=\"Slotrize iOS\" width=\"1248\" height=\"536\" \/><\/p>\n<\/div><\/div><div style=\"clear: both\"><\/div><div class=\"d-flex justify-content-center\"><button data-item=\"decouvrez_link\" data-group=\"website_links\" class=\"goto fw-bold rounded-pill btn btn-orange\" aria-label=\"Pobierz aplikacj\u0119 Slotrize\" >Pobierz aplikacj\u0119 Slotrize<\/button><\/div><div class=\"scrollable-content-wrap my-5\"><div class=\"scrollable-content-inner\"><h2>Slotrize dla macOS lub Windows<\/h2>\n<p>Nie ma \u017cadnego problemu, je\u015bli chcesz gra\u0107 w automaty online, gry sto\u0142owe, gry z krupierem na \u017cywo i wiele innych na swoim komputerze. Wszystkie tytu\u0142y z naszej ogromnej kolekcji gier dostosuj\u0105 si\u0119 do rozmiaru ekranu Twojego komputera. Slotrize jest dost\u0119pne na macOS i Windows. Wszystkie g\u0142\u00f3wne przegl\u0105darki obs\u0142uguj\u0105 nasz\u0105 platform\u0119, w tym Google Chrome i Safari.<\/p>\n<p>Jako licencjonowane kasyno online przestrzegamy wszystkich rygorystycznych protoko\u0142\u00f3w bezpiecze\u0144stwa obowi\u0105zuj\u0105cych w bran\u017cy. Twoje dane osobowe i transakcje s\u0105 chronione za pomoc\u0105 innowacyjnego szyfrowania 1.3 TLS. Ponadto stosujemy systemy CAPTCHA i antybotowe, aby zapewni\u0107 bezpiecze\u0144stwo Twojego profilu, niezale\u017cnie od u\u017cywanego urz\u0105dzenia.<\/p>\n<h3>Jak zainstalowa\u0107 aplikacj\u0119 na komputerze<\/h3>\n<p>Aby uzyska\u0107 bardziej spersonalizowane wra\u017cenia z gry na komputerze PC lub laptopie, mo\u017cesz zainstalowa\u0107 aplikacj\u0119 Slotrize i uzyska\u0107 do niej dost\u0119p za pomoc\u0105 jednego klikni\u0119cia. Oznacza to, \u017ce nie musisz przechodzi\u0107 do przegl\u0105darki i wyszukiwa\u0107 potrzebnej strony internetowej.<\/p>\n<p>Instalacj\u0119 mo\u017cna przeprowadzi\u0107 w dowolnej przegl\u0105darce na dowolnym urz\u0105dzeniu. Skorzystaj z poni\u017cszych instrukcji, aby zrobi\u0107 to szybko i bez stresu:<\/p>\n<ol>\n<li>Odwied\u017a kasyno Slot Rize w preferowanej przegl\u0105darce.<\/li>\n<li>Kliknij przycisk z trzema kropkami w pasku adresu (w przegl\u0105darce Chrome) lub przycisk \u201eUdost\u0119pnij\u201d (w przegl\u0105darce Safari).<\/li>\n<li>Z dost\u0119pnych opcji wybierz \u201eDodaj do ekranu g\u0142\u00f3wnego\u201d.<\/li>\n<li>W razie potrzeby spersonalizuj nazw\u0119 i wygl\u0105d ikony.<\/li>\n<li>Po zatwierdzeniu zmian ikona marki pojawi si\u0119 natychmiast na ekranie g\u0142\u00f3wnym.<\/li>\n<\/ol>\n<p><img loading=\"lazy\" decoding=\"async\" src=\"https:\/\/theslotrize.com\/wp-content\/uploads\/2026\/01\/Slotrize-Desktop.webp\" alt=\"Slotrize Desktop\" width=\"1248\" height=\"536\" \/><\/p>\n<\/div><\/div><div style=\"clear: both\"><\/div><div class=\"d-flex justify-content-center\"><button data-item=\"decouvrez_link\" data-group=\"website_links\" class=\"goto fw-bold rounded-pill btn btn-orange\" aria-label=\"Pobierz Slotrize\" >Pobierz Slotrize<\/button><\/div><div class=\"scrollable-content-wrap my-5\"><div class=\"scrollable-content-inner\"><h2>Aplikacja mobilna na urz\u0105dzenia z systemem Android<\/h2>\n<p>U\u017cytkownicy Androida nie zostan\u0105 pomini\u0119ci, je\u015bli chc\u0105 wypr\u00f3bowa\u0107 nasze mobilne kasyno na swoim smartfonie lub tablecie. Otrzymasz takie same mo\u017cliwo\u015bci jak ka\u017cdy inny klient. W wersji przegl\u0105darki mobilnej mo\u017cesz korzysta\u0107 z tych samych funkcji. Je\u015bli jeste\u015b nowy na platformie Slotrize, po prostu zarejestruj si\u0119 ze swojego urz\u0105dzenia mobilnego. Przed dokonaniem pierwszej wyp\u0142aty poprosimy Ci\u0119 r\u00f3wnie\u017c o przej\u015bcie procesu weryfikacji.<\/p>\n<p>Poza tym gracze korzystaj\u0105cy z systemu Android mog\u0105 wypr\u00f3bowa\u0107 aplikacj\u0119 Slotrize za darmo. Zosta\u0142a ona opracowana zgodnie z funkcjonalno\u015bci\u0105 sterowania dotykowego. Oznacza to na przyk\u0142ad, \u017ce przyciski s\u0105 rozmieszczone tak, aby nie przeszkadza\u0142y sobie nawzajem na ma\u0142ym ekranie i zapewnia\u0142y wygodn\u0105 nawigacj\u0119. Wykorzystali\u015bmy r\u00f3wnie\u017c funkcje przesuwania i przewijania, aby nie straci\u0107 nic z wra\u017ce\u0144 z gry.<\/p>\n<h3>Jak pobra\u0107 kasyno Slotrize<\/h3>\n<p>Instalacja aplikacji Slotrize zajmuje mniej ni\u017c 3 minuty. Proces ten zosta\u0142 zaprojektowany tak, aby by\u0142 prosty i szybki. Potrzebujesz tylko urz\u0105dzenia mobilnego i stabilnego po\u0142\u0105czenia internetowego. Poni\u017csza tabela przedstawia proces krok po kroku.<\/p>\n<table>\n<tbody>\n<tr>\n<td>Krok<\/td>\n<td>Szczeg\u00f3\u0142y<\/td>\n<\/tr>\n<tr>\n<td>Wejd\u017a na nasz\u0105 stron\u0119 internetow\u0105<\/td>\n<td>U\u017cytkownicy mog\u0105 przeprowadzi\u0107 proces instalacji w dowolnej przegl\u0105darce<\/td>\n<\/tr>\n<tr>\n<td>Kliknij przycisk \u201eWi\u0119cej\u201d<\/td>\n<td>Znajduje si\u0119 on w pasku adresu i ma posta\u0107 trzech pionowych kropek<\/td>\n<\/tr>\n<tr>\n<td>Wybierz \u201eDodaj do ekranu g\u0142\u00f3wnego\u201d<\/td>\n<td>Na li\u015bcie znajd\u017a potrzebn\u0105 opcj\u0119<\/td>\n<\/tr>\n<tr>\n<td>Dostosuj przysz\u0142\u0105 ikon\u0119<\/td>\n<td>Gracze maj\u0105 mo\u017cliwo\u015b\u0107 zmiany nazwy i wygl\u0105du ikony Slotrize<\/td>\n<\/tr>\n<tr>\n<td>Kliknij \u201eDodaj\u201d, aby utworzy\u0107 ikon\u0119<\/td>\n<td>Ten krok potwierdza wszystkie poprzednie dzia\u0142ania. Po kilku sekundach ikona pojawi si\u0119 na ekranie g\u0142\u00f3wnym<\/td>\n<\/tr>\n<\/tbody>\n<\/table>\n<p><img loading=\"lazy\" decoding=\"async\" src=\"https:\/\/theslotrize.com\/wp-content\/uploads\/2026\/01\/Slotrize-Android.webp\" alt=\"Slotrize Android\" width=\"1248\" height=\"536\" \/><\/p>\n<\/div><\/div><div style=\"clear: both\"><\/div><div class=\"d-flex justify-content-center\"><button data-item=\"decouvrez_link\" data-group=\"website_links\" class=\"goto fw-bold rounded-pill btn btn-orange\" aria-label=\"Pobierz aplikacj\u0119 Slotrize\" >Pobierz aplikacj\u0119 Slotrize<\/button><\/div><\/p>\n<h2>Dlaczego warto wybra\u0107 aplikacj\u0119 Slot Rize<\/h2>\n<p>Wyb\u00f3r aplikacji Slot Rize to m\u0105dra decyzja dla graczy, kt\u00f3rzy ceni\u0105 sobie wygod\u0119, wydajno\u015b\u0107 i bezpieczny dost\u0119p do naszego kasyna online na urz\u0105dzeniach mobilnych. Oprogramowanie jest zbudowane jako progresywna aplikacja internetowa (PWA). Zapewnia doskona\u0142e wra\u017cenia bez zajmowania miejsca w pami\u0119ci i konieczno\u015bci cz\u0119stych aktualizacji.<\/p>\n<p>Interfejs jest szybki i responsywny, co pozwala na szybkie \u0142adowanie tytu\u0142\u00f3w nawet przy wolniejszych po\u0142\u0105czeniach. Intuicyjna nawigacja u\u0142atwia przegl\u0105danie wszystkich rodzaj\u00f3w gier i trwaj\u0105cych promocji. Je\u015bli napotkasz jakiekolwiek problemy lub masz pytania podczas korzystania z mobilnego kasyna, nasz zesp\u00f3\u0142 obs\u0142ugi klienta jest do Twojej dyspozycji, aby szybko i profesjonalnie pom\u00f3c Ci za po\u015brednictwem czatu na \u017cywo lub poczty elektronicznej.<\/p>\n<div class=\"scrollable-content-wrap my-5\"><div class=\"scrollable-content-inner\"><h2>Cz\u0119sto zadawane pytania<\/h2>\n<h3>Czy aktualizacje aplikacji mobilnej Slot Rize Casino s\u0105 automatyczne?<\/h3>\n<p>Poniewa\u017c jest to aplikacja progresywna, aktualizuje si\u0119 zawsze automatycznie. Nie s\u0105 wymagane \u017cadne dodatkowe dzia\u0142ania z Twojej strony. Slotrize Casino informuje klient\u00f3w o wszelkich zmianach za pomoc\u0105 powiadomie\u0144 push i wiadomo\u015bci e-mail.<\/p>\n<h3>Czy aplikacja na Androida dzia\u0142a na tabletach?<\/h3>\n<p>Oprogramowanie mobilne jest dost\u0119pne na wszystkich urz\u0105dzeniach z systemem Android, w tym smartfonach i tabletach. Aplikacja dostosowuje si\u0119 do rozmiaru i rozdzielczo\u015bci ekranu, zapewniaj\u0105c doskona\u0142e wra\u017cenia z gry.<\/p>\n<h3>Czy gry z krupierem na \u017cywo s\u0105 dost\u0119pne w wersji mobilnej?<\/h3>\n<p>Ca\u0142a kolekcja gier, obejmuj\u0105ca ponad 6.000 tytu\u0142\u00f3w, jest dost\u0119pna na urz\u0105dzeniach mobilnych, w tym gry kasynowe na \u017cywo. Wszystkie zosta\u0142y zaprojektowane z funkcj\u0105 sterowania dotykowego, dzi\u0119ki czemu mo\u017cna cieszy\u0107 si\u0119 \u0142adn\u0105 grafik\u0105 i wygodn\u0105 nawigacj\u0105.<\/p>\n<\/div><\/div>\n","protected":false},"excerpt":{"rendered":"<p>Aplikacja mobilna Slotrize na Androida i iOS Dzi\u0119ki Slotrize App Polscy u\u017cytkownicy nie s\u0105 ju\u017c ograniczeni lokalizacj\u0105 ani czasem. Mo\u017cesz gra\u0107 w dowolnym momencie, gdziekolwiek jeste\u015b. Opracowali\u015bmy oprogramowanie mobilne, kt\u00f3re jest kompatybilne ze wszystkimi nowoczesnymi urz\u0105dzeniami z systemem Android i iOS. Wszystkie te same funkcje b\u0119d\u0105 dost\u0119pne na Twoim smartfonie i tablecie. Instalacja jest \u0142atwa [&hellip;]<\/p>\n","protected":false},"author":9,"featured_media":0,"parent":0,"menu_order":0,"comment_status":"closed","ping_status":"closed","template":"template-builder.php","meta":{"_acf_changed":false,"inline_featured_image":false,"footnotes":""},"class_list":["post-1419","page","type-page","status-publish","hentry"],"acf":[],"yoast_head":"<!-- This site is optimized with the Yoast SEO plugin v24.4 - https:\/\/yoast.com\/wordpress\/plugins\/seo\/ -->\n<title>Slotrize App | Kasyno mobilne na Androida i iOS<\/title>\n<meta name=\"description\" content=\"Ca\u0142a Twoja biblioteka gier zmie\u015bci si\u0119 w kieszeni dzi\u0119ki oficjalnej Slot Rize app. Gracze otrzymuj\u0105 ekscytuj\u0105c\u0105 rozgrywk\u0119, regularne aktualizacje i bezpieczny dost\u0119p na ka\u017cdym obs\u0142ugiwanym urz\u0105dzeniu.\" \/>\n<meta name=\"robots\" content=\"index, follow, max-snippet:-1, max-image-preview:large, max-video-preview:-1\" \/>\n<link rel=\"canonical\" href=\"https:\/\/theslotrize.com\/pl\/aplikacja\/\" \/>\n<meta property=\"og:locale\" content=\"pl_PL\" \/>\n<meta property=\"og:type\" content=\"article\" \/>\n<meta property=\"og:title\" content=\"Slotrize App | Kasyno mobilne na Androida i iOS\" \/>\n<meta property=\"og:description\" content=\"Ca\u0142a Twoja biblioteka gier zmie\u015bci si\u0119 w kieszeni dzi\u0119ki oficjalnej Slot Rize app. Gracze otrzymuj\u0105 ekscytuj\u0105c\u0105 rozgrywk\u0119, regularne aktualizacje i bezpieczny dost\u0119p na ka\u017cdym obs\u0142ugiwanym urz\u0105dzeniu.\" \/>\n<meta property=\"og:url\" content=\"https:\/\/theslotrize.com\/pl\/aplikacja\/\" \/>\n<meta property=\"og:site_name\" content=\"slotrize\" \/>\n<meta property=\"article:modified_time\" content=\"2026-01-30T09:48:33+00:00\" \/>\n<meta name=\"twitter:card\" content=\"summary_large_image\" \/>\n<meta name=\"twitter:label1\" content=\"Est. reading time\" \/>\n\t<meta name=\"twitter:data1\" content=\"1 minuta\" \/>\n<script type=\"application\/ld+json\" class=\"yoast-schema-graph\">{\"@context\":\"https:\/\/schema.org\",\"@graph\":[{\"@type\":\"WebPage\",\"@id\":\"https:\/\/theslotrize.com\/pl\/aplikacja\/\",\"url\":\"https:\/\/theslotrize.com\/pl\/aplikacja\/\",\"name\":\"Slotrize App | Kasyno mobilne na Androida i iOS\",\"isPartOf\":{\"@id\":\"https:\/\/theslotrize.com\/pl\/#website\"},\"datePublished\":\"2026-01-29T13:55:33+00:00\",\"dateModified\":\"2026-01-30T09:48:33+00:00\",\"description\":\"Ca\u0142a Twoja biblioteka gier zmie\u015bci si\u0119 w kieszeni dzi\u0119ki oficjalnej Slot Rize app. Gracze otrzymuj\u0105 ekscytuj\u0105c\u0105 rozgrywk\u0119, regularne aktualizacje i bezpieczny dost\u0119p na ka\u017cdym obs\u0142ugiwanym urz\u0105dzeniu.\",\"breadcrumb\":{\"@id\":\"https:\/\/theslotrize.com\/pl\/aplikacja\/#breadcrumb\"},\"inLanguage\":\"pl-PL\",\"potentialAction\":[{\"@type\":\"ReadAction\",\"target\":[\"https:\/\/theslotrize.com\/pl\/aplikacja\/\"]}]},{\"@type\":\"BreadcrumbList\",\"@id\":\"https:\/\/theslotrize.com\/pl\/aplikacja\/#breadcrumb\",\"itemListElement\":[{\"@type\":\"ListItem\",\"position\":1,\"name\":\"Slotrize\",\"item\":\"https:\/\/theslotrize.com\/pl\/\"},{\"@type\":\"ListItem\",\"position\":2,\"name\":\"Aplikacja\"}]},{\"@type\":\"WebSite\",\"@id\":\"https:\/\/theslotrize.com\/pl\/#website\",\"url\":\"https:\/\/theslotrize.com\/pl\/\",\"name\":\"Slotrize\",\"description\":\"\",\"publisher\":{\"@id\":\"https:\/\/theslotrize.com\/pl\/#organization\"},\"potentialAction\":[{\"@type\":\"SearchAction\",\"target\":{\"@type\":\"EntryPoint\",\"urlTemplate\":\"https:\/\/theslotrize.com\/pl\/?s={search_term_string}\"},\"query-input\":{\"@type\":\"PropertyValueSpecification\",\"valueRequired\":true,\"valueName\":\"search_term_string\"}}],\"inLanguage\":\"pl-PL\"},{\"@type\":\"Organization\",\"@id\":\"https:\/\/theslotrize.com\/pl\/#organization\",\"name\":\"Slotrize\",\"url\":\"https:\/\/theslotrize.com\/pl\/\",\"logo\":{\"@type\":\"ImageObject\",\"inLanguage\":\"pl-PL\",\"@id\":\"https:\/\/theslotrize.com\/pl\/#\/schema\/logo\/image\/\",\"url\":\"https:\/\/theslotrize.com\/wp-content\/uploads\/2026\/01\/Slotrize-logo.png\",\"contentUrl\":\"https:\/\/theslotrize.com\/wp-content\/uploads\/2026\/01\/Slotrize-logo.png\",\"width\":54,\"height\":27,\"caption\":\"Slotrize\"},\"image\":{\"@id\":\"https:\/\/theslotrize.com\/pl\/#\/schema\/logo\/image\/\"}}]}<\/script>\n<!-- \/ Yoast SEO plugin. -->","yoast_head_json":{"title":"Slotrize App | Kasyno mobilne na Androida i iOS","description":"Ca\u0142a Twoja biblioteka gier zmie\u015bci si\u0119 w kieszeni dzi\u0119ki oficjalnej Slot Rize app. Gracze otrzymuj\u0105 ekscytuj\u0105c\u0105 rozgrywk\u0119, regularne aktualizacje i bezpieczny dost\u0119p na ka\u017cdym obs\u0142ugiwanym urz\u0105dzeniu.","robots":{"index":"index","follow":"follow","max-snippet":"max-snippet:-1","max-image-preview":"max-image-preview:large","max-video-preview":"max-video-preview:-1"},"canonical":"https:\/\/theslotrize.com\/pl\/aplikacja\/","og_locale":"pl_PL","og_type":"article","og_title":"Slotrize App | Kasyno mobilne na Androida i iOS","og_description":"Ca\u0142a Twoja biblioteka gier zmie\u015bci si\u0119 w kieszeni dzi\u0119ki oficjalnej Slot Rize app. Gracze otrzymuj\u0105 ekscytuj\u0105c\u0105 rozgrywk\u0119, regularne aktualizacje i bezpieczny dost\u0119p na ka\u017cdym obs\u0142ugiwanym urz\u0105dzeniu.","og_url":"https:\/\/theslotrize.com\/pl\/aplikacja\/","og_site_name":"slotrize","article_modified_time":"2026-01-30T09:48:33+00:00","twitter_card":"summary_large_image","twitter_misc":{"Est. reading time":"1 minuta"},"schema":{"@context":"https:\/\/schema.org","@graph":[{"@type":"WebPage","@id":"https:\/\/theslotrize.com\/pl\/aplikacja\/","url":"https:\/\/theslotrize.com\/pl\/aplikacja\/","name":"Slotrize App | Kasyno mobilne na Androida i iOS","isPartOf":{"@id":"https:\/\/theslotrize.com\/pl\/#website"},"datePublished":"2026-01-29T13:55:33+00:00","dateModified":"2026-01-30T09:48:33+00:00","description":"Ca\u0142a Twoja biblioteka gier zmie\u015bci si\u0119 w kieszeni dzi\u0119ki oficjalnej Slot Rize app. Gracze otrzymuj\u0105 ekscytuj\u0105c\u0105 rozgrywk\u0119, regularne aktualizacje i bezpieczny dost\u0119p na ka\u017cdym obs\u0142ugiwanym urz\u0105dzeniu.","breadcrumb":{"@id":"https:\/\/theslotrize.com\/pl\/aplikacja\/#breadcrumb"},"inLanguage":"pl-PL","potentialAction":[{"@type":"ReadAction","target":["https:\/\/theslotrize.com\/pl\/aplikacja\/"]}]},{"@type":"BreadcrumbList","@id":"https:\/\/theslotrize.com\/pl\/aplikacja\/#breadcrumb","itemListElement":[{"@type":"ListItem","position":1,"name":"Slotrize","item":"https:\/\/theslotrize.com\/pl\/"},{"@type":"ListItem","position":2,"name":"Aplikacja"}]},{"@type":"WebSite","@id":"https:\/\/theslotrize.com\/pl\/#website","url":"https:\/\/theslotrize.com\/pl\/","name":"Slotrize","description":"","publisher":{"@id":"https:\/\/theslotrize.com\/pl\/#organization"},"potentialAction":[{"@type":"SearchAction","target":{"@type":"EntryPoint","urlTemplate":"https:\/\/theslotrize.com\/pl\/?s={search_term_string}"},"query-input":{"@type":"PropertyValueSpecification","valueRequired":true,"valueName":"search_term_string"}}],"inLanguage":"pl-PL"},{"@type":"Organization","@id":"https:\/\/theslotrize.com\/pl\/#organization","name":"Slotrize","url":"https:\/\/theslotrize.com\/pl\/","logo":{"@type":"ImageObject","inLanguage":"pl-PL","@id":"https:\/\/theslotrize.com\/pl\/#\/schema\/logo\/image\/","url":"https:\/\/theslotrize.com\/wp-content\/uploads\/2026\/01\/Slotrize-logo.png","contentUrl":"https:\/\/theslotrize.com\/wp-content\/uploads\/2026\/01\/Slotrize-logo.png","width":54,"height":27,"caption":"Slotrize"},"image":{"@id":"https:\/\/theslotrize.com\/pl\/#\/schema\/logo\/image\/"}}]}},"_links":{"self":[{"href":"https:\/\/theslotrize.com\/pl\/wp-json\/wp\/v2\/pages\/1419"}],"collection":[{"href":"https:\/\/theslotrize.com\/pl\/wp-json\/wp\/v2\/pages"}],"about":[{"href":"https:\/\/theslotrize.com\/pl\/wp-json\/wp\/v2\/types\/page"}],"author":[{"embeddable":true,"href":"https:\/\/theslotrize.com\/pl\/wp-json\/wp\/v2\/users\/9"}],"replies":[{"embeddable":true,"href":"https:\/\/theslotrize.com\/pl\/wp-json\/wp\/v2\/comments?post=1419"}],"version-history":[{"count":2,"href":"https:\/\/theslotrize.com\/pl\/wp-json\/wp\/v2\/pages\/1419\/revisions"}],"predecessor-version":[{"id":1750,"href":"https:\/\/theslotrize.com\/pl\/wp-json\/wp\/v2\/pages\/1419\/revisions\/1750"}],"wp:attachment":[{"href":"https:\/\/theslotrize.com\/pl\/wp-json\/wp\/v2\/media?parent=1419"}],"curies":[{"name":"wp","href":"https:\/\/api.w.org\/{rel}","templated":true}]}}