{"id":1458,"date":"2026-01-29T13:59:35","date_gmt":"2026-01-29T13:59:35","guid":{"rendered":"https:\/\/theslotrize.com\/login-and-registration\/"},"modified":"2026-01-30T09:50:52","modified_gmt":"2026-01-30T09:50:52","slug":"logowanie-i-rejestracja","status":"publish","type":"page","link":"https:\/\/theslotrize.com\/pl\/logowanie-i-rejestracja\/","title":{"rendered":"Logowanie i rejestracja"},"content":{"rendered":"<h1>Logowanie i rejestracja w Slotrize<\/h1>\n<p>Tylko jeden krok dzieli Polscy u\u017cytkownik\u00f3w od korzystania z ulubionych gier i hojnych bonus\u00f3w \u2013 Slotrize login. Wszyscy gracze, kt\u00f3rzy uko\u0144czyli 18 lat, mog\u0105 zarejestrowa\u0107 si\u0119 na naszej platformie. Kolejna zasada pozwala ka\u017cdej osobie posiada\u0107 tylko jedno konto w naszym kasynie online. Rejestracja jest prosta i zajmuje maksymalnie 3 minuty.<\/p>\n<p><div class=\"banner-wrap\" aria-label=\"Banner\"><img src=\"https:\/\/theslotrize.com\/wp-content\/uploads\/2026\/01\/Desktop-banner-scaled.webp\" class=\"w-100 d-none d-lg-block img-pc main-banner-img\" alt=\"Slotrize desktop banner\" fetchpriority=\"high\" decoding=\"async\"><img src=\"https:\/\/theslotrize.com\/wp-content\/uploads\/2026\/01\/Mobile-banner.webp\" class=\"w-100 d-none d-md-block d-lg-none main-banner-img\" alt=\"Slotrize mobile banner\" fetchpriority=\"high\" decoding=\"async\"><img src=\"https:\/\/theslotrize.com\/wp-content\/uploads\/2026\/01\/Mobile-banner.webp\" class=\"w-100 d-md-none\" alt=\"Slotrize mobile banner\" fetchpriority=\"high\" decoding=\"async\"><div class=\"banner-description\">\n<div class=\"banner-title\">Bonusy powitalne<\/div>\n<p class=\"banner-header-title\">1500 \u20ac<\/p>\n<div class=\"banner-header-AdditionalText\">+ 250 Darmowe spiny<\/div>\n<button data-item=\"homepage_banner_link\" class=\"goto m-button m-gradient-border m-button--primary m-button--large banner-button btn-orange\">\n            <div class=\"m-button-content\">\n                <span>Zarejestruj si\u0119 teraz<\/span>\n                <span><\/span>\n            <\/div>\n        <\/button>\n<\/div>\n<div class=\"WelcomePack\">\n<p><img loading=\"lazy\" decoding=\"async\" class=\"alignnone size-full wp-image-1335\" src=\"https:\/\/theslotrize.com\/wp-content\/uploads\/2026\/01\/welcome-crown.png\" alt=\"welcome crown\" width=\"25\" height=\"26\" \/><\/p>\n<div class=\"WelcomePack-Info\">Cotygodniowy zwrot got\u00f3wki do 25%<\/div>\n<p><img loading=\"lazy\" decoding=\"async\" class=\"alignnone size-full wp-image-1335\" src=\"https:\/\/theslotrize.com\/wp-content\/uploads\/2026\/01\/welcome-crown.png\" alt=\"welcome crown\" width=\"25\" height=\"26\" \/><\/p>\n<\/div>\n<\/div><div class=\"scrollable-content-wrap my-5\"><div class=\"scrollable-content-inner\"><h2>Logowanie do Slotrize i zarz\u0105dzanie kontem<\/h2>\n<p>Je\u015bli nie jeste\u015b na naszej platformie po raz pierwszy, wystarczy, \u017ce zalogujesz si\u0119 do Slotrize. W tym celu musisz poda\u0107 dane osobowe u\u017cyte podczas rejestracji, takie jak adres e-mail i has\u0142o. Ca\u0142y proces zajmuje mniej ni\u017c minut\u0119.<\/p>\n<p>Zalogowanie si\u0119 pozwala graczom uzyska\u0107 dost\u0119p do ca\u0142ej kolekcji gier i gra\u0107 na prawdziwe pieni\u0105dze. Poza tym logowanie do Slot Rize umo\u017cliwia korzystanie z wielu wygodnych funkcji i narz\u0119dzi, kt\u00f3re sprawi\u0105, \u017ce Twoja podr\u00f3\u017c b\u0119dzie przyjemniejsza i bardziej spersonalizowana.<\/p>\n<p>Przede wszystkim mo\u017cesz w dowolnym momencie zarz\u0105dza\u0107 swoimi danymi osobowymi i informacjami dotycz\u0105cymi p\u0142atno\u015bci. U\u017cytkownicy maj\u0105 r\u00f3wnie\u017c dost\u0119p do historii swojej aktywno\u015bci, w tym czasu gry, bonus\u00f3w, wp\u0142at, zak\u0142ad\u00f3w i innych wa\u017cnych statystyk. Po zalogowaniu si\u0119 na swoje konto w kasynie Slotrize dost\u0119pne s\u0105 r\u00f3wnie\u017c narz\u0119dzia odpowiedzialnej gry.<\/p>\n<h3>Jak przywr\u00f3ci\u0107 dane logowania<\/h3>\n<p>Nie ma nic z\u0142ego w tym, \u017ce zapomnia\u0142e\u015b niekt\u00f3rych danych logowania. W takim przypadku pomocna b\u0119dzie specjalna funkcja resetowania has\u0142a. Post\u0119puj zgodnie z poni\u017cszymi instrukcjami, aby proces ten przebieg\u0142 szybko i bezstresowo:<\/p>\n<ol>\n<li>Przejd\u017a do strony logowania Slotrize.<\/li>\n<li>Kliknij link \u201eNie pami\u0119tasz has\u0142a?\u201d.<\/li>\n<li>W wy\u015bwietlonym formularzu wprowad\u017a adres e-mail u\u017cyty podczas rejestracji.<\/li>\n<li>Otrzymasz wiadomo\u015b\u0107 e-mail z linkiem do resetowania has\u0142a. Musisz na niego klikn\u0105\u0107.<\/li>\n<li>Teraz nale\u017cy utworzy\u0107 nowe has\u0142o, kt\u00f3re b\u0119dzie u\u017cywane przy nast\u0119pnym logowaniu.<\/li>\n<\/ol>\n<h2>Szybki proces rejestracji w Slotrize<\/h2>\n<p>Wszyscy u\u017cytkownicy mog\u0105 wypr\u00f3bowa\u0107 niekt\u00f3re z naszych gier w trybie demo bez rejestracji i wp\u0142acania depozytu. To \u015bwietna opcja, aby znale\u017a\u0107 co\u015b nowego dla siebie i sprawdzi\u0107, czy kasyno Slot Rize odpowiada Twoim gustom. Aby jednak gra\u0107 na prawdziwe pieni\u0105dze, uzyska\u0107 dost\u0119p do bonus\u00f3w, dokonywa\u0107 p\u0142atno\u015bci i korzysta\u0107 z pomocy zespo\u0142u wsparcia dost\u0119pnego 24 godziny na dob\u0119, 7 dni w tygodniu, u\u017cytkownicy musz\u0105 utworzy\u0107 konto.<\/p>\n<p>Nie ma znaczenia, jakiego urz\u0105dzenia u\u017cywasz. Podczas rejestracji wymagamy jedynie adresu e-mail i has\u0142a. P\u00f3\u017aniej musisz wype\u0142ni\u0107 formularz bardziej szczeg\u00f3\u0142owymi informacjami. Jest to konieczne do przysz\u0142ego procesu weryfikacji.<\/p>\n<p>Niekt\u00f3rzy mog\u0105 si\u0119 martwi\u0107, \u017ce podaj\u0105c swoje dane osobowe, mog\u0105 one trafi\u0107 do os\u00f3b trzecich. Slotrize jest licencjonowanym kasynem online, kt\u00f3re przestrzega wszystkich protoko\u0142\u00f3w bezpiecze\u0144stwa w celu ochrony swoich klient\u00f3w. Stosujemy silne zasady dotycz\u0105ce hase\u0142, 2FA, CAPTCHA i systemy antybotowe, aby zapewni\u0107 bezpiecze\u0144stwo Twojego profilu. Poza tym wszystkie nasze dane osobowe i transakcje s\u0105 chronione przez innowacyjne szyfrowanie 1.3 TLS.<\/p>\n<h3>Jak skonfigurowa\u0107 sw\u00f3j profil<\/h3>\n<p>Rejestracja w kasynie Slotrize jest prosta nawet dla nowicjuszy, kt\u00f3rzy nigdy wcze\u015bniej nie odwiedzali kasyna online. Wa\u017cne by\u0142o, aby by\u0142a ona prosta, aby ludzie mogli jak najszybciej rozpocz\u0105\u0107 gr\u0119. Poni\u017csza tabela pomo\u017ce Ci zrozumie\u0107 ka\u017cdy etap tej podr\u00f3\u017cy.<\/p>\n<table>\n<tbody>\n<tr>\n<td>Krok<\/td>\n<td>Szczeg\u00f3\u0142y<\/td>\n<\/tr>\n<tr>\n<td>Kliknij przycisk \u201eZarejestruj si\u0119\u201d na naszej stronie internetowej<\/td>\n<td>Przycisk znajduje si\u0119 w prawym g\u00f3rnym rogu. Aby unikn\u0105\u0107 oszustw, korzystaj wy\u0142\u0105cznie z naszej oficjalnej strony internetowej.<\/td>\n<\/tr>\n<tr>\n<td>Wype\u0142nij pola formularza rejestracyjnego<\/td>\n<td>Musisz poda\u0107 sw\u00f3j adres e-mail i utworzy\u0107 silne has\u0142o.<\/td>\n<\/tr>\n<tr>\n<td>Potwierd\u017a sw\u00f3j wiek i zaakceptuj regulamin<\/td>\n<td>Aby zarejestrowa\u0107 si\u0119 w Slot Rize, gracz musi mie\u0107 uko\u0144czone 18 lat. Musisz r\u00f3wnie\u017c zaakceptowa\u0107 warunki u\u017cytkowania.<\/td>\n<\/tr>\n<tr>\n<td>Kliknij \u201eZarejestruj si\u0119\u201d na ko\u0144cu formularza<\/td>\n<td>Po dok\u0142adnym sprawdzeniu wszystkich wprowadzonych danych potwierd\u017a je.<\/td>\n<\/tr>\n<tr>\n<td>Wprowad\u017a dodatkowe informacje<\/td>\n<td>Pojawi si\u0119 kolejny formularz, w kt\u00f3rym nale\u017cy poda\u0107 imi\u0119 i nazwisko, dat\u0119 urodzenia oraz numer telefonu. U\u017cytkownicy mog\u0105 pomin\u0105\u0107 ten krok i wykona\u0107 go p\u00f3\u017aniej.<\/td>\n<\/tr>\n<tr>\n<td>Kliknij \u201eZapisz\u201d, aby utworzy\u0107 konto<\/td>\n<td>Po wykonaniu ostatniego kroku mo\u017cesz oficjalnie rozpocz\u0105\u0107 gr\u0119 w kasynie Slotrize bez \u017cadnych ogranicze\u0144.<\/td>\n<\/tr>\n<\/tbody>\n<\/table>\n<h3>Proces weryfikacji<\/h3>\n<p>Proces weryfikacji KYC jest istotnym etapem naszej polityki bezpiecze\u0144stwa. Musimy potwierdzi\u0107 Twoj\u0105 to\u017csamo\u015b\u0107, wiek, adres zamieszkania i prawo w\u0142asno\u015bci do konta p\u0142atniczego. Dlatego przed dokonaniem pierwszej wyp\u0142aty zostaniesz poproszony o przes\u0142anie kopii swoich dokument\u00f3w osobistych na platform\u0119. Nasi mened\u017cerowie sprawdz\u0105 je tak szybko, jak to mo\u017cliwe, i skontaktuj\u0105 si\u0119 z Tob\u0105 z odpowiedzi\u0105. Po tym etapie u\u017cytkownicy Slotrize Casino nie maj\u0105 \u017cadnych op\u00f3\u017anie\u0144 w dokonywaniu wyp\u0142at.<\/p>\n<h2>Cz\u0119sto zadawane pytania<\/h2>\n<h3>Jak d\u0142ugo potrwa weryfikacja mojego konta?<\/h3>\n<p>Zgodnie z zasadami weryfikacji KYC obowi\u0105zuj\u0105cymi w Slotrize, nasi mened\u017cerowie musz\u0105 sprawdzi\u0107 Twoje dokumenty w ci\u0105gu 48 godzin. Post\u0119p procesu mo\u017cesz \u015bledzi\u0107 na swoim koncie osobistym.<\/p>\n<h3>Jak mog\u0119 chroni\u0107 sw\u00f3j profil opr\u00f3cz utworzenia silnego has\u0142a?<\/h3>\n<p>Po rejestracji mo\u017cesz w\u0142\u0105czy\u0107 uwierzytelnianie dwusk\u0142adnikowe. W takim przypadku przy ka\u017cdym logowaniu b\u0119dziesz musia\u0142 potwierdzi\u0107 swoj\u0105 to\u017csamo\u015b\u0107 za pomoc\u0105 SMS-a lub specjalnej aplikacji. Je\u015bli chcesz dowiedzie\u0107 si\u0119 wi\u0119cej o innych \u015brodkach bezpiecze\u0144stwa, skontaktuj si\u0119 z naszym wieloj\u0119zycznym zespo\u0142em pomocy technicznej za po\u015brednictwem czatu na \u017cywo lub poczty elektronicznej.<\/p>\n<h3>Czy do dokonywania wp\u0142at wymagana jest rejestracja?<\/h3>\n<p>Wszyscy gracze musz\u0105 za\u0142o\u017cy\u0107 konto, aby dokonywa\u0107 wp\u0142at i gra\u0107 na prawdziwe pieni\u0105dze. Bez rejestracji w Slot Rize mo\u017cesz wypr\u00f3bowa\u0107 tylko niekt\u00f3re z naszych tytu\u0142\u00f3w w trybie demo. W takim przypadku b\u0119dziesz gra\u0107 na prawdziwe pieni\u0105dze, ale nie b\u0119dziesz m\u00f3g\u0142 wyp\u0142aci\u0107 wygranych.<\/p>\n<\/div><\/div><\/p>\n","protected":false},"excerpt":{"rendered":"<p>Logowanie i rejestracja w Slotrize Tylko jeden krok dzieli Polscy u\u017cytkownik\u00f3w od korzystania z ulubionych gier i hojnych bonus\u00f3w \u2013 Slotrize login. Wszyscy gracze, kt\u00f3rzy uko\u0144czyli 18 lat, mog\u0105 zarejestrowa\u0107 si\u0119 na naszej platformie. Kolejna zasada pozwala ka\u017cdej osobie posiada\u0107 tylko jedno konto w naszym kasynie online. Rejestracja jest prosta i zajmuje maksymalnie 3 minuty.<\/p>\n","protected":false},"author":9,"featured_media":0,"parent":0,"menu_order":0,"comment_status":"closed","ping_status":"closed","template":"template-builder.php","meta":{"_acf_changed":false,"inline_featured_image":false,"footnotes":""},"class_list":["post-1458","page","type-page","status-publish","hentry"],"acf":[],"yoast_head":"<!-- This site is optimized with the Yoast SEO plugin v24.4 - https:\/\/yoast.com\/wordpress\/plugins\/seo\/ -->\n<title>Slotrize Login | Zaloguj si\u0119 lub utw\u00f3rz konto<\/title>\n<meta name=\"description\" content=\"Slot Rize login zapewnia \u0142atwy dost\u0119p do panelu, w tym do wp\u0142at, wyp\u0142at i \u015bledzenia bonus\u00f3w. Rejestracja nowych u\u017cytkownik\u00f3w zajmuje tylko kilka sekund i jest w pe\u0142ni bezpieczna.\" \/>\n<meta name=\"robots\" content=\"index, follow, max-snippet:-1, max-image-preview:large, max-video-preview:-1\" \/>\n<link rel=\"canonical\" href=\"https:\/\/theslotrize.com\/pl\/logowanie-i-rejestracja\/\" \/>\n<meta property=\"og:locale\" content=\"pl_PL\" \/>\n<meta property=\"og:type\" content=\"article\" \/>\n<meta property=\"og:title\" content=\"Slotrize Login | Zaloguj si\u0119 lub utw\u00f3rz konto\" \/>\n<meta property=\"og:description\" content=\"Slot Rize login zapewnia \u0142atwy dost\u0119p do panelu, w tym do wp\u0142at, wyp\u0142at i \u015bledzenia bonus\u00f3w. Rejestracja nowych u\u017cytkownik\u00f3w zajmuje tylko kilka sekund i jest w pe\u0142ni bezpieczna.\" \/>\n<meta property=\"og:url\" content=\"https:\/\/theslotrize.com\/pl\/logowanie-i-rejestracja\/\" \/>\n<meta property=\"og:site_name\" content=\"slotrize\" \/>\n<meta property=\"article:modified_time\" content=\"2026-01-30T09:50:52+00:00\" \/>\n<meta name=\"twitter:card\" content=\"summary_large_image\" \/>\n<meta name=\"twitter:label1\" content=\"Est. reading time\" \/>\n\t<meta name=\"twitter:data1\" content=\"1 minuta\" \/>\n<script type=\"application\/ld+json\" class=\"yoast-schema-graph\">{\"@context\":\"https:\/\/schema.org\",\"@graph\":[{\"@type\":\"WebPage\",\"@id\":\"https:\/\/theslotrize.com\/pl\/logowanie-i-rejestracja\/\",\"url\":\"https:\/\/theslotrize.com\/pl\/logowanie-i-rejestracja\/\",\"name\":\"Slotrize Login | Zaloguj si\u0119 lub utw\u00f3rz konto\",\"isPartOf\":{\"@id\":\"https:\/\/theslotrize.com\/pl\/#website\"},\"datePublished\":\"2026-01-29T13:59:35+00:00\",\"dateModified\":\"2026-01-30T09:50:52+00:00\",\"description\":\"Slot Rize login zapewnia \u0142atwy dost\u0119p do panelu, w tym do wp\u0142at, wyp\u0142at i \u015bledzenia bonus\u00f3w. Rejestracja nowych u\u017cytkownik\u00f3w zajmuje tylko kilka sekund i jest w pe\u0142ni bezpieczna.\",\"breadcrumb\":{\"@id\":\"https:\/\/theslotrize.com\/pl\/logowanie-i-rejestracja\/#breadcrumb\"},\"inLanguage\":\"pl-PL\",\"potentialAction\":[{\"@type\":\"ReadAction\",\"target\":[\"https:\/\/theslotrize.com\/pl\/logowanie-i-rejestracja\/\"]}]},{\"@type\":\"BreadcrumbList\",\"@id\":\"https:\/\/theslotrize.com\/pl\/logowanie-i-rejestracja\/#breadcrumb\",\"itemListElement\":[{\"@type\":\"ListItem\",\"position\":1,\"name\":\"Slotrize\",\"item\":\"https:\/\/theslotrize.com\/pl\/\"},{\"@type\":\"ListItem\",\"position\":2,\"name\":\"Logowanie i rejestracja\"}]},{\"@type\":\"WebSite\",\"@id\":\"https:\/\/theslotrize.com\/pl\/#website\",\"url\":\"https:\/\/theslotrize.com\/pl\/\",\"name\":\"Slotrize\",\"description\":\"\",\"publisher\":{\"@id\":\"https:\/\/theslotrize.com\/pl\/#organization\"},\"potentialAction\":[{\"@type\":\"SearchAction\",\"target\":{\"@type\":\"EntryPoint\",\"urlTemplate\":\"https:\/\/theslotrize.com\/pl\/?s={search_term_string}\"},\"query-input\":{\"@type\":\"PropertyValueSpecification\",\"valueRequired\":true,\"valueName\":\"search_term_string\"}}],\"inLanguage\":\"pl-PL\"},{\"@type\":\"Organization\",\"@id\":\"https:\/\/theslotrize.com\/pl\/#organization\",\"name\":\"Slotrize\",\"url\":\"https:\/\/theslotrize.com\/pl\/\",\"logo\":{\"@type\":\"ImageObject\",\"inLanguage\":\"pl-PL\",\"@id\":\"https:\/\/theslotrize.com\/pl\/#\/schema\/logo\/image\/\",\"url\":\"https:\/\/theslotrize.com\/wp-content\/uploads\/2026\/01\/Slotrize-logo.png\",\"contentUrl\":\"https:\/\/theslotrize.com\/wp-content\/uploads\/2026\/01\/Slotrize-logo.png\",\"width\":54,\"height\":27,\"caption\":\"Slotrize\"},\"image\":{\"@id\":\"https:\/\/theslotrize.com\/pl\/#\/schema\/logo\/image\/\"}}]}<\/script>\n<!-- \/ Yoast SEO plugin. -->","yoast_head_json":{"title":"Slotrize Login | Zaloguj si\u0119 lub utw\u00f3rz konto","description":"Slot Rize login zapewnia \u0142atwy dost\u0119p do panelu, w tym do wp\u0142at, wyp\u0142at i \u015bledzenia bonus\u00f3w. Rejestracja nowych u\u017cytkownik\u00f3w zajmuje tylko kilka sekund i jest w pe\u0142ni bezpieczna.","robots":{"index":"index","follow":"follow","max-snippet":"max-snippet:-1","max-image-preview":"max-image-preview:large","max-video-preview":"max-video-preview:-1"},"canonical":"https:\/\/theslotrize.com\/pl\/logowanie-i-rejestracja\/","og_locale":"pl_PL","og_type":"article","og_title":"Slotrize Login | Zaloguj si\u0119 lub utw\u00f3rz konto","og_description":"Slot Rize login zapewnia \u0142atwy dost\u0119p do panelu, w tym do wp\u0142at, wyp\u0142at i \u015bledzenia bonus\u00f3w. Rejestracja nowych u\u017cytkownik\u00f3w zajmuje tylko kilka sekund i jest w pe\u0142ni bezpieczna.","og_url":"https:\/\/theslotrize.com\/pl\/logowanie-i-rejestracja\/","og_site_name":"slotrize","article_modified_time":"2026-01-30T09:50:52+00:00","twitter_card":"summary_large_image","twitter_misc":{"Est. reading time":"1 minuta"},"schema":{"@context":"https:\/\/schema.org","@graph":[{"@type":"WebPage","@id":"https:\/\/theslotrize.com\/pl\/logowanie-i-rejestracja\/","url":"https:\/\/theslotrize.com\/pl\/logowanie-i-rejestracja\/","name":"Slotrize Login | Zaloguj si\u0119 lub utw\u00f3rz konto","isPartOf":{"@id":"https:\/\/theslotrize.com\/pl\/#website"},"datePublished":"2026-01-29T13:59:35+00:00","dateModified":"2026-01-30T09:50:52+00:00","description":"Slot Rize login zapewnia \u0142atwy dost\u0119p do panelu, w tym do wp\u0142at, wyp\u0142at i \u015bledzenia bonus\u00f3w. Rejestracja nowych u\u017cytkownik\u00f3w zajmuje tylko kilka sekund i jest w pe\u0142ni bezpieczna.","breadcrumb":{"@id":"https:\/\/theslotrize.com\/pl\/logowanie-i-rejestracja\/#breadcrumb"},"inLanguage":"pl-PL","potentialAction":[{"@type":"ReadAction","target":["https:\/\/theslotrize.com\/pl\/logowanie-i-rejestracja\/"]}]},{"@type":"BreadcrumbList","@id":"https:\/\/theslotrize.com\/pl\/logowanie-i-rejestracja\/#breadcrumb","itemListElement":[{"@type":"ListItem","position":1,"name":"Slotrize","item":"https:\/\/theslotrize.com\/pl\/"},{"@type":"ListItem","position":2,"name":"Logowanie i rejestracja"}]},{"@type":"WebSite","@id":"https:\/\/theslotrize.com\/pl\/#website","url":"https:\/\/theslotrize.com\/pl\/","name":"Slotrize","description":"","publisher":{"@id":"https:\/\/theslotrize.com\/pl\/#organization"},"potentialAction":[{"@type":"SearchAction","target":{"@type":"EntryPoint","urlTemplate":"https:\/\/theslotrize.com\/pl\/?s={search_term_string}"},"query-input":{"@type":"PropertyValueSpecification","valueRequired":true,"valueName":"search_term_string"}}],"inLanguage":"pl-PL"},{"@type":"Organization","@id":"https:\/\/theslotrize.com\/pl\/#organization","name":"Slotrize","url":"https:\/\/theslotrize.com\/pl\/","logo":{"@type":"ImageObject","inLanguage":"pl-PL","@id":"https:\/\/theslotrize.com\/pl\/#\/schema\/logo\/image\/","url":"https:\/\/theslotrize.com\/wp-content\/uploads\/2026\/01\/Slotrize-logo.png","contentUrl":"https:\/\/theslotrize.com\/wp-content\/uploads\/2026\/01\/Slotrize-logo.png","width":54,"height":27,"caption":"Slotrize"},"image":{"@id":"https:\/\/theslotrize.com\/pl\/#\/schema\/logo\/image\/"}}]}},"_links":{"self":[{"href":"https:\/\/theslotrize.com\/pl\/wp-json\/wp\/v2\/pages\/1458"}],"collection":[{"href":"https:\/\/theslotrize.com\/pl\/wp-json\/wp\/v2\/pages"}],"about":[{"href":"https:\/\/theslotrize.com\/pl\/wp-json\/wp\/v2\/types\/page"}],"author":[{"embeddable":true,"href":"https:\/\/theslotrize.com\/pl\/wp-json\/wp\/v2\/users\/9"}],"replies":[{"embeddable":true,"href":"https:\/\/theslotrize.com\/pl\/wp-json\/wp\/v2\/comments?post=1458"}],"version-history":[{"count":2,"href":"https:\/\/theslotrize.com\/pl\/wp-json\/wp\/v2\/pages\/1458\/revisions"}],"predecessor-version":[{"id":1752,"href":"https:\/\/theslotrize.com\/pl\/wp-json\/wp\/v2\/pages\/1458\/revisions\/1752"}],"wp:attachment":[{"href":"https:\/\/theslotrize.com\/pl\/wp-json\/wp\/v2\/media?parent=1458"}],"curies":[{"name":"wp","href":"https:\/\/api.w.org\/{rel}","templated":true}]}}